{"id":698,"date":"2022-09-09T12:31:17","date_gmt":"2022-09-09T12:31:17","guid":{"rendered":"https:\/\/startersites.io\/elementor\/gadgets\/?page_id=698"},"modified":"2026-03-09T12:13:29","modified_gmt":"2026-03-09T10:13:29","slug":"about-us-knitting-yarn-online","status":"publish","type":"page","link":"https:\/\/siulubangos.lt\/en\/apie-mus-mezgimo-siulai-internetu\/","title":{"rendered":"About Us"},"content":{"rendered":"<div data-elementor-type=\"wp-page\" data-elementor-id=\"698\" class=\"elementor elementor-698\">\n\t\t\t\t<div class=\"elementor-element elementor-element-b5edf52 e-flex e-con-boxed e-con e-parent\" data-id=\"b5edf52\" data-element_type=\"container\" data-e-type=\"container\" data-settings=\"{&quot;background_background&quot;:&quot;classic&quot;}\">\n\t\t\t\t\t<div class=\"e-con-inner\">\n\t\t\t\t<div class=\"elementor-element elementor-element-be4fce4 elementor-widget elementor-widget-heading\" data-id=\"be4fce4\" data-element_type=\"widget\" data-e-type=\"widget\" data-widget_type=\"heading.default\">\n\t\t\t\t<div class=\"elementor-widget-container\">\n\t\t\t\t\t<h2 class=\"elementor-heading-title elementor-size-default\">About Us<\/h2>\t\t\t\t<\/div>\n\t\t\t\t<\/div>\n\t\t\t\t\t<\/div>\n\t\t\t\t<\/div>\n\t\t<div class=\"wd-negative-gap elementor-element elementor-element-5a9d5e4 e-flex e-con-boxed e-con e-parent\" data-id=\"5a9d5e4\" data-element_type=\"container\" data-e-type=\"container\" data-settings=\"{&quot;background_background&quot;:&quot;classic&quot;}\">\n\t\t\t\t\t<div class=\"e-con-inner\">\n\t\t<div class=\"elementor-element elementor-element-f312493 e-con-full e-flex e-con e-child\" data-id=\"f312493\" data-element_type=\"container\" data-e-type=\"container\">\n\t\t<div class=\"elementor-element elementor-element-6330e81 e-con-full e-flex e-con e-child\" data-id=\"6330e81\" data-element_type=\"container\" data-e-type=\"container\">\n\t\t<div class=\"elementor-element elementor-element-2982711 e-con-full e-flex e-con e-child\" data-id=\"2982711\" data-element_type=\"container\" data-e-type=\"container\" data-settings=\"{&quot;background_background&quot;:&quot;classic&quot;}\">\n\t\t\t\t<div class=\"elementor-element elementor-element-af56711 elementor-widget elementor-widget-wd_image_or_svg\" data-id=\"af56711\" data-element_type=\"widget\" data-e-type=\"widget\" data-widget_type=\"wd_image_or_svg.default\">\n\t\t\t\t<div class=\"elementor-widget-container\">\n\t\t\t\t\t\n\t\t<div class=\"wd-image text-left\">\n\t\t\t\t\t\t\t\t<img loading=\"lazy\" decoding=\"async\" width=\"800\" height=\"800\" src=\"https:\/\/siulubangos.lt\/wp-content\/uploads\/2025\/08\/ghygy-800x800.jpg\" class=\"attachment-large size-large\" alt=\"\" srcset=\"https:\/\/siulubangos.lt\/wp-content\/uploads\/2025\/08\/ghygy-800x800.jpg 800w, https:\/\/siulubangos.lt\/wp-content\/uploads\/2025\/08\/ghygy-600x600.jpg 600w, https:\/\/siulubangos.lt\/wp-content\/uploads\/2025\/08\/ghygy-150x150.jpg 150w, https:\/\/siulubangos.lt\/wp-content\/uploads\/2025\/08\/ghygy-1200x1200.jpg 1200w, https:\/\/siulubangos.lt\/wp-content\/uploads\/2025\/08\/ghygy-300x300.jpg 300w, https:\/\/siulubangos.lt\/wp-content\/uploads\/2025\/08\/ghygy-768x768.jpg 768w, https:\/\/siulubangos.lt\/wp-content\/uploads\/2025\/08\/ghygy.jpg 1500w\" sizes=\"auto, (max-width: 800px) 100vw, 800px\" title=\"\">\t\t\t\t\t<\/div>\n\n\t\t\t\t\t\t<\/div>\n\t\t\t\t<\/div>\n\t\t\t\t<\/div>\n\t\t<div class=\"elementor-element elementor-element-c9c1731 e-con-full e-flex e-con e-child\" data-id=\"c9c1731\" data-element_type=\"container\" data-e-type=\"container\">\n\t\t\t\t<div class=\"elementor-element elementor-element-254e787 elementor-widget elementor-widget-heading\" data-id=\"254e787\" data-element_type=\"widget\" data-e-type=\"widget\" data-widget_type=\"heading.default\">\n\t\t\t\t<div class=\"elementor-widget-container\">\n\t\t\t\t\t<h2 class=\"elementor-heading-title elementor-size-default\">About Si\u016bl\u0173 Bangos<\/h2>\t\t\t\t<\/div>\n\t\t\t\t<\/div>\n\t\t\t\t<div class=\"elementor-element elementor-element-eb482a2 color-scheme-inherit text-left elementor-widget elementor-widget-text-editor\" data-id=\"eb482a2\" data-element_type=\"widget\" data-e-type=\"widget\" data-widget_type=\"text-editor.default\">\n\t\t\t\t<div class=\"elementor-widget-container\">\n\t\t\t\t\t\t\t\t\t<p data-start=\"499\" data-end=\"671\">Si\u016bl\u0173 Bangos was born out of a love for knitting and a desire to create a space where yarn, ideas, creativity and community meet. Our journey began 16 years ago, when our first knits became not only warmth for our loved ones, but also the discovery that every ball of yarn can become something new.<\/p><p data-start=\"499\" data-end=\"671\"><span style=\"font-size: 16px;\">Over time, knitting has evolved from a hobby to a way of life - experience, skills and continuous improvement have led us to our dream: to create a place where every knitter, regardless of experience, can find inspiration, quality yarn and a friendly community.<\/span><\/p><p>At Si\u016bl\u0173 Bangos, we believe that knitting is more than a hobby. It's a moment of peace, the joy of creativity and the opportunity to create warmth with your hands. Here we aim not only to offer a wide selection of yarns and accessories, but also to share knowledge, experience and ideas.<\/p><p>We invite you to knit, create and discover together - because every eye is a small step towards a bigger story<\/p>\t\t\t\t\t\t\t\t<\/div>\n\t\t\t\t<\/div>\n\t\t\t\t<\/div>\n\t\t\t\t<\/div>\n\t\t\t\t<\/div>\n\t\t\t\t\t<\/div>\n\t\t\t\t<\/div>\n\t\t<div class=\"elementor-element elementor-element-c57616e e-con-full e-flex e-con e-parent\" data-id=\"c57616e\" data-element_type=\"container\" data-e-type=\"container\">\n\t\t<div class=\"elementor-element elementor-element-d7271ba e-con-full e-flex e-con e-child\" data-id=\"d7271ba\" data-element_type=\"container\" data-e-type=\"container\">\n\t\t<div class=\"wd-negative-gap elementor-element elementor-element-65300c8 e-flex e-con-boxed e-con e-child\" data-id=\"65300c8\" data-element_type=\"container\" data-e-type=\"container\">\n\t\t\t\t\t<div class=\"e-con-inner\">\n\t\t<div class=\"elementor-element elementor-element-352f054 e-con-full e-flex e-con e-child\" data-id=\"352f054\" data-element_type=\"container\" data-e-type=\"container\">\n\t\t\t\t<div class=\"elementor-element elementor-element-3ae8463 elementor-widget elementor-widget-heading\" data-id=\"3ae8463\" data-element_type=\"widget\" data-e-type=\"widget\" data-widget_type=\"heading.default\">\n\t\t\t\t<div class=\"elementor-widget-container\">\n\t\t\t\t\t<h2 class=\"elementor-heading-title elementor-size-default\"> What do we believe?<\/h2>\t\t\t\t<\/div>\n\t\t\t\t<\/div>\n\t\t\t\t<div class=\"elementor-element elementor-element-69b138e color-scheme-inherit text-left elementor-widget elementor-widget-text-editor\" data-id=\"69b138e\" data-element_type=\"widget\" data-e-type=\"widget\" data-widget_type=\"text-editor.default\">\n\t\t\t\t<div class=\"elementor-widget-container\">\n\t\t\t\t\t\t\t\t\t<ul><li>Knitting is a time for yourself, quiet, meaningful and creative.<\/li><li>Quality is more important than quantity - that's why we only offer what is truly tried and trusted.<\/li><li>Every customer deserves attention and personal advice - you're not just a customer here, you're a creator.<\/li><\/ul>\t\t\t\t\t\t\t\t<\/div>\n\t\t\t\t<\/div>\n\t\t\t\t<\/div>\n\t\t\t\t\t<\/div>\n\t\t\t\t<\/div>\n\t\t<div class=\"elementor-element elementor-element-44fd356 e-con-full e-flex e-con e-child\" data-id=\"44fd356\" data-element_type=\"container\" data-e-type=\"container\">\n\t\t\t\t<div class=\"elementor-element elementor-element-dce75c8 elementor-widget elementor-widget-wd_image_or_svg\" data-id=\"dce75c8\" data-element_type=\"widget\" data-e-type=\"widget\" data-widget_type=\"wd_image_or_svg.default\">\n\t\t\t\t<div class=\"elementor-widget-container\">\n\t\t\t\t\t\n\t\t<div class=\"wd-image text-right\">\n\t\t\t\t\t\t\t\t<img loading=\"lazy\" decoding=\"async\" width=\"533\" height=\"800\" src=\"https:\/\/siulubangos.lt\/wp-content\/uploads\/2025\/08\/1234-533x800.jpg\" class=\"attachment-large size-large\" alt=\"\" srcset=\"https:\/\/siulubangos.lt\/wp-content\/uploads\/2025\/08\/1234-533x800.jpg 533w, https:\/\/siulubangos.lt\/wp-content\/uploads\/2025\/08\/1234-600x900.jpg 600w, https:\/\/siulubangos.lt\/wp-content\/uploads\/2025\/08\/1234-150x225.jpg 150w, https:\/\/siulubangos.lt\/wp-content\/uploads\/2025\/08\/1234-200x300.jpg 200w, https:\/\/siulubangos.lt\/wp-content\/uploads\/2025\/08\/1234-768x1152.jpg 768w, https:\/\/siulubangos.lt\/wp-content\/uploads\/2025\/08\/1234.jpg 1000w\" sizes=\"auto, (max-width: 533px) 100vw, 533px\" title=\"\">\t\t\t\t\t<\/div>\n\n\t\t\t\t\t\t<\/div>\n\t\t\t\t<\/div>\n\t\t\t\t<\/div>\n\t\t\t\t<\/div>\n\t\t\t\t<\/div>\n\t\t<div class=\"wd-negative-gap elementor-element elementor-element-0dd0422 e-flex e-con-boxed e-con e-parent\" data-id=\"0dd0422\" data-element_type=\"container\" data-e-type=\"container\">\n\t\t\t\t\t<div class=\"e-con-inner\">\n\t\t<div class=\"elementor-element elementor-element-9db1ffe e-con-full e-flex e-con e-child\" data-id=\"9db1ffe\" data-element_type=\"container\" data-e-type=\"container\">\n\t\t<div class=\"elementor-element elementor-element-3935698 e-con-full e-flex e-con e-child\" data-id=\"3935698\" data-element_type=\"container\" data-e-type=\"container\">\n\t\t\t\t<div class=\"elementor-element elementor-element-2f33789 elementor-widget elementor-widget-heading\" data-id=\"2f33789\" data-element_type=\"widget\" data-e-type=\"widget\" data-widget_type=\"heading.default\">\n\t\t\t\t<div class=\"elementor-widget-container\">\n\t\t\t\t\t<h2 class=\"elementor-heading-title elementor-size-default\">Why choose Si\u016bl\u0173 Bangos?<\/h2>\t\t\t\t<\/div>\n\t\t\t\t<\/div>\n\t\t\t\t<\/div>\n\t\t<div class=\"elementor-element elementor-element-457e03c e-con-full e-flex e-con e-child\" data-id=\"457e03c\" data-element_type=\"container\" data-e-type=\"container\">\n\t\t\t\t<div class=\"elementor-element elementor-element-ea3e3d8 text-right color-scheme-inherit elementor-widget elementor-widget-text-editor\" data-id=\"ea3e3d8\" data-element_type=\"widget\" data-e-type=\"widget\" data-widget_type=\"text-editor.default\">\n\t\t\t\t<div class=\"elementor-widget-container\">\n\t\t\t\t\t\t\t\t\t<ul style=\"text-align: left;\"><li>Recommendations based on your project - do you want to knit a scarf or a lace dress? We'll advise you exactly what to choose.<\/li><li>A warm but professional approach - no pressure, just genuine care.<\/li><li>In the future - video lessons, trainings, meetings - we are not only knitting a thread, but also a community.<\/li><li>Si\u016bl\u0173 Bangos are born from the seaside - where the heart is calm and knitting flows like a wave.<\/li><\/ul>\t\t\t\t\t\t\t\t<\/div>\n\t\t\t\t<\/div>\n\t\t\t\t<\/div>\n\t\t\t\t<\/div>\n\t\t<div class=\"elementor-element elementor-element-66182c6 e-con-full e-flex e-con e-child\" data-id=\"66182c6\" data-element_type=\"container\" data-e-type=\"container\">\n\t\t\t\t<div class=\"elementor-element elementor-element-a757f2a elementor-widget elementor-widget-wd_image_or_svg\" data-id=\"a757f2a\" data-element_type=\"widget\" data-e-type=\"widget\" data-widget_type=\"wd_image_or_svg.default\">\n\t\t\t\t<div class=\"elementor-widget-container\">\n\t\t\t\t\t\n\t\t<div class=\"wd-image text-left\">\n\t\t\t\t\t\t\t\t<img loading=\"lazy\" decoding=\"async\" width=\"1200\" height=\"800\" src=\"https:\/\/siulubangos.lt\/wp-content\/uploads\/2025\/09\/1000019435-1200x800.jpg\" class=\"attachment-large size-large\" alt=\"\" srcset=\"https:\/\/siulubangos.lt\/wp-content\/uploads\/2025\/09\/1000019435-1200x800.jpg 1200w, https:\/\/siulubangos.lt\/wp-content\/uploads\/2025\/09\/1000019435-scaled-600x400.jpg 600w, https:\/\/siulubangos.lt\/wp-content\/uploads\/2025\/09\/1000019435-scaled-150x100.jpg 150w, https:\/\/siulubangos.lt\/wp-content\/uploads\/2025\/09\/1000019435-400x267.jpg 400w, https:\/\/siulubangos.lt\/wp-content\/uploads\/2025\/09\/1000019435-768x512.jpg 768w, https:\/\/siulubangos.lt\/wp-content\/uploads\/2025\/09\/1000019435-1536x1024.jpg 1536w, https:\/\/siulubangos.lt\/wp-content\/uploads\/2025\/09\/1000019435-2048x1365.jpg 2048w\" sizes=\"auto, (max-width: 1200px) 100vw, 1200px\" title=\"\">\t\t\t\t\t<\/div>\n\n\t\t\t\t\t\t<\/div>\n\t\t\t\t<\/div>\n\t\t\t\t<\/div>\n\t\t\t\t\t<\/div>\n\t\t\t\t<\/div>\n\t\t<div class=\"wd-negative-gap elementor-element elementor-element-18abbc3 e-flex e-con-boxed e-con e-parent\" data-id=\"18abbc3\" data-element_type=\"container\" data-e-type=\"container\">\n\t\t\t\t\t<div class=\"e-con-inner\">\n\t\t<div class=\"elementor-element elementor-element-5b33c78 e-con-full e-flex e-con e-child\" data-id=\"5b33c78\" data-element_type=\"container\" data-e-type=\"container\">\n\t\t<div class=\"elementor-element elementor-element-f379b57 e-con-full e-flex e-con e-child\" data-id=\"f379b57\" data-element_type=\"container\" data-e-type=\"container\">\n\t\t\t\t<div class=\"elementor-element elementor-element-7020462 elementor-widget elementor-widget-heading\" data-id=\"7020462\" data-element_type=\"widget\" data-e-type=\"widget\" data-widget_type=\"heading.default\">\n\t\t\t\t<div class=\"elementor-widget-container\">\n\t\t\t\t\t<h2 class=\"elementor-heading-title elementor-size-default\">Frequently asked questions from female buyers:<\/h2>\t\t\t\t<\/div>\n\t\t\t\t<\/div>\n\t\t\t\t<div class=\"elementor-element elementor-element-0f738a9 color-scheme-inherit text-left elementor-widget elementor-widget-text-editor\" data-id=\"0f738a9\" data-element_type=\"widget\" data-e-type=\"widget\" data-widget_type=\"text-editor.default\">\n\t\t\t\t<div class=\"elementor-widget-container\">\n\t\t\t\t\t\t\t\t\t<ol><li>Which yarns are suitable for sensitive skin?<\/li><li>Where do I start if it's my first time knitting?<\/li><li>What is the thickness of the twine for this yarn?<\/li><li>How can I prevent my jumper from shrinking or losing its shape?<\/li><li>What to choose for summer - knitting or crochet?<\/li><\/ol><p>We will answer all these questions not with clich\u00e9s but with real insights from experience. And very honestly.<\/p>\t\t\t\t\t\t\t\t<\/div>\n\t\t\t\t<\/div>\n\t\t\t\t<\/div>\n\t\t\t\t<\/div>\n\t\t<div class=\"elementor-element elementor-element-784eda7 e-con-full e-flex e-con e-child\" data-id=\"784eda7\" data-element_type=\"container\" data-e-type=\"container\">\n\t\t\t\t<div class=\"elementor-element elementor-element-981c425 elementor-widget elementor-widget-wd_image_or_svg\" data-id=\"981c425\" data-element_type=\"widget\" data-e-type=\"widget\" data-widget_type=\"wd_image_or_svg.default\">\n\t\t\t\t<div class=\"elementor-widget-container\">\n\t\t\t\t\t\n\t\t<div class=\"wd-image text-right\">\n\t\t\t\t\t\t\t\t<img loading=\"lazy\" decoding=\"async\" width=\"533\" height=\"800\" src=\"https:\/\/siulubangos.lt\/wp-content\/uploads\/2023\/04\/mezginiai-2-533x800.jpg\" class=\"attachment-large size-large\" alt=\"\" srcset=\"https:\/\/siulubangos.lt\/wp-content\/uploads\/2023\/04\/mezginiai-2-533x800.jpg 533w, https:\/\/siulubangos.lt\/wp-content\/uploads\/2023\/04\/mezginiai-2-600x900.jpg 600w, https:\/\/siulubangos.lt\/wp-content\/uploads\/2023\/04\/mezginiai-2-150x225.jpg 150w, https:\/\/siulubangos.lt\/wp-content\/uploads\/2023\/04\/mezginiai-2-200x300.jpg 200w, https:\/\/siulubangos.lt\/wp-content\/uploads\/2023\/04\/mezginiai-2-768x1152.jpg 768w, https:\/\/siulubangos.lt\/wp-content\/uploads\/2023\/04\/mezginiai-2.jpg 1000w\" sizes=\"auto, (max-width: 533px) 100vw, 533px\" title=\"\">\t\t\t\t\t<\/div>\n\n\t\t\t\t\t\t<\/div>\n\t\t\t\t<\/div>\n\t\t\t\t<\/div>\n\t\t\t\t\t<\/div>\n\t\t\t\t<\/div>\n\t\t<div class=\"wd-negative-gap elementor-element elementor-element-f00f835 e-flex e-con-boxed e-con e-parent\" data-id=\"f00f835\" data-element_type=\"container\" data-e-type=\"container\">\n\t\t\t\t\t<div class=\"e-con-inner\">\n\t\t<div class=\"elementor-element elementor-element-22d5b4e e-con-full e-flex e-con e-child\" data-id=\"22d5b4e\" data-element_type=\"container\" data-e-type=\"container\" data-settings=\"{&quot;background_background&quot;:&quot;classic&quot;}\">\n\t\t<div class=\"elementor-element elementor-element-6cb107c e-con-full e-flex e-con e-child\" data-id=\"6cb107c\" data-element_type=\"container\" data-e-type=\"container\" data-settings=\"{&quot;animation_mobile&quot;:&quot;none&quot;}\">\n\t\t\t\t<div class=\"elementor-element elementor-element-00b2a09 elementor-widget elementor-widget-html\" data-id=\"00b2a09\" data-element_type=\"widget\" data-e-type=\"widget\" data-widget_type=\"html.default\">\n\t\t\t\t<div class=\"elementor-widget-container\">\n\t\t\t\t\t<div id=\"omnisend-embedded-v2-690f0426097a9d73aaf63e90\"><\/div>\r\n\r\n\t\t\t\t<\/div>\n\t\t\t\t<\/div>\n\t\t\t\t<\/div>\n\t\t\t\t<\/div>\n\t\t\t\t\t<\/div>\n\t\t\t\t<\/div>\n\t\t\t\t<\/div>","protected":false},"excerpt":{"rendered":"<p>Apie Mus Apie Si\u016bl\u0173 bangas Si\u016bl\u0173 Bangos gim\u0117 i\u0161 meil\u0117s mezgimui ir noro kurti erdv\u0119, kurioje susitinka si\u016blai, id\u0117jos, k\u016bryba<\/p>","protected":false},"author":2,"featured_media":0,"parent":0,"menu_order":0,"comment_status":"closed","ping_status":"closed","template":"","meta":{"_acf_changed":false,"footnotes":""},"class_list":["post-698","page","type-page","status-publish","hentry"],"acf":[],"_links":{"self":[{"href":"https:\/\/siulubangos.lt\/en\/wp-json\/wp\/v2\/pages\/698","targetHints":{"allow":["GET"]}}],"collection":[{"href":"https:\/\/siulubangos.lt\/en\/wp-json\/wp\/v2\/pages"}],"about":[{"href":"https:\/\/siulubangos.lt\/en\/wp-json\/wp\/v2\/types\/page"}],"author":[{"embeddable":true,"href":"https:\/\/siulubangos.lt\/en\/wp-json\/wp\/v2\/users\/2"}],"replies":[{"embeddable":true,"href":"https:\/\/siulubangos.lt\/en\/wp-json\/wp\/v2\/comments?post=698"}],"version-history":[{"count":0,"href":"https:\/\/siulubangos.lt\/en\/wp-json\/wp\/v2\/pages\/698\/revisions"}],"wp:attachment":[{"href":"https:\/\/siulubangos.lt\/en\/wp-json\/wp\/v2\/media?parent=698"}],"curies":[{"name":"wp","href":"https:\/\/api.w.org\/{rel}","templated":true}]}}