{"id":1124,"date":"2025-05-24T13:36:40","date_gmt":"2025-05-24T13:36:40","guid":{"rendered":"https:\/\/siulubangos.lt\/?post_type=product&#038;p=1124"},"modified":"2026-03-01T00:05:51","modified_gmt":"2026-02-28T22:05:51","slug":"concept-by-katia-symmetric-sock-more-degrade","status":"publish","type":"product","link":"https:\/\/siulubangos.lt\/en\/parduotuve\/concept-by-katia-symmetric-sock-more-degrade\/","title":{"rendered":"Katia Concept SYMMETRIC SOCKS &amp; MORE-DEGRAD\u00c9 (wool, polyamide)"},"content":{"rendered":"<h2>Concept by Katia SYMMETRIC SOCKS &amp; MORE-DEGRAD\u00c9 (75% vilna ir 25% poliamidas)<\/h2>\n<h3><a href=\"https:\/\/siulubangos.lt\/wp-content\/uploads\/2025\/10\/katia-degrade-3.jpg\"><img loading=\"lazy\" decoding=\"async\" class=\"alignnone size-medium wp-image-31769\" src=\"https:\/\/siulubangos.lt\/wp-content\/uploads\/2025\/10\/katia-degrade-3-300x300.jpg\" alt=\"\" width=\"300\" height=\"300\" title=\"\" srcset=\"https:\/\/siulubangos.lt\/wp-content\/uploads\/2025\/10\/katia-degrade-3-300x300.jpg 300w, https:\/\/siulubangos.lt\/wp-content\/uploads\/2025\/10\/katia-degrade-3-600x600.jpg 600w, https:\/\/siulubangos.lt\/wp-content\/uploads\/2025\/10\/katia-degrade-3-150x150.jpg 150w, https:\/\/siulubangos.lt\/wp-content\/uploads\/2025\/10\/katia-degrade-3-1200x1200.jpg 1200w, https:\/\/siulubangos.lt\/wp-content\/uploads\/2025\/10\/katia-degrade-3-800x800.jpg 800w, https:\/\/siulubangos.lt\/wp-content\/uploads\/2025\/10\/katia-degrade-3-768x768.jpg 768w, https:\/\/siulubangos.lt\/wp-content\/uploads\/2025\/10\/katia-degrade-3.jpg 1500w\" sizes=\"auto, (max-width: 300px) 100vw, 300px\" \/><\/a><a href=\"https:\/\/siulubangos.lt\/wp-content\/uploads\/2025\/10\/katia-degrade-4.jpg\"><img loading=\"lazy\" decoding=\"async\" class=\"alignnone size-medium wp-image-31770\" src=\"https:\/\/siulubangos.lt\/wp-content\/uploads\/2025\/10\/katia-degrade-4-300x300.jpg\" alt=\"\" width=\"300\" height=\"300\" title=\"\" srcset=\"https:\/\/siulubangos.lt\/wp-content\/uploads\/2025\/10\/katia-degrade-4-300x300.jpg 300w, https:\/\/siulubangos.lt\/wp-content\/uploads\/2025\/10\/katia-degrade-4-600x600.jpg 600w, https:\/\/siulubangos.lt\/wp-content\/uploads\/2025\/10\/katia-degrade-4-150x150.jpg 150w, https:\/\/siulubangos.lt\/wp-content\/uploads\/2025\/10\/katia-degrade-4-1200x1200.jpg 1200w, https:\/\/siulubangos.lt\/wp-content\/uploads\/2025\/10\/katia-degrade-4-800x800.jpg 800w, https:\/\/siulubangos.lt\/wp-content\/uploads\/2025\/10\/katia-degrade-4-768x768.jpg 768w, https:\/\/siulubangos.lt\/wp-content\/uploads\/2025\/10\/katia-degrade-4.jpg 1500w\" sizes=\"auto, (max-width: 300px) 100vw, 300px\" \/><\/a><\/h3>\n<p>Atrask si\u016bl\u0105, kuris pakeis tavo mezgimo patirt\u012f. SYMMETRIC SOCKS &amp; MORE-DEGRADE ne tik suteikia nuostab\u0173 spalv\u0173 per\u0117jim\u0105, bet ir u\u017etikrina vienod\u0105, simetri\u0161k\u0105 ra\u0161t\u0105 kiekviename mezginyje. Kiekvienas kamuoliukas &#8211; tai spalv\u0173 palet\u0117, kuri skland\u017eiai\u00a0 palaipsniui kei\u010diasi nuo vienos spalvos prie kitos, suteikdama projektui profesional\u0173, i\u0161baigt\u0105 \u012fsp\u016bd\u012f.<\/p>\n<h3>Who is it for?<\/h3>\n<p>\u0160is si\u016blas puikiai tinka kojin\u0117ms, \u0161alikams, pir\u0161tin\u0117ms ar bet kokiam kitam projektui, kuriame svarbi tiek spalv\u0173 harmonija, tiek komfortas. Mink\u0161tas, tvirtas ir lengvai pri\u017ei\u016brimas, jis taps patikimu kompanionu mezgimo procesuose, leid\u017eian\u010diu pasiekti nepriekai\u0161tingus rezultatus kiekvien\u0105 kart\u0105.<\/p>\n<h3>Kod\u0117l verta rinktis Concept by Katia SYMMETRIC SOCKS &amp; MORE-DEGRAD\u00c9?<\/h3>\n<div class=\"simg-pop-btn\" style=\"top: 89.5104px; left: 319.594px; display: none;\"><\/div>\n<ul>\n<li>Simetri\u0161kas spalv\u0173 per\u0117jimas &#8211; pasi\u017eymi tolygiai besikartojan\u010diais spalv\u0173 tonais, kurie u\u017etikrina, kad mezginiai bus identi\u0161ki net ir mezgant abi kojines i\u0161 vieno kamuoliuko.<\/li>\n<\/ul>\n<div class=\"simg-pop-btn\" style=\"top: 397.635px; left: 14px; display: none;\"><\/div>\n<ul>\n<li data-start=\"311\" data-end=\"543\">\n<p data-start=\"314\" data-end=\"543\">Patogus sunaudojimas &#8211; prad\u0117jus megzti nuo kamuoliuko vidurio, spalv\u0173 per\u0117jimas bus tolygus ir simetri\u0161kas, tod\u0117l nereik\u0117s galvoti apie spalv\u0173 derinim\u0105 ar sekim\u0105<\/p>\n<\/li>\n<li data-start=\"311\" data-end=\"543\">\n<p data-start=\"314\" data-end=\"543\">Auk\u0161ta kokyb\u0117 &#8211; si\u016blas yra mink\u0161tas, patvarus ir lengvai pri\u017ei\u016brimas. Apdorotas superwash, o tai rei\u0161kia, kad galimas skalbimas skalbimo ma\u0161inoje.<\/p>\n<\/li>\n<li data-start=\"753\" data-end=\"923\">Universalumas &#8211; tinka ne tik kojin\u0117ms, bet ir visiems kitiems j\u016bs\u0173 sumanymams, tokiems kaip \u0161alikai, pir\u0161tin\u0117s ar net suknel\u0117s. suteikiant jiems unikal\u0173 ir harmoning\u0105 spalv\u0173 per\u0117jim\u0105.<\/li>\n<\/ul>","protected":false},"excerpt":{"rendered":"<p><strong>Concept by Katia SYMMETRIC SOCKS &amp; MORE -DEGRADE<\/strong> &#8211; mink\u0161tas ir patvarus si\u016blas su skland\u017eiu spalv\u0173 per\u0117jimu, kuris kiekviename mezginyje kuria simetri\u0161k\u0105 ir harmoning\u0105 ra\u0161t\u0105. Idealiai tinka kojin\u0117ms, \u0161alikams ir kitiems rankdarbiams, suteikiant j\u016bs\u0173 projektui profesional\u0173 ir eleganti\u0161k\u0105 \u012fsp\u016bd\u012f.<\/p>\n<p>&nbsp;<\/p>\n<p>&nbsp;<\/p>","protected":false},"featured_media":31759,"comment_status":"open","ping_status":"closed","template":"","meta":{"_acf_changed":false},"product_brand":[556],"product_cat":[58,428,449,489,436,429,445],"product_tag":[307],"class_list":{"0":"post-1124","1":"product","2":"type-product","3":"status-publish","4":"has-post-thumbnail","6":"product_brand-katia","7":"product_cat-siulai-mezgimui","8":"product_cat-gamintojas","9":"product_cat-katia-siulai","10":"product_cat-kojiniu-siulai","11":"product_cat-pusvilnes-siulai","12":"product_cat-sudetis","13":"product_cat-vilnos-siulai","14":"product_tag-katia","15":"pa_spalva-80-katia-degrade-rc","16":"pa_spalva-81-katia-degrade-rc","17":"pa_spalva-82-katia-degrade-rc","18":"pa_spalva-84-katia-degrade-rc","19":"pa_spalva-85-katia-degrade-rc","20":"pa_svoris-ilgis-100-g-400-m","22":"first","23":"instock","24":"sale","25":"taxable","26":"shipping-taxable","27":"purchasable","28":"product-type-variable"},"acf":[],"_links":{"self":[{"href":"https:\/\/siulubangos.lt\/en\/wp-json\/wp\/v2\/product\/1124","targetHints":{"allow":["GET"]}}],"collection":[{"href":"https:\/\/siulubangos.lt\/en\/wp-json\/wp\/v2\/product"}],"about":[{"href":"https:\/\/siulubangos.lt\/en\/wp-json\/wp\/v2\/types\/product"}],"replies":[{"embeddable":true,"href":"https:\/\/siulubangos.lt\/en\/wp-json\/wp\/v2\/comments?post=1124"}],"version-history":[{"count":0,"href":"https:\/\/siulubangos.lt\/en\/wp-json\/wp\/v2\/product\/1124\/revisions"}],"wp:featuredmedia":[{"embeddable":true,"href":"https:\/\/siulubangos.lt\/en\/wp-json\/wp\/v2\/media\/31759"}],"wp:attachment":[{"href":"https:\/\/siulubangos.lt\/en\/wp-json\/wp\/v2\/media?parent=1124"}],"wp:term":[{"taxonomy":"product_brand","embeddable":true,"href":"https:\/\/siulubangos.lt\/en\/wp-json\/wp\/v2\/product_brand?post=1124"},{"taxonomy":"product_cat","embeddable":true,"href":"https:\/\/siulubangos.lt\/en\/wp-json\/wp\/v2\/product_cat?post=1124"},{"taxonomy":"product_tag","embeddable":true,"href":"https:\/\/siulubangos.lt\/en\/wp-json\/wp\/v2\/product_tag?post=1124"}],"curies":[{"name":"wp","href":"https:\/\/api.w.org\/{rel}","templated":true}]}}