{"id":1322,"date":"2025-05-26T16:58:36","date_gmt":"2025-05-26T16:58:36","guid":{"rendered":"https:\/\/siulubangos.lt\/?post_type=product&#038;p=1322"},"modified":"2026-02-26T15:14:44","modified_gmt":"2026-02-26T13:14:44","slug":"katia-puro-cotone-yarn","status":"publish","type":"product","link":"https:\/\/siulubangos.lt\/en\/parduotuve\/katia-puro-cotone-100-medvilne\/","title":{"rendered":"Katia PURO COTONE (100 % cotton)"},"content":{"rendered":"<h2>Concept by Katia PURO COTONE (100\u202f% medviln\u0117)<\/h2>\n<p><a href=\"https:\/\/siulubangos.lt\/wp-content\/uploads\/2025\/05\/pattern-knit-crochet-woman-sweater-spring-summer-katia-6300-9-g.jpg\"><img loading=\"lazy\" decoding=\"async\" class=\"alignnone size-medium wp-image-1291\" src=\"https:\/\/siulubangos.lt\/wp-content\/uploads\/2025\/05\/pattern-knit-crochet-woman-sweater-spring-summer-katia-6300-9-g-300x300.jpg\" alt=\"\" width=\"300\" height=\"300\" title=\"\" srcset=\"https:\/\/siulubangos.lt\/wp-content\/uploads\/2025\/05\/pattern-knit-crochet-woman-sweater-spring-summer-katia-6300-9-g-300x300.jpg 300w, https:\/\/siulubangos.lt\/wp-content\/uploads\/2025\/05\/pattern-knit-crochet-woman-sweater-spring-summer-katia-6300-9-g-600x600.jpg 600w, https:\/\/siulubangos.lt\/wp-content\/uploads\/2025\/05\/pattern-knit-crochet-woman-sweater-spring-summer-katia-6300-9-g-150x150.jpg 150w, https:\/\/siulubangos.lt\/wp-content\/uploads\/2025\/05\/pattern-knit-crochet-woman-sweater-spring-summer-katia-6300-9-g-1200x1200.jpg 1200w, https:\/\/siulubangos.lt\/wp-content\/uploads\/2025\/05\/pattern-knit-crochet-woman-sweater-spring-summer-katia-6300-9-g-800x800.jpg 800w, https:\/\/siulubangos.lt\/wp-content\/uploads\/2025\/05\/pattern-knit-crochet-woman-sweater-spring-summer-katia-6300-9-g-768x768.jpg 768w, https:\/\/siulubangos.lt\/wp-content\/uploads\/2025\/05\/pattern-knit-crochet-woman-sweater-spring-summer-katia-6300-9-g.jpg 1500w\" sizes=\"auto, (max-width: 300px) 100vw, 300px\" \/><\/a> <a href=\"https:\/\/siulubangos.lt\/wp-content\/uploads\/2025\/05\/pattern-knit-crochet-baby-jacket-spring-summer-katia-7900-19-g.jpg\"><img loading=\"lazy\" decoding=\"async\" class=\"alignnone size-medium wp-image-1323\" src=\"https:\/\/siulubangos.lt\/wp-content\/uploads\/2025\/05\/pattern-knit-crochet-baby-jacket-spring-summer-katia-7900-19-g-300x300.jpg\" alt=\"\" width=\"300\" height=\"300\" title=\"\" srcset=\"https:\/\/siulubangos.lt\/wp-content\/uploads\/2025\/05\/pattern-knit-crochet-baby-jacket-spring-summer-katia-7900-19-g-300x300.jpg 300w, https:\/\/siulubangos.lt\/wp-content\/uploads\/2025\/05\/pattern-knit-crochet-baby-jacket-spring-summer-katia-7900-19-g-600x600.jpg 600w, https:\/\/siulubangos.lt\/wp-content\/uploads\/2025\/05\/pattern-knit-crochet-baby-jacket-spring-summer-katia-7900-19-g-150x150.jpg 150w, https:\/\/siulubangos.lt\/wp-content\/uploads\/2025\/05\/pattern-knit-crochet-baby-jacket-spring-summer-katia-7900-19-g-1200x1200.jpg 1200w, https:\/\/siulubangos.lt\/wp-content\/uploads\/2025\/05\/pattern-knit-crochet-baby-jacket-spring-summer-katia-7900-19-g-800x800.jpg 800w, https:\/\/siulubangos.lt\/wp-content\/uploads\/2025\/05\/pattern-knit-crochet-baby-jacket-spring-summer-katia-7900-19-g-768x768.jpg 768w, https:\/\/siulubangos.lt\/wp-content\/uploads\/2025\/05\/pattern-knit-crochet-baby-jacket-spring-summer-katia-7900-19-g.jpg 1500w\" sizes=\"auto, (max-width: 300px) 100vw, 300px\" \/><\/a> <a href=\"https:\/\/siulubangos.lt\/wp-content\/uploads\/2025\/05\/pattern-knit-crochet-kids-jacket-spring-summer-katia-7901-15-g.jpg\"><img loading=\"lazy\" decoding=\"async\" class=\"alignnone size-medium wp-image-1324\" src=\"https:\/\/siulubangos.lt\/wp-content\/uploads\/2025\/05\/pattern-knit-crochet-kids-jacket-spring-summer-katia-7901-15-g-300x300.jpg\" alt=\"\" width=\"300\" height=\"300\" title=\"\" srcset=\"https:\/\/siulubangos.lt\/wp-content\/uploads\/2025\/05\/pattern-knit-crochet-kids-jacket-spring-summer-katia-7901-15-g-300x300.jpg 300w, https:\/\/siulubangos.lt\/wp-content\/uploads\/2025\/05\/pattern-knit-crochet-kids-jacket-spring-summer-katia-7901-15-g-600x600.jpg 600w, https:\/\/siulubangos.lt\/wp-content\/uploads\/2025\/05\/pattern-knit-crochet-kids-jacket-spring-summer-katia-7901-15-g-150x150.jpg 150w, https:\/\/siulubangos.lt\/wp-content\/uploads\/2025\/05\/pattern-knit-crochet-kids-jacket-spring-summer-katia-7901-15-g-1200x1200.jpg 1200w, https:\/\/siulubangos.lt\/wp-content\/uploads\/2025\/05\/pattern-knit-crochet-kids-jacket-spring-summer-katia-7901-15-g-800x800.jpg 800w, https:\/\/siulubangos.lt\/wp-content\/uploads\/2025\/05\/pattern-knit-crochet-kids-jacket-spring-summer-katia-7901-15-g-768x768.jpg 768w, https:\/\/siulubangos.lt\/wp-content\/uploads\/2025\/05\/pattern-knit-crochet-kids-jacket-spring-summer-katia-7901-15-g.jpg 1500w\" sizes=\"auto, (max-width: 300px) 100vw, 300px\" \/><\/a> <a href=\"https:\/\/siulubangos.lt\/wp-content\/uploads\/2025\/05\/pattern-knit-crochet-woman-sweater-spring-summer-katia-6300-20-g.jpg\"><img loading=\"lazy\" decoding=\"async\" class=\"alignnone size-medium wp-image-1325\" src=\"https:\/\/siulubangos.lt\/wp-content\/uploads\/2025\/05\/pattern-knit-crochet-woman-sweater-spring-summer-katia-6300-20-g-300x300.jpg\" alt=\"\" width=\"300\" height=\"300\" title=\"\" srcset=\"https:\/\/siulubangos.lt\/wp-content\/uploads\/2025\/05\/pattern-knit-crochet-woman-sweater-spring-summer-katia-6300-20-g-300x300.jpg 300w, https:\/\/siulubangos.lt\/wp-content\/uploads\/2025\/05\/pattern-knit-crochet-woman-sweater-spring-summer-katia-6300-20-g-600x600.jpg 600w, https:\/\/siulubangos.lt\/wp-content\/uploads\/2025\/05\/pattern-knit-crochet-woman-sweater-spring-summer-katia-6300-20-g-150x150.jpg 150w, https:\/\/siulubangos.lt\/wp-content\/uploads\/2025\/05\/pattern-knit-crochet-woman-sweater-spring-summer-katia-6300-20-g-1200x1200.jpg 1200w, https:\/\/siulubangos.lt\/wp-content\/uploads\/2025\/05\/pattern-knit-crochet-woman-sweater-spring-summer-katia-6300-20-g-800x800.jpg 800w, https:\/\/siulubangos.lt\/wp-content\/uploads\/2025\/05\/pattern-knit-crochet-woman-sweater-spring-summer-katia-6300-20-g-768x768.jpg 768w, https:\/\/siulubangos.lt\/wp-content\/uploads\/2025\/05\/pattern-knit-crochet-woman-sweater-spring-summer-katia-6300-20-g.jpg 1500w\" sizes=\"auto, (max-width: 300px) 100vw, 300px\" \/><\/a><\/p>\n<p><strong>PURO COTONE<\/strong> &#8211; tai auk\u0161tos kokyb\u0117s 100\u202f% medviln\u0117s si\u016blai, kuriuos galite naudoti visus metus. Jie sukurti kaip lengvesn\u0117 ir pavasariui pritaikyta alternatyva populiariesiems Cotton-Merino si\u016blams. \u0160ie si\u016blai &#8211; puikus vegani\u0161kas pasirinkimas jautriai odai ir \u017emon\u0117ms, ie\u0161kantiems nat\u016brali\u0173 sprendim\u0173.<\/p>\n<h3>Features and comfort<\/h3>\n<p>PURO COTONE si\u016blai yra:<\/p>\n<ul>\n<li><strong>kv\u0117puojantys<\/strong> &#8211; ideal\u016bs \u0161iltesniam orui,<\/li>\n<li><strong>hipoalergi\u0161ki<\/strong> &#8211; tinka jautriai ar k\u016bdiki\u0173 odai,<\/li>\n<li><strong>mink\u0161ti ir \u0161ilti<\/strong> &#8211; komfortui i\u0161tisus metus.<\/li>\n<\/ul>\n<h3>K\u0105 mezgti i\u0161 Concept by Katia PURO COTONE?<\/h3>\n<ul>\n<li>vasarinius megztinius ar palaidines,<\/li>\n<li>vaik\u0173 drabu\u017eius ir aksesuarus,<\/li>\n<li>veganinius mezginius jautriai odai,<\/li>\n<li>\u0161alik\u0117lius, skaras ar kepur\u0117les tarpsezoniui.<\/li>\n<\/ul>\n<h3>Mezgimo savyb\u0117s<\/h3>\n<p>Si\u016blai yra vidutinio storio, rekomenduojami 3.5-4 mm virbalai arba v\u0105\u0161elis. Vieno 50 g kamuoliuko pakanka smulkiems aksesuarams arba mezgimui kartu su kitais pluo\u0161tais. Mezginiai i\u0161lieka tolyg\u016bs, lengvi ir nat\u016bral\u016bs.<\/p>\n<h3>Why choose?<\/h3>\n<ul>\n<li>100\u202f% nat\u016brali, vegani\u0161ka sud\u0117tis,<\/li>\n<li>Be gyv\u016bnin\u0117s kilm\u0117s pluo\u0161t\u0173 &#8211; tinka s\u0105moningam pasirinkimui,<\/li>\n<li>Puikus komfortas, kv\u0117puojantis audinys,<\/li>\n<li>Tinka vaikams, k\u016bdikiams ir jautriai odai,<\/li>\n<li>Auk\u0161ta kokyb\u0117 &#8211; Concept by Katia (Ispanija).<\/li>\n<\/ul>","protected":false},"excerpt":{"rendered":"<p><strong>PURO COTONE<\/strong> &#8211; \u0161veln\u016bs, kv\u0117puojantys ir 100\u202f% augalin\u0117s kilm\u0117s si\u016blai, skirti jautriai odai ir vis\u0173 sezon\u0173 mezginiams. Kv\u0117puojanti tekst\u016bra ir margas pavir\u0161ius suteikia nat\u016bral\u0173 stili\u0173, puikiai tinka megzti patogius ir lengvus drabu\u017eius visai \u0161eimai. Tinka megzti ir nerti. Gaminiai bus gra\u017e\u016bs ir eleganti\u0161ki.<\/p>\n<p>&nbsp;<\/p>","protected":false},"featured_media":1348,"comment_status":"open","ping_status":"closed","template":"","meta":{"_acf_changed":false},"product_brand":[556],"product_cat":[58,428,449,420,429],"product_tag":[307],"class_list":{"0":"post-1322","1":"product","2":"type-product","3":"status-publish","4":"has-post-thumbnail","6":"product_brand-katia","7":"product_cat-siulai-mezgimui","8":"product_cat-gamintojas","9":"product_cat-katia-siulai","10":"product_cat-medvilnes-siulai","11":"product_cat-sudetis","12":"product_tag-katia","13":"pa_pluostas-medvilne","14":"pa_spalva-50-puro-cotone","15":"pa_spalva-51-puro-cotone","16":"pa_spalva-52-puro-cotone","17":"pa_spalva-53-puro-cotone","18":"pa_spalva-54-puro-cotone","19":"pa_spalva-55-puro-cotone","20":"pa_spalva-56-puro-cotone","21":"pa_spalva-57-puro-cotone","22":"pa_spalva-58-puro-cotone","23":"pa_spalva-59-puro-cotone","24":"pa_spalva-60-puro-cotone","25":"pa_spalva-61-puro-cotone","26":"pa_svoris-ilgis-50-g-160-m","28":"first","29":"instock","30":"taxable","31":"shipping-taxable","32":"purchasable","33":"product-type-variable"},"acf":[],"_links":{"self":[{"href":"https:\/\/siulubangos.lt\/en\/wp-json\/wp\/v2\/product\/1322","targetHints":{"allow":["GET"]}}],"collection":[{"href":"https:\/\/siulubangos.lt\/en\/wp-json\/wp\/v2\/product"}],"about":[{"href":"https:\/\/siulubangos.lt\/en\/wp-json\/wp\/v2\/types\/product"}],"replies":[{"embeddable":true,"href":"https:\/\/siulubangos.lt\/en\/wp-json\/wp\/v2\/comments?post=1322"}],"version-history":[{"count":0,"href":"https:\/\/siulubangos.lt\/en\/wp-json\/wp\/v2\/product\/1322\/revisions"}],"wp:featuredmedia":[{"embeddable":true,"href":"https:\/\/siulubangos.lt\/en\/wp-json\/wp\/v2\/media\/1348"}],"wp:attachment":[{"href":"https:\/\/siulubangos.lt\/en\/wp-json\/wp\/v2\/media?parent=1322"}],"wp:term":[{"taxonomy":"product_brand","embeddable":true,"href":"https:\/\/siulubangos.lt\/en\/wp-json\/wp\/v2\/product_brand?post=1322"},{"taxonomy":"product_cat","embeddable":true,"href":"https:\/\/siulubangos.lt\/en\/wp-json\/wp\/v2\/product_cat?post=1322"},{"taxonomy":"product_tag","embeddable":true,"href":"https:\/\/siulubangos.lt\/en\/wp-json\/wp\/v2\/product_tag?post=1322"}],"curies":[{"name":"wp","href":"https:\/\/api.w.org\/{rel}","templated":true}]}}