{"id":1579,"date":"2025-05-29T12:15:19","date_gmt":"2025-05-29T12:15:19","guid":{"rendered":"https:\/\/siulubangos.lt\/?post_type=product&#038;p=1579"},"modified":"2026-03-04T09:51:37","modified_gmt":"2026-03-04T07:51:37","slug":"aliuminiai-vaseliai-su-minkstu-laikikliu","status":"publish","type":"product","link":"https:\/\/siulubangos.lt\/en\/parduotuve\/aliuminiai-vaseliai-su-minkstu-laikikliu\/","title":{"rendered":"KnitPro aluminium soft-grip sleeves (2-8 mm)"},"content":{"rendered":"<h2>KnitPro aluminium soft-grip sleeves (2-8 mm)<\/h2>\n<p data-start=\"219\" data-end=\"524\">KnitPro aliuminiai v\u0105\u0161eliai su <strong data-start=\"250\" data-end=\"282\">mink\u0161ta ergonomine ranken\u0117le<\/strong> sukurti patogiam ir maloniam n\u0117rimui net ilg\u0173 darbo sesij\u0173 metu. Lengvas aliuminio v\u0105\u0161elio kotelis u\u017etikrina skland\u0173 si\u016bl\u0173 slydim\u0105, o mink\u0161ta, neslystanti ranken\u0117l\u0117 padeda i\u0161laikyti taisykling\u0105 laikysen\u0105 ir suma\u017eina rank\u0173 bei rie\u0161o nuovarg\u012f.<\/p>\n<p data-start=\"526\" data-end=\"872\">Precizi\u0161kai suformuotas v\u0105\u0161elio galiukas leid\u017eia lengvai u\u017ekabinti si\u016bl\u0105 ir tolygiai formuoti akis, tod\u0117l \u0161ie v\u0105\u0161eliai tinka tiek pradedan\u010dioms, tiek patyrusioms n\u0117r\u0117joms. Platus <strong data-start=\"705\" data-end=\"722\">Sizes 2-8 mm<\/strong> pasirinkimas leid\u017eia pritaikyti v\u0105\u0161elius \u012fvairiems si\u016blams ir projektams &#8211; nuo smulki\u0173 detali\u0173 iki didesni\u0173 n\u0117rini\u0173, drabu\u017ei\u0173 ar interjero aksesuar\u0173.<\/p>","protected":false},"excerpt":{"rendered":"<p>Aukso spalvos aliuminiai v\u0105\u0161eliai su ergonomi\u0161ku mink\u0161tu laikikliu &#8211; puikus pasirinkimas visiems n\u0117rimo entuziastams. Patogi rankena, sklandus slydimas ir puikiai matomos akut\u0117s &#8211; idealu net ilgam darbui ar jautrioms rankoms.<\/p>","protected":false},"featured_media":1580,"comment_status":"open","ping_status":"closed","template":"","meta":{"_acf_changed":false},"product_brand":[557],"product_cat":[61,455,468,527,500,499,506],"product_tag":[306],"class_list":{"0":"post-1579","1":"product","2":"type-product","3":"status-publish","4":"has-post-thumbnail","6":"product_brand-knitpro","7":"product_cat-virbalai-vaseliai","8":"product_cat-gamintojas-virbalai-vaseliai","9":"product_cat-knitpro-virbalai-vaseliai","10":"product_cat-metaliniai","11":"product_cat-pluostas","12":"product_cat-rusis","13":"product_cat-vaseliai","14":"product_tag-knitpro","15":"pa_dydis-2-mm","16":"pa_dydis-2-25-mm","17":"pa_dydis-2-50-mm","18":"pa_dydis-2-75-mm","19":"pa_dydis-3-mm","20":"pa_dydis-3-25-mm","21":"pa_dydis-3-50-mm","22":"pa_dydis-3-75-mm","23":"pa_dydis-4-mm","24":"pa_dydis-4-50-mm","25":"pa_dydis-5-mm","26":"pa_dydis-5-50-mm","27":"pa_dydis-6-mm","28":"pa_dydis-6-50-mm","29":"pa_dydis-7-mm","30":"pa_dydis-8-mm","32":"first","33":"instock","34":"taxable","35":"shipping-taxable","36":"purchasable","37":"product-type-variable"},"acf":[],"_links":{"self":[{"href":"https:\/\/siulubangos.lt\/en\/wp-json\/wp\/v2\/product\/1579","targetHints":{"allow":["GET"]}}],"collection":[{"href":"https:\/\/siulubangos.lt\/en\/wp-json\/wp\/v2\/product"}],"about":[{"href":"https:\/\/siulubangos.lt\/en\/wp-json\/wp\/v2\/types\/product"}],"replies":[{"embeddable":true,"href":"https:\/\/siulubangos.lt\/en\/wp-json\/wp\/v2\/comments?post=1579"}],"version-history":[{"count":0,"href":"https:\/\/siulubangos.lt\/en\/wp-json\/wp\/v2\/product\/1579\/revisions"}],"wp:featuredmedia":[{"embeddable":true,"href":"https:\/\/siulubangos.lt\/en\/wp-json\/wp\/v2\/media\/1580"}],"wp:attachment":[{"href":"https:\/\/siulubangos.lt\/en\/wp-json\/wp\/v2\/media?parent=1579"}],"wp:term":[{"taxonomy":"product_brand","embeddable":true,"href":"https:\/\/siulubangos.lt\/en\/wp-json\/wp\/v2\/product_brand?post=1579"},{"taxonomy":"product_cat","embeddable":true,"href":"https:\/\/siulubangos.lt\/en\/wp-json\/wp\/v2\/product_cat?post=1579"},{"taxonomy":"product_tag","embeddable":true,"href":"https:\/\/siulubangos.lt\/en\/wp-json\/wp\/v2\/product_tag?post=1579"}],"curies":[{"name":"wp","href":"https:\/\/api.w.org\/{rel}","templated":true}]}}