{"id":1599,"date":"2025-05-29T12:19:08","date_gmt":"2025-05-29T12:19:08","guid":{"rendered":"https:\/\/siulubangos.lt\/?post_type=product&#038;p=1599"},"modified":"2026-01-14T14:53:16","modified_gmt":"2026-01-14T12:53:16","slug":"steel-plieniniai-vaseliai","status":"publish","type":"product","link":"https:\/\/siulubangos.lt\/en\/parduotuve\/steel-plieniniai-vaseliai\/","title":{"rendered":"DROPS Steel crochet hooks (0.75\u20131.75 mm)"},"content":{"rendered":"<h2>DROPS Steel crochet hooks (0.75\u20131.75 mm)<\/h2>\n<p data-start=\"214\" data-end=\"494\">DROPS <strong data-start=\"220\" data-end=\"229\">Steel<\/strong> plieniniai v\u0105\u0161eliai &#8211; tai profesional\u016bs \u012frankiai mezg\u0117joms, dirban\u010dioms su labai plonais si\u016blais, n\u0117riniais ar smulkiomis detal\u0117mis. Pagaminti i\u0161 auk\u0161tos kokyb\u0117s plieno, \u0161ie v\u0105\u0161eliai yra tvirti, ilgaam\u017eiai ir u\u017etikrina tiksl\u0173 aki\u0173 formavim\u0105 kiekviename projekte.<\/p>\n<p data-start=\"496\" data-end=\"787\">Glotniai poliruotas pavir\u0161ius leid\u017eia si\u016blams slysti skland\u017eiai ir vienodai, tod\u0117l mezgimas tampa lengvas ir tikslus, o ergonomi\u0161kas dizainas padeda dirbti komforti\u0161kai net ilg\u0173 sesij\u0173 metu. V\u0105\u0161eliai ypa\u010d tinka n\u0117rimo entuziast\u0117ms, kurioms svarbu precizi\u0161kumas ir profesionalus rezultatas.<\/p>","protected":false},"excerpt":{"rendered":"<p>Precizi\u0161kai pagaminti plieniniai v\u0105\u0161eliai su sidabro spalvos galvute &#8211; puikus pasirinkimas smulkiems n\u0117rimo darbams. Puikiai matomos akut\u0117s, tvirtas metalas ir patogi forma leid\u017eia pasiekti tiksl\u0173 tank\u012f net dirbant su ploniausiais si\u016blais.<\/p>","protected":false},"featured_media":32287,"comment_status":"open","ping_status":"closed","template":"","meta":{"_acf_changed":false},"product_brand":[559],"product_cat":[61,1114,455,527,500,499,506],"product_tag":[594],"class_list":{"0":"post-1599","1":"product","2":"type-product","3":"status-publish","4":"has-post-thumbnail","6":"product_brand-drops","7":"product_cat-virbalai-vaseliai","8":"product_cat-drops-virbalai","9":"product_cat-gamintojas-virbalai-vaseliai","10":"product_cat-metaliniai","11":"product_cat-pluostas","12":"product_cat-rusis","13":"product_cat-vaseliai","14":"product_tag-drops","15":"pa_dydis-0-75-mm","16":"pa_dydis-1-25-mm","17":"pa_dydis-1-50-mm","18":"pa_dydis-1-75-mm","20":"first","21":"instock","22":"taxable","23":"shipping-taxable","24":"purchasable","25":"product-type-variable"},"acf":[],"_links":{"self":[{"href":"https:\/\/siulubangos.lt\/en\/wp-json\/wp\/v2\/product\/1599","targetHints":{"allow":["GET"]}}],"collection":[{"href":"https:\/\/siulubangos.lt\/en\/wp-json\/wp\/v2\/product"}],"about":[{"href":"https:\/\/siulubangos.lt\/en\/wp-json\/wp\/v2\/types\/product"}],"replies":[{"embeddable":true,"href":"https:\/\/siulubangos.lt\/en\/wp-json\/wp\/v2\/comments?post=1599"}],"version-history":[{"count":0,"href":"https:\/\/siulubangos.lt\/en\/wp-json\/wp\/v2\/product\/1599\/revisions"}],"wp:featuredmedia":[{"embeddable":true,"href":"https:\/\/siulubangos.lt\/en\/wp-json\/wp\/v2\/media\/32287"}],"wp:attachment":[{"href":"https:\/\/siulubangos.lt\/en\/wp-json\/wp\/v2\/media?parent=1599"}],"wp:term":[{"taxonomy":"product_brand","embeddable":true,"href":"https:\/\/siulubangos.lt\/en\/wp-json\/wp\/v2\/product_brand?post=1599"},{"taxonomy":"product_cat","embeddable":true,"href":"https:\/\/siulubangos.lt\/en\/wp-json\/wp\/v2\/product_cat?post=1599"},{"taxonomy":"product_tag","embeddable":true,"href":"https:\/\/siulubangos.lt\/en\/wp-json\/wp\/v2\/product_tag?post=1599"}],"curies":[{"name":"wp","href":"https:\/\/api.w.org\/{rel}","templated":true}]}}