{"id":1610,"date":"2025-05-29T13:58:48","date_gmt":"2025-05-29T13:58:48","guid":{"rendered":"https:\/\/siulubangos.lt\/?post_type=product&#038;p=1610"},"modified":"2026-01-14T15:29:24","modified_gmt":"2026-01-14T13:29:24","slug":"mindful-dvipusiai-virbalai","status":"publish","type":"product","link":"https:\/\/siulubangos.lt\/en\/parduotuve\/mindful-dvipusiai-virbalai\/","title":{"rendered":"KnitPro Mindful sock rope (15-20 cm)"},"content":{"rendered":"<h2>KnitPro Mindful sock rope (15-20 cm)<\/h2>\n<p data-start=\"211\" data-end=\"507\">KnitPro <strong data-start=\"219\" data-end=\"230\">Mindful<\/strong> kojini\u0173 virbalai sukurti s\u0105moningam, ramiam ir komforti\u0161kam mezgimui. Pagaminti i\u0161 auk\u0161tos kokyb\u0117s ner\u016bdijan\u010dio plieno, \u0161ie virbalai pasi\u017eymi \u0161velniu, tolygiu si\u016bl\u0173 slydimu ir precizi\u0161kai suformuotais galiukais, leid\u017eian\u010diais lengvai megzti net labai smulkias akis.<\/p>\n<p data-start=\"509\" data-end=\"802\">Kiekvienas virbalas dekoruotas subtiliomis Mindful kolekcijos detal\u0117mis ir \u012fkvepian\u010diais \u017eod\u017eiais, primenan\u010diais apie mezgimo d\u017eiaugsm\u0105 ir susitelkim\u0105 \u012f proces\u0105. \u0160ie 15-20 cm ilgio kojini\u0173 virbalai idealiai tinka mezgant kojines, pir\u0161tines, rie\u0161ines, rankoves ir kitus ma\u017eo diametro gaminius ratu.<\/p>\n<p data-start=\"804\" data-end=\"939\">Subalansuotas svoris ir ergonomi\u0161ka forma padeda suma\u017einti rank\u0173 nuovarg\u012f, tod\u0117l \u0161ie virbalai puikiai tinka ilgesn\u0117ms mezgimo sesijoms.<\/p>","protected":false},"excerpt":{"rendered":"<p>Atraskite Mindful kolekcijos virbalus &#8211; pagamintus i\u0161 ner\u016bdijan\u010dio plieno, su \u012fkvepian\u010diais \u017eod\u017eiais kiekviename virbale. Subtilus dizainas, tobulas balansavimas ir \u0161velnus pavir\u0161ius suteikia lengvumo ir meditacin\u0117s harmonijos poj\u016bt\u012f, paver\u010diant kiekvien\u0105 mezgimo akimirk\u0105 ypatinga.<\/p>","protected":false},"featured_media":1612,"comment_status":"open","ping_status":"closed","template":"","meta":{"_acf_changed":false},"product_brand":[557],"product_cat":[61,510,509,455,468,499],"product_tag":[306],"class_list":{"0":"post-1610","1":"product","2":"type-product","3":"status-publish","4":"has-post-thumbnail","6":"product_brand-knitpro","7":"product_cat-virbalai-vaseliai","8":"product_cat-15-cm","9":"product_cat-20-cm","10":"product_cat-gamintojas-virbalai-vaseliai","11":"product_cat-knitpro-virbalai-vaseliai","12":"product_cat-rusis","13":"product_tag-knitpro","14":"pa_dydis-2-mm","15":"pa_dydis-2-25-mm","16":"pa_dydis-2-50-mm","17":"pa_dydis-2-75-mm","18":"pa_dydis-3-mm","19":"pa_dydis-3-25-mm","20":"pa_dydis-3-50-mm","21":"pa_dydis-3-75-mm","22":"pa_dydis-4-mm","23":"pa_ilgis-15-cm","24":"pa_ilgis-20-cm","26":"first","27":"instock","28":"taxable","29":"shipping-taxable","30":"purchasable","31":"product-type-variable","32":"has-default-attributes"},"acf":[],"_links":{"self":[{"href":"https:\/\/siulubangos.lt\/en\/wp-json\/wp\/v2\/product\/1610","targetHints":{"allow":["GET"]}}],"collection":[{"href":"https:\/\/siulubangos.lt\/en\/wp-json\/wp\/v2\/product"}],"about":[{"href":"https:\/\/siulubangos.lt\/en\/wp-json\/wp\/v2\/types\/product"}],"replies":[{"embeddable":true,"href":"https:\/\/siulubangos.lt\/en\/wp-json\/wp\/v2\/comments?post=1610"}],"version-history":[{"count":0,"href":"https:\/\/siulubangos.lt\/en\/wp-json\/wp\/v2\/product\/1610\/revisions"}],"wp:featuredmedia":[{"embeddable":true,"href":"https:\/\/siulubangos.lt\/en\/wp-json\/wp\/v2\/media\/1612"}],"wp:attachment":[{"href":"https:\/\/siulubangos.lt\/en\/wp-json\/wp\/v2\/media?parent=1610"}],"wp:term":[{"taxonomy":"product_brand","embeddable":true,"href":"https:\/\/siulubangos.lt\/en\/wp-json\/wp\/v2\/product_brand?post=1610"},{"taxonomy":"product_cat","embeddable":true,"href":"https:\/\/siulubangos.lt\/en\/wp-json\/wp\/v2\/product_cat?post=1610"},{"taxonomy":"product_tag","embeddable":true,"href":"https:\/\/siulubangos.lt\/en\/wp-json\/wp\/v2\/product_tag?post=1610"}],"curies":[{"name":"wp","href":"https:\/\/api.w.org\/{rel}","templated":true}]}}