{"id":1632,"date":"2025-05-29T14:12:53","date_gmt":"2025-05-29T14:12:53","guid":{"rendered":"https:\/\/siulubangos.lt\/?post_type=product&#038;p=1632"},"modified":"2026-03-31T15:47:27","modified_gmt":"2026-03-31T12:47:27","slug":"symfonie-virbalai-su-valu","status":"publish","type":"product","link":"https:\/\/siulubangos.lt\/en\/parduotuve\/symfonie-virbalai-su-valu\/","title":{"rendered":"KnitPro Ginger shaft (80 cm, 2-12 mm)"},"content":{"rendered":"<p>Ginger virbalai su valu &#8211; tai \u0161lifuotos ber\u017eo medienos, patog\u016bs ir tvirti virbalai, skirti mezgimui ratu ar didesni\u0173 projekt\u0173 mezgimui. Glotnus sujungimas ir lankstus valas u\u017etikrina skland\u0173 mezgim\u0105 be joki\u0173 trukd\u017ei\u0173.<\/p>","protected":false},"excerpt":{"rendered":"<p>Ginger virbalai su valu &#8211; tai \u0161lifuotos ber\u017eo medienos, patog\u016bs ir tvirti virbalai, skirti mezgimui ratu ar didesni\u0173 projekt\u0173 mezgimui. Glotnus sujungimas ir lankstus valas u\u017etikrina skland\u0173 mezgim\u0105 be joki\u0173 trukd\u017ei\u0173.<\/p>","protected":false},"featured_media":33150,"comment_status":"open","ping_status":"closed","template":"","meta":{"_acf_changed":false},"product_brand":[557],"product_cat":[61,518,455,468,499,501],"product_tag":[306],"class_list":{"0":"post-1632","1":"product","2":"type-product","3":"status-publish","4":"has-post-thumbnail","6":"product_brand-knitpro","7":"product_cat-virbalai-vaseliai","8":"product_cat-80-cm","9":"product_cat-gamintojas-virbalai-vaseliai","10":"product_cat-knitpro-virbalai-vaseliai","11":"product_cat-rusis","12":"product_cat-virbalai-su-valu","13":"product_tag-knitpro","14":"pa_dydis-10-mm","15":"pa_dydis-12-mm","16":"pa_dydis-2-mm","17":"pa_dydis-2-25-mm","18":"pa_dydis-2-50-mm","19":"pa_dydis-2-75-mm","20":"pa_dydis-3-mm","21":"pa_dydis-3-25-mm","22":"pa_dydis-3-50-mm","23":"pa_dydis-3-75-mm","24":"pa_dydis-4-mm","25":"pa_dydis-4-50-mm","26":"pa_dydis-5-mm","27":"pa_dydis-5-50-mm","28":"pa_dydis-6-mm","29":"pa_dydis-6-50-mm","30":"pa_dydis-7-mm","31":"pa_dydis-8-mm","32":"pa_dydis-9-mm","33":"pa_ilgis-80-cm","35":"first","36":"instock","37":"taxable","38":"shipping-taxable","39":"purchasable","40":"product-type-variable"},"acf":[],"_links":{"self":[{"href":"https:\/\/siulubangos.lt\/en\/wp-json\/wp\/v2\/product\/1632","targetHints":{"allow":["GET"]}}],"collection":[{"href":"https:\/\/siulubangos.lt\/en\/wp-json\/wp\/v2\/product"}],"about":[{"href":"https:\/\/siulubangos.lt\/en\/wp-json\/wp\/v2\/types\/product"}],"replies":[{"embeddable":true,"href":"https:\/\/siulubangos.lt\/en\/wp-json\/wp\/v2\/comments?post=1632"}],"version-history":[{"count":0,"href":"https:\/\/siulubangos.lt\/en\/wp-json\/wp\/v2\/product\/1632\/revisions"}],"wp:featuredmedia":[{"embeddable":true,"href":"https:\/\/siulubangos.lt\/en\/wp-json\/wp\/v2\/media\/33150"}],"wp:attachment":[{"href":"https:\/\/siulubangos.lt\/en\/wp-json\/wp\/v2\/media?parent=1632"}],"wp:term":[{"taxonomy":"product_brand","embeddable":true,"href":"https:\/\/siulubangos.lt\/en\/wp-json\/wp\/v2\/product_brand?post=1632"},{"taxonomy":"product_cat","embeddable":true,"href":"https:\/\/siulubangos.lt\/en\/wp-json\/wp\/v2\/product_cat?post=1632"},{"taxonomy":"product_tag","embeddable":true,"href":"https:\/\/siulubangos.lt\/en\/wp-json\/wp\/v2\/product_tag?post=1632"}],"curies":[{"name":"wp","href":"https:\/\/api.w.org\/{rel}","templated":true}]}}