{"id":31618,"date":"2025-10-25T16:20:14","date_gmt":"2025-10-25T16:20:14","guid":{"rendered":"https:\/\/siulubangos.lt\/?post_type=product&#038;p=31618"},"modified":"2026-04-17T09:01:45","modified_gmt":"2026-04-17T06:01:45","slug":"cardiff-cammello-classic-100-kupranugario-vilnos-siulai","status":"publish","type":"product","link":"https:\/\/siulubangos.lt\/en\/parduotuve\/cardiff-cammello-classic-100-kupranugario-vilnos-siulai\/","title":{"rendered":"Cardiff CAMMELLO Classic (100% copper wool)"},"content":{"rendered":"<h2><strong><span dir=\"auto\" style=\"vertical-align: inherit;\"><span dir=\"auto\" style=\"vertical-align: inherit;\">Cardiff CAMMELLO Classic (100 % kupranugario vilna)<\/span><\/span><\/strong><\/h2>\n<p>Cardiff kupranugario vilnos si\u016blai &#8211; tai i\u0161skirtin\u0117s kokyb\u0117s mezgimo si\u016blai, skirti tiems, kurie vertina nat\u016bral\u0173 komfort\u0105, ilgaam\u017ei\u0161kum\u0105 ir autenti\u0161k\u0105 prabang\u0105. \u0160ie si\u016blai gaminami i\u0161 <strong data-start=\"335\" data-end=\"373\">100 % grynos kupranugario paviln\u0117s<\/strong>, kuri laikoma vienu \u0161il\u010diausi\u0173 ir kartu lengviausi\u0173 nat\u016brali\u0173 pluo\u0161t\u0173 pasaulyje.<\/p>\n<p data-start=\"456\" data-end=\"843\">Kupranugario vilna i\u0161gaunama i\u0161 itin plon\u0173, mink\u0161t\u0173 paviln\u0117s plaukeli\u0173, kurie pasi\u017eymi puikiomis <strong data-start=\"553\" data-end=\"586\">termoreguliacin\u0117mis savyb\u0117mis<\/strong> &#8211; mezginiai \u0161ildo net esant \u0161al\u010diui, ta\u010diau neperkaista, leid\u017eia odai kv\u0117puoti ir i\u0161lieka malon\u016bs vis\u0105 dien\u0105. D\u0117l nat\u016bralios pluo\u0161to strukt\u016bros si\u016blai yra ypatingai \u0161veln\u016bs, be dirginimo poj\u016b\u010dio, tod\u0117l puikiai tinka tiek suaugusi\u0173j\u0173, tiek vaik\u0173 mezginiams.<\/p>\n<h3>Features and comfort<\/h3>\n<ul>\n<li>Puikus si\u016blo elastingumas ir tolygumas.<\/li>\n<li>Lengvas slydimas per virbalus.<\/li>\n<li>Gra\u017eiai atskleid\u017eia ra\u0161tus.<\/li>\n<li>Itin malonus rankose.<\/li>\n<li>Stabilumas ir ilgaam\u017ei\u0161kumas<\/li>\n<\/ul>\n<h3><strong>K\u0105 mezgti?<\/strong><\/h3>\n<p>\u0160ie si\u016blai idealiai tinka:<\/p>\n<ul>\n<li data-start=\"1582\" data-end=\"1609\">megztiniams ir kardiganams,<\/li>\n<li data-start=\"1582\" data-end=\"1609\">paltams ir ilgiems, \u0161iltiems drabu\u017eiams,<\/li>\n<li data-start=\"1582\" data-end=\"1609\">vaik\u0173 drabu\u017eiams,<\/li>\n<li data-start=\"1582\" data-end=\"1609\">\u0161alikams, kepur\u0117ms, skaroms ir kitiems aksesuarams,<\/li>\n<li data-start=\"1582\" data-end=\"1609\">projektams, kuriuose svarbus lengvumas, \u0161iluma ir nat\u016bralus prabangos poj\u016btis<\/li>\n<\/ul>\n<h3>Kod\u0117l verta rinktis Cardiff CAMMELLO Classic?<\/h3>\n<ul>\n<li>I\u0161skirtin\u0117, nat\u016brali\u00a0<strong data-start=\"2436\" data-end=\"2459\">\u0161iluma ir komfortas<\/strong><\/li>\n<li><strong data-start=\"2464\" data-end=\"2492\">Neprilygstamas \u0161velnumas<\/strong>\u00a0net jautriai odai<\/li>\n<li>Lengvas, kv\u0117puojantis ir ilgaam\u017eis pluo\u0161tas<\/li>\n<li>Subtilus, nat\u016bralios prabangos poj\u016btis<\/li>\n<li>Atsakingas pasirinkimas ie\u0161kantiems tvari\u0173, auk\u0161tos kokyb\u0117s med\u017eiag\u0173<\/li>\n<\/ul>\n<h3><strong>Knitwear Care\u00a0<\/strong><\/h3>\n<p>Kad mezginiai i\u0161 kupranugario vilnos tarnaut\u0173 kuo ilgiau, rekomenduojama <strong data-start=\"1896\" data-end=\"1918\">skalbti kuo re\u010diau<\/strong> \u2013 da\u017enai pakanka paprasto v\u0117dinimo. Kupranugario vilna nat\u016braliai atspari kvapams ir ne\u0161varumams, tod\u0117l \u0161velni prie\u017ei\u016bra padeda i\u0161saugoti jos savybes.<\/p>\n<ul data-start=\"2071\" data-end=\"2361\">\n<li data-start=\"2071\" data-end=\"2136\">Geriausia skalbti <strong data-start=\"2091\" data-end=\"2103\">rankomis<\/strong> v\u0117siame ar drungname vandenyje<\/li>\n<li data-start=\"2137\" data-end=\"2223\">Galimas ir <strong data-start=\"2150\" data-end=\"2188\">\u0161velnus skalbimo re\u017eimas iki 30 \u00b0C<\/strong>, su minimaliu gr\u0119\u017eimu arba be jo<\/li>\n<li data-start=\"2224\" data-end=\"2264\">Naudokite tik vilnai skirt\u0105 plovikl\u012f<\/li>\n<li data-start=\"2265\" data-end=\"2361\">D\u017eiovinkite paguldyt\u0105, ant lygaus pavir\u0161iaus, vengiant kar\u0161\u010dio ir tiesiogini\u0173 saul\u0117s spinduli\u0173<\/li>\n<\/ul>","protected":false},"excerpt":{"rendered":"<p data-start=\"1139\" data-end=\"1392\">Cardiff kupranugario vilna &#8211; prabangus 100% nat\u016bral\u016bs mezgimo si\u016blai i\u0161 \u0161velnios kupranugario paviln\u0117s. Lengvas, \u0161iltas ir kv\u0117puojantis pluo\u0161tas suteikia mezginiams elegancijos bei komforto.<\/p>","protected":false},"featured_media":31620,"comment_status":"open","ping_status":"closed","template":"","meta":{"_acf_changed":false},"product_brand":[755],"product_cat":[921,435,454,492,58],"product_tag":[919],"class_list":{"0":"post-31618","1":"product","2":"type-product","3":"status-publish","4":"has-post-thumbnail","6":"product_brand-cardiff","7":"product_cat-cardiff-siulai","8":"product_cat-kupranugario-vilnos-siulai","9":"product_cat-naujienos-siulai","10":"product_cat-prabangus-siulai","11":"product_cat-siulai-mezgimui","12":"product_tag-cardiff","13":"pa_pluostas-kupranugariu-vilna","14":"pa_svoris-ilgis-25-g-112-m","16":"first","17":"outofstock","18":"sale","19":"taxable","20":"shipping-taxable","21":"purchasable","22":"product-type-simple"},"acf":[],"_links":{"self":[{"href":"https:\/\/siulubangos.lt\/en\/wp-json\/wp\/v2\/product\/31618","targetHints":{"allow":["GET"]}}],"collection":[{"href":"https:\/\/siulubangos.lt\/en\/wp-json\/wp\/v2\/product"}],"about":[{"href":"https:\/\/siulubangos.lt\/en\/wp-json\/wp\/v2\/types\/product"}],"replies":[{"embeddable":true,"href":"https:\/\/siulubangos.lt\/en\/wp-json\/wp\/v2\/comments?post=31618"}],"version-history":[{"count":0,"href":"https:\/\/siulubangos.lt\/en\/wp-json\/wp\/v2\/product\/31618\/revisions"}],"wp:featuredmedia":[{"embeddable":true,"href":"https:\/\/siulubangos.lt\/en\/wp-json\/wp\/v2\/media\/31620"}],"wp:attachment":[{"href":"https:\/\/siulubangos.lt\/en\/wp-json\/wp\/v2\/media?parent=31618"}],"wp:term":[{"taxonomy":"product_brand","embeddable":true,"href":"https:\/\/siulubangos.lt\/en\/wp-json\/wp\/v2\/product_brand?post=31618"},{"taxonomy":"product_cat","embeddable":true,"href":"https:\/\/siulubangos.lt\/en\/wp-json\/wp\/v2\/product_cat?post=31618"},{"taxonomy":"product_tag","embeddable":true,"href":"https:\/\/siulubangos.lt\/en\/wp-json\/wp\/v2\/product_tag?post=31618"}],"curies":[{"name":"wp","href":"https:\/\/api.w.org\/{rel}","templated":true}]}}