{"id":32354,"date":"2025-10-31T21:00:00","date_gmt":"2025-10-31T21:00:00","guid":{"rendered":"https:\/\/siulubangos.lt\/?post_type=product&#038;p=32354"},"modified":"2026-01-20T12:47:37","modified_gmt":"2026-01-20T10:47:37","slug":"drops-pagalbiniai-virbalai-pynems","status":"publish","type":"product","link":"https:\/\/siulubangos.lt\/en\/parduotuve\/drops-pagalbiniai-virbalai-pynems\/","title":{"rendered":"DROPS auxiliary bobbins for braids"},"content":{"rendered":"<h2>DROPS auxiliary bobbins for braids<\/h2>\n<p data-start=\"168\" data-end=\"432\">DROPS pagalbiniai virbalai pyn\u0117ms &#8211; nepakei\u010diamas aksesuaras mezg\u0117joms, kurios kuria pyni\u0173, reljefini\u0173 ra\u0161t\u0173 ar sud\u0117tingesni\u0173 mezgini\u0173 dizainus. Jie skirti laikinai perkelti mezgimo akis, kad b\u016bt\u0173 lengviau formuoti pynes ir kry\u017eiuoti akis be papildomo vargo.<\/p>\n<p data-start=\"434\" data-end=\"686\">Speciali virbal\u0173 forma padeda saugiai laikyti akis vietoje ir neleid\u017eia joms nuslysti darbo metu. Pagalbiniai virbalai yra lengvi, patog\u016bs naudoti ir tinkami \u012fvairaus storio si\u016blams, tod\u0117l puikiai tinka tiek pradedan\u010dioms, tiek patyrusioms mezg\u0117joms.<\/p>","protected":false},"excerpt":{"rendered":"<p>Tobulas \u012frankis mezgant pynes! 2 vienetai pakuot\u0117je, dyd\u017eiai \u2013 2.5 ir 4.0 mm.<\/p>","protected":false},"featured_media":32356,"comment_status":"open","ping_status":"closed","template":"","meta":{"_acf_changed":false},"product_brand":[559],"product_cat":[310,1115,529,1119,528],"product_tag":[594],"class_list":{"0":"post-32354","1":"product","2":"type-product","3":"status-publish","4":"has-post-thumbnail","6":"product_brand-drops","7":"product_cat-mezgimo-priemones","8":"product_cat-drops-kitos-priemones","9":"product_cat-gamintojas-kitos-priemones","10":"product_cat-pagalbiniai-virbalai","11":"product_cat-priemones-tipas","12":"product_tag-drops","13":"pa_ilgis-100-cm","14":"pa_ilgis-60-cm","15":"pa_ilgis-80-cm","17":"first","18":"instock","19":"taxable","20":"shipping-taxable","21":"purchasable","22":"product-type-simple"},"acf":[],"_links":{"self":[{"href":"https:\/\/siulubangos.lt\/en\/wp-json\/wp\/v2\/product\/32354","targetHints":{"allow":["GET"]}}],"collection":[{"href":"https:\/\/siulubangos.lt\/en\/wp-json\/wp\/v2\/product"}],"about":[{"href":"https:\/\/siulubangos.lt\/en\/wp-json\/wp\/v2\/types\/product"}],"replies":[{"embeddable":true,"href":"https:\/\/siulubangos.lt\/en\/wp-json\/wp\/v2\/comments?post=32354"}],"version-history":[{"count":0,"href":"https:\/\/siulubangos.lt\/en\/wp-json\/wp\/v2\/product\/32354\/revisions"}],"wp:featuredmedia":[{"embeddable":true,"href":"https:\/\/siulubangos.lt\/en\/wp-json\/wp\/v2\/media\/32356"}],"wp:attachment":[{"href":"https:\/\/siulubangos.lt\/en\/wp-json\/wp\/v2\/media?parent=32354"}],"wp:term":[{"taxonomy":"product_brand","embeddable":true,"href":"https:\/\/siulubangos.lt\/en\/wp-json\/wp\/v2\/product_brand?post=32354"},{"taxonomy":"product_cat","embeddable":true,"href":"https:\/\/siulubangos.lt\/en\/wp-json\/wp\/v2\/product_cat?post=32354"},{"taxonomy":"product_tag","embeddable":true,"href":"https:\/\/siulubangos.lt\/en\/wp-json\/wp\/v2\/product_tag?post=32354"}],"curies":[{"name":"wp","href":"https:\/\/api.w.org\/{rel}","templated":true}]}}