{"id":32477,"date":"2025-11-01T15:03:01","date_gmt":"2025-11-01T15:03:01","guid":{"rendered":"https:\/\/siulubangos.lt\/?post_type=product&#038;p=32477"},"modified":"2026-01-28T13:07:32","modified_gmt":"2026-01-28T11:07:32","slug":"drops-sagos-gelytes-15-mm","status":"publish","type":"product","link":"https:\/\/siulubangos.lt\/en\/parduotuve\/drops-sagos-gelytes-15-mm\/","title":{"rendered":"Drops buttons FLOWERS (15 mm)"},"content":{"rendered":"<h2>Drops buttons FLOWERS (15 mm)<\/h2>\n<p data-start=\"183\" data-end=\"475\">DROPS sagos G\u0117lyt\u0117s &#8211; tai dailus ir prakti\u0161kas pasirinkimas vaik\u0173 drabu\u017eiams, megztiniams, aksesuarams ar rank\u0173 darbo dekoracijoms. G\u0117lyt\u0117s formos dizainas suteikia projektams \u0161velnumo, \u017eaismingumo ir i\u0161skirtinumo, tod\u0117l jos puikiai tinka norint suteikti k\u016briniams dekoratyv\u0173 akcent\u0105.<\/p>\n<p data-start=\"477\" data-end=\"715\">Buttons <strong data-start=\"483\" data-end=\"499\">15 mm dyd\u017eio<\/strong>, tod\u0117l idealiai tinka smulkesniems projektams &#8211; k\u016bdiki\u0173 ir vaik\u0173 drabu\u017e\u0117liams, \u0161alik\u0117liams, kepur\u0117ms ar aksesuarams. Auk\u0161tos kokyb\u0117s gamyba u\u017etikrina, kad sagos b\u016bt\u0173 patvarios, lengvos ir patogios naudoti kasdien.<\/p>","protected":false},"excerpt":{"rendered":"<p>\u0160ios \u201eDrops\u201c medin\u0117s sagos &#8211; tai subtilus nat\u016bralumo ir meistryst\u0117s derinys. Kiekviena saga i\u0161siskiria unikalia med\u017eio tekst\u016bra ir \u0161velniai i\u0161graviruotais g\u0117li\u0173 ra\u0161tais, suteikian\u010diais jaukumo bei i\u0161skirtinumo j\u016bs\u0173 k\u016briniams. Sagos tvirtos, ilgaam\u017e\u0117s ir universalios &#8211; puikiai dera tiek prie megzt\u0173, tiek prie si\u016bt\u0173 gamini\u0173. Galima skalbti iki 40 \u00b0C temperat\u016broje.<\/p>","protected":false},"featured_media":32467,"comment_status":"open","ping_status":"closed","template":"","meta":{"_acf_changed":false},"product_brand":[559],"product_cat":[310,1115,529,528,539],"product_tag":[594],"class_list":{"0":"post-32477","1":"product","2":"type-product","3":"status-publish","4":"has-post-thumbnail","6":"product_brand-drops","7":"product_cat-mezgimo-priemones","8":"product_cat-drops-kitos-priemones","9":"product_cat-gamintojas-kitos-priemones","10":"product_cat-priemones-tipas","11":"product_cat-sagos","12":"product_tag-drops","14":"first","15":"instock","16":"taxable","17":"shipping-taxable","18":"purchasable","19":"product-type-simple"},"acf":[],"_links":{"self":[{"href":"https:\/\/siulubangos.lt\/en\/wp-json\/wp\/v2\/product\/32477","targetHints":{"allow":["GET"]}}],"collection":[{"href":"https:\/\/siulubangos.lt\/en\/wp-json\/wp\/v2\/product"}],"about":[{"href":"https:\/\/siulubangos.lt\/en\/wp-json\/wp\/v2\/types\/product"}],"replies":[{"embeddable":true,"href":"https:\/\/siulubangos.lt\/en\/wp-json\/wp\/v2\/comments?post=32477"}],"version-history":[{"count":0,"href":"https:\/\/siulubangos.lt\/en\/wp-json\/wp\/v2\/product\/32477\/revisions"}],"wp:featuredmedia":[{"embeddable":true,"href":"https:\/\/siulubangos.lt\/en\/wp-json\/wp\/v2\/media\/32467"}],"wp:attachment":[{"href":"https:\/\/siulubangos.lt\/en\/wp-json\/wp\/v2\/media?parent=32477"}],"wp:term":[{"taxonomy":"product_brand","embeddable":true,"href":"https:\/\/siulubangos.lt\/en\/wp-json\/wp\/v2\/product_brand?post=32477"},{"taxonomy":"product_cat","embeddable":true,"href":"https:\/\/siulubangos.lt\/en\/wp-json\/wp\/v2\/product_cat?post=32477"},{"taxonomy":"product_tag","embeddable":true,"href":"https:\/\/siulubangos.lt\/en\/wp-json\/wp\/v2\/product_tag?post=32477"}],"curies":[{"name":"wp","href":"https:\/\/api.w.org\/{rel}","templated":true}]}}