{"id":32520,"date":"2025-11-01T16:00:23","date_gmt":"2025-11-01T16:00:23","guid":{"rendered":"https:\/\/siulubangos.lt\/?post_type=product&#038;p=32520"},"modified":"2026-01-12T14:23:51","modified_gmt":"2026-01-12T12:23:51","slug":"drops-alyvmedzio-medienos-sagos-18-28-mm","status":"publish","type":"product","link":"https:\/\/siulubangos.lt\/en\/parduotuve\/drops-alyvmedzio-medienos-sagos-18-28-mm\/","title":{"rendered":"Drops olive wood buttons ( 18 - 28 mm )"},"content":{"rendered":"<h2>Drops olive wood buttons ( 18 - 28 mm )<\/h2>\n<p data-start=\"216\" data-end=\"539\">DROPS alyvmed\u017eio medienos sagos &#8211; tai auk\u0161tos kokyb\u0117s, nat\u016bral\u016bs aksesuarai, suteikiantys rank\u0173 darbo drabu\u017eiams ir aksesuarams autenti\u0161kumo bei \u0161ilumos. Pagamintos i\u0161 tikro alyvmed\u017eio, \u0161ios sagos pasi\u017eymi unikaliu medienos ra\u0161tu, \u0161velniu pavir\u0161iumi ir nat\u016braliomis spalv\u0173 variacijomis &#8211; kiekviena saga yra vienetin\u0117.<\/p>\n<p data-start=\"541\" data-end=\"831\">Galimi dyd\u017eiai <strong data-start=\"556\" data-end=\"576\">nuo 18 iki 28 mm<\/strong>, tod\u0117l sagos puikiai tinka tiek smulkesniems mezginiams, tiek didesniems projektams &#8211; megztiniams, kardiganams, paltukams, rankin\u0117ms ar nam\u0173 tekstilei. Alyvmed\u017eio mediena yra tvirta ir ilgaam\u017e\u0117, tod\u0117l sagos i\u0161laiko savo gro\u017e\u012f net intensyviai naudojant.<\/p>","protected":false},"excerpt":{"rendered":"<p>\u0160ios \u201eDrops\u201c medin\u0117s sagos \u2013 tvirtos, universalios ir pasi\u017eymin\u010dios nat\u016bralia med\u017eio tekst\u016bra, kuri suteikia kiekvienam gaminiui i\u0161skirtinumo. D\u0117l nat\u016bralios medienos kiekviena saga yra vienintel\u0117 tokia, savo ra\u0161tu ir charakteriu nepana\u0161i \u012f kitas. Lengvai pri\u017ei\u016brimos \u2013 galima skalbti iki 40 \u00b0C.<\/p>","protected":false},"featured_media":32525,"comment_status":"open","ping_status":"closed","template":"","meta":{"_acf_changed":false},"product_brand":[559],"product_cat":[310,1115,529,528,539],"product_tag":[594],"class_list":{"0":"post-32520","1":"product","2":"type-product","3":"status-publish","4":"has-post-thumbnail","6":"product_brand-drops","7":"product_cat-mezgimo-priemones","8":"product_cat-drops-kitos-priemones","9":"product_cat-gamintojas-kitos-priemones","10":"product_cat-priemones-tipas","11":"product_cat-sagos","12":"product_tag-drops","13":"pa_dydis-18-mm","14":"pa_dydis-23-mm","15":"pa_dydis-28-mm","17":"first","18":"instock","19":"taxable","20":"shipping-taxable","21":"purchasable","22":"product-type-variable"},"acf":[],"_links":{"self":[{"href":"https:\/\/siulubangos.lt\/en\/wp-json\/wp\/v2\/product\/32520","targetHints":{"allow":["GET"]}}],"collection":[{"href":"https:\/\/siulubangos.lt\/en\/wp-json\/wp\/v2\/product"}],"about":[{"href":"https:\/\/siulubangos.lt\/en\/wp-json\/wp\/v2\/types\/product"}],"replies":[{"embeddable":true,"href":"https:\/\/siulubangos.lt\/en\/wp-json\/wp\/v2\/comments?post=32520"}],"version-history":[{"count":0,"href":"https:\/\/siulubangos.lt\/en\/wp-json\/wp\/v2\/product\/32520\/revisions"}],"wp:featuredmedia":[{"embeddable":true,"href":"https:\/\/siulubangos.lt\/en\/wp-json\/wp\/v2\/media\/32525"}],"wp:attachment":[{"href":"https:\/\/siulubangos.lt\/en\/wp-json\/wp\/v2\/media?parent=32520"}],"wp:term":[{"taxonomy":"product_brand","embeddable":true,"href":"https:\/\/siulubangos.lt\/en\/wp-json\/wp\/v2\/product_brand?post=32520"},{"taxonomy":"product_cat","embeddable":true,"href":"https:\/\/siulubangos.lt\/en\/wp-json\/wp\/v2\/product_cat?post=32520"},{"taxonomy":"product_tag","embeddable":true,"href":"https:\/\/siulubangos.lt\/en\/wp-json\/wp\/v2\/product_tag?post=32520"}],"curies":[{"name":"wp","href":"https:\/\/api.w.org\/{rel}","templated":true}]}}