{"id":32550,"date":"2025-11-01T16:27:10","date_gmt":"2025-11-01T16:27:10","guid":{"rendered":"https:\/\/siulubangos.lt\/?post_type=product&#038;p=32550"},"modified":"2026-01-12T14:04:08","modified_gmt":"2026-01-12T12:04:08","slug":"drops-perlamutrines-sagos-20-mm","status":"publish","type":"product","link":"https:\/\/siulubangos.lt\/en\/parduotuve\/drops-perlamutrines-sagos-20-mm\/","title":{"rendered":"Drops mother-of-pearl buttons ( 20 mm )"},"content":{"rendered":"<h2>Drops mother-of-pearl buttons ( 20 mm )<\/h2>\n<p data-start=\"177\" data-end=\"517\">DROPS perlamutrin\u0117s sagos &#8211; tai stilingas ir prakti\u0161kas pasirinkimas megztiniams, \u0161varkeliams, aksesuarams ar kitiems rank\u0173 darbo projektams. Nat\u016bralus perlamutras suteikia sagoms subtil\u0173 blizges\u012f ir elegancij\u0105, o <strong data-start=\"395\" data-end=\"410\">20 mm dydis<\/strong> puikiai tinka tiek drabu\u017eiams, tiek aksesuarams, kuriems reikia patikimo ir esteti\u0161ko u\u017edarymo elemento.<\/p>\n<p data-start=\"519\" data-end=\"759\">Auk\u0161tos kokyb\u0117s gamyba u\u017etikrina, kad sagos b\u016bt\u0173 ilgaam\u017e\u0117s, atsparios kasdieniam naudojimui ir i\u0161laikyt\u0173 savo \u017eaves\u012f bei spalv\u0105 net po daugelio skalbim\u0173. Nat\u016bralus perlamutras suteikia rank\u0173 darbo projektams profesionalumo ir rafinuotumo.<\/p>","protected":false},"excerpt":{"rendered":"<p>\u0160ios \u201eDrops\u201c perlamutrin\u0117s sagos pagamintos i\u0161 nat\u016bralios kriaukl\u0117s mas\u0117s, tod\u0117l kiekviena yra vienetin\u0117 ir unikali. Jos \u017eavi subtiliu perlamutriniu \u017evilgesiu, tvirtumu ir i\u0161skirtiniu puo\u0161numu, suteikian\u010diu j\u016bs\u0173 rank\u0173 darbo gaminiams prabangos akcent\u0105. Lengvai pri\u017ei\u016brimos \u2013 galima skalbti iki 40 \u00b0C, tad i\u0161laiko gro\u017e\u012f ir ilgaam\u017ei\u0161kum\u0105 net kasdienio naudojimo metu.<\/p>","protected":false},"featured_media":32555,"comment_status":"open","ping_status":"closed","template":"","meta":{"_acf_changed":false},"product_brand":[559],"product_cat":[310,1115,529,528,539],"product_tag":[594],"class_list":{"0":"post-32550","1":"product","2":"type-product","3":"status-publish","4":"has-post-thumbnail","6":"product_brand-drops","7":"product_cat-mezgimo-priemones","8":"product_cat-drops-kitos-priemones","9":"product_cat-gamintojas-kitos-priemones","10":"product_cat-priemones-tipas","11":"product_cat-sagos","12":"product_tag-drops","14":"first","15":"instock","16":"taxable","17":"shipping-taxable","18":"purchasable","19":"product-type-simple"},"acf":[],"_links":{"self":[{"href":"https:\/\/siulubangos.lt\/en\/wp-json\/wp\/v2\/product\/32550","targetHints":{"allow":["GET"]}}],"collection":[{"href":"https:\/\/siulubangos.lt\/en\/wp-json\/wp\/v2\/product"}],"about":[{"href":"https:\/\/siulubangos.lt\/en\/wp-json\/wp\/v2\/types\/product"}],"replies":[{"embeddable":true,"href":"https:\/\/siulubangos.lt\/en\/wp-json\/wp\/v2\/comments?post=32550"}],"version-history":[{"count":0,"href":"https:\/\/siulubangos.lt\/en\/wp-json\/wp\/v2\/product\/32550\/revisions"}],"wp:featuredmedia":[{"embeddable":true,"href":"https:\/\/siulubangos.lt\/en\/wp-json\/wp\/v2\/media\/32555"}],"wp:attachment":[{"href":"https:\/\/siulubangos.lt\/en\/wp-json\/wp\/v2\/media?parent=32550"}],"wp:term":[{"taxonomy":"product_brand","embeddable":true,"href":"https:\/\/siulubangos.lt\/en\/wp-json\/wp\/v2\/product_brand?post=32550"},{"taxonomy":"product_cat","embeddable":true,"href":"https:\/\/siulubangos.lt\/en\/wp-json\/wp\/v2\/product_cat?post=32550"},{"taxonomy":"product_tag","embeddable":true,"href":"https:\/\/siulubangos.lt\/en\/wp-json\/wp\/v2\/product_tag?post=32550"}],"curies":[{"name":"wp","href":"https:\/\/api.w.org\/{rel}","templated":true}]}}