{"id":32578,"date":"2025-11-01T18:47:18","date_gmt":"2025-11-01T16:47:18","guid":{"rendered":"https:\/\/siulubangos.lt\/?post_type=product&#038;p=32578"},"modified":"2026-01-28T12:57:20","modified_gmt":"2026-01-28T10:57:20","slug":"drops-perlamutrines-sagos-zalia-gelyte-20-mm","status":"publish","type":"product","link":"https:\/\/siulubangos.lt\/en\/parduotuve\/drops-perlamutrines-sagos-zalia-gelyte-20-mm\/","title":{"rendered":"Drops pearl buttons GREEN FLOWER (20 mm)"},"content":{"rendered":"<h2>Drops perlamutrin\u0117s sagos \u017dALIA G\u0116LYT\u0116 (20 mm)<\/h2>\n<p data-start=\"220\" data-end=\"493\">DROPS perlamutrin\u0117s sagos \u017dalia g\u0117lyt\u0117 &#8211; tai stilingas ir unikalus sprendimas megztiniams, \u0161varkeliams, aksesuarams ar kitiems rank\u0173 darbo k\u016briniams. Nat\u016bralus perlamutras suteikia sagoms subtil\u0173 blizges\u012f, o \u017ealia g\u0117lyt\u0117s detal\u0117 &#8211; \u017eaismingumo ir gyvybingumo poj\u016bt\u012f.<\/p>\n<p data-start=\"495\" data-end=\"765\">Buttons <strong data-start=\"501\" data-end=\"517\">20 mm dyd\u017eio<\/strong>, tod\u0117l puikiai tinka tiek vaik\u0173, tiek suaugusi\u0173j\u0173 drabu\u017eiams, suteikiant projektams i\u0161skirtinumo ir ry\u0161k\u0173 akcent\u0105. Auk\u0161tos kokyb\u0117s gamyba u\u017etikrina, kad sagos ilgai i\u0161likt\u0173 patvarios, atsparios kasdieniam naudojimui ir neprarast\u0173 savo blizgesio.<\/p>","protected":false},"excerpt":{"rendered":"<p>\u0160ios \u201eDrops\u201c perlamutrin\u0117s sagos, pagamintos i\u0161 nat\u016bralios kriaukl\u0117s mas\u0117s, kiekviena yra vienetin\u0117 ir unikali. Jos \u017eavi subtiliu perlamutriniu \u017evilgesiu, tvirtumu ir i\u0161skirtiniu puo\u0161numu, suteikian\u010diu j\u016bs\u0173 rank\u0173 darbo gaminiams rafinuot\u0105 elegancij\u0105. Lengvai pri\u017ei\u016brimos \u2013 galima skalbti iki 40 \u00b0C, i\u0161laikant gro\u017e\u012f ir ilgaam\u017ei\u0161kum\u0105 net kasdienio naudojimo metu.<\/p>","protected":false},"featured_media":32580,"comment_status":"open","ping_status":"closed","template":"","meta":{"_acf_changed":false},"product_brand":[559],"product_cat":[310,1115,529,528,539],"product_tag":[594],"class_list":{"0":"post-32578","1":"product","2":"type-product","3":"status-publish","4":"has-post-thumbnail","6":"product_brand-drops","7":"product_cat-mezgimo-priemones","8":"product_cat-drops-kitos-priemones","9":"product_cat-gamintojas-kitos-priemones","10":"product_cat-priemones-tipas","11":"product_cat-sagos","12":"product_tag-drops","14":"first","15":"instock","16":"taxable","17":"shipping-taxable","18":"purchasable","19":"product-type-simple"},"acf":[],"_links":{"self":[{"href":"https:\/\/siulubangos.lt\/en\/wp-json\/wp\/v2\/product\/32578","targetHints":{"allow":["GET"]}}],"collection":[{"href":"https:\/\/siulubangos.lt\/en\/wp-json\/wp\/v2\/product"}],"about":[{"href":"https:\/\/siulubangos.lt\/en\/wp-json\/wp\/v2\/types\/product"}],"replies":[{"embeddable":true,"href":"https:\/\/siulubangos.lt\/en\/wp-json\/wp\/v2\/comments?post=32578"}],"version-history":[{"count":0,"href":"https:\/\/siulubangos.lt\/en\/wp-json\/wp\/v2\/product\/32578\/revisions"}],"wp:featuredmedia":[{"embeddable":true,"href":"https:\/\/siulubangos.lt\/en\/wp-json\/wp\/v2\/media\/32580"}],"wp:attachment":[{"href":"https:\/\/siulubangos.lt\/en\/wp-json\/wp\/v2\/media?parent=32578"}],"wp:term":[{"taxonomy":"product_brand","embeddable":true,"href":"https:\/\/siulubangos.lt\/en\/wp-json\/wp\/v2\/product_brand?post=32578"},{"taxonomy":"product_cat","embeddable":true,"href":"https:\/\/siulubangos.lt\/en\/wp-json\/wp\/v2\/product_cat?post=32578"},{"taxonomy":"product_tag","embeddable":true,"href":"https:\/\/siulubangos.lt\/en\/wp-json\/wp\/v2\/product_tag?post=32578"}],"curies":[{"name":"wp","href":"https:\/\/api.w.org\/{rel}","templated":true}]}}