{"id":32584,"date":"2025-11-01T18:55:50","date_gmt":"2025-11-01T16:55:50","guid":{"rendered":"https:\/\/siulubangos.lt\/?post_type=product&#038;p=32584"},"modified":"2026-01-28T12:56:50","modified_gmt":"2026-01-28T10:56:50","slug":"drops-perlamutrines-tamsiai-rudos-sagos-18-mm","status":"publish","type":"product","link":"https:\/\/siulubangos.lt\/en\/parduotuve\/drops-perlamutrines-tamsiai-rudos-sagos-18-mm\/","title":{"rendered":"Drops mother-of-pearl dark brown buttons (18 mm)"},"content":{"rendered":"<h2>Drops mother-of-pearl dark brown buttons (18 mm)<\/h2>\n<p data-start=\"216\" data-end=\"507\">DROPS perlamutrin\u0117s tamsiai rudos sagos &#8211; tai eleganti\u0161kas sprendimas drabu\u017eiams, aksesuarams ir rank\u0173 darbo projektams. Nat\u016bralus perlamutras suteikia sagoms subtil\u0173 blizges\u012f, o tamsiai ruda spalva &#8211; \u0161ilumos, nat\u016bralumo ir universalumo jausm\u0105, lengvai derant\u012f prie \u012fvairi\u0173 si\u016bl\u0173 ton\u0173.<\/p>\n<p data-start=\"509\" data-end=\"813\">Buttons <strong data-start=\"515\" data-end=\"531\">18 mm dyd\u017eio<\/strong>, tod\u0117l puikiai tinka megztiniams, \u0161varkeliams, liemen\u0117ms ar aksesuarams, kuriems reikia tvirto, patikimo ir esteti\u0161ko u\u017edarymo elemento. Auk\u0161tos kokyb\u0117s gamyba u\u017etikrina, kad sagos b\u016bt\u0173 ilgaam\u017e\u0117s, atsparios kasdieniam naudojimui ir i\u0161laikyt\u0173 savo blizges\u012f bei form\u0105 daugel\u012f met\u0173.<\/p>","protected":false},"excerpt":{"rendered":"<p>\u0160ios \u201eDrops\u201c perlamutrin\u0117s sagos, pagamintos i\u0161 nat\u016bralios kriaukl\u0117s mas\u0117s, kiekviena yra vienetin\u0117 ir nepana\u0161i \u012f kitas. Jos spindi subtiliu perlamutriniu \u017evilgesiu, pasi\u017eymi tvirtumu ir i\u0161skirtiniu puo\u0161numu, suteikdamos j\u016bs\u0173 rank\u0173 darbo gaminiams rafinuot\u0105 elegancij\u0105. Lengvai pri\u017ei\u016brimos \u2013 galima skalbti iki 30 \u00b0C, i\u0161laikant gro\u017e\u012f ir ilgaam\u017ei\u0161kum\u0105 net kasdienio naudojimo metu.<\/p>","protected":false},"featured_media":32586,"comment_status":"open","ping_status":"closed","template":"","meta":{"_acf_changed":false},"product_brand":[559],"product_cat":[310,1115,529,528,539],"product_tag":[594],"class_list":{"0":"post-32584","1":"product","2":"type-product","3":"status-publish","4":"has-post-thumbnail","6":"product_brand-drops","7":"product_cat-mezgimo-priemones","8":"product_cat-drops-kitos-priemones","9":"product_cat-gamintojas-kitos-priemones","10":"product_cat-priemones-tipas","11":"product_cat-sagos","12":"product_tag-drops","14":"first","15":"instock","16":"taxable","17":"shipping-taxable","18":"purchasable","19":"product-type-simple"},"acf":[],"_links":{"self":[{"href":"https:\/\/siulubangos.lt\/en\/wp-json\/wp\/v2\/product\/32584","targetHints":{"allow":["GET"]}}],"collection":[{"href":"https:\/\/siulubangos.lt\/en\/wp-json\/wp\/v2\/product"}],"about":[{"href":"https:\/\/siulubangos.lt\/en\/wp-json\/wp\/v2\/types\/product"}],"replies":[{"embeddable":true,"href":"https:\/\/siulubangos.lt\/en\/wp-json\/wp\/v2\/comments?post=32584"}],"version-history":[{"count":0,"href":"https:\/\/siulubangos.lt\/en\/wp-json\/wp\/v2\/product\/32584\/revisions"}],"wp:featuredmedia":[{"embeddable":true,"href":"https:\/\/siulubangos.lt\/en\/wp-json\/wp\/v2\/media\/32586"}],"wp:attachment":[{"href":"https:\/\/siulubangos.lt\/en\/wp-json\/wp\/v2\/media?parent=32584"}],"wp:term":[{"taxonomy":"product_brand","embeddable":true,"href":"https:\/\/siulubangos.lt\/en\/wp-json\/wp\/v2\/product_brand?post=32584"},{"taxonomy":"product_cat","embeddable":true,"href":"https:\/\/siulubangos.lt\/en\/wp-json\/wp\/v2\/product_cat?post=32584"},{"taxonomy":"product_tag","embeddable":true,"href":"https:\/\/siulubangos.lt\/en\/wp-json\/wp\/v2\/product_tag?post=32584"}],"curies":[{"name":"wp","href":"https:\/\/api.w.org\/{rel}","templated":true}]}}