{"id":32940,"date":"2025-11-03T16:39:52","date_gmt":"2025-11-03T16:39:52","guid":{"rendered":"https:\/\/siulubangos.lt\/?post_type=product&#038;p=32940"},"modified":"2026-01-12T09:22:17","modified_gmt":"2026-01-12T07:22:17","slug":"knitpro-jadore-cubics-prisukamu-virbalu-rinkinys-13-cm-4-8-mm","status":"publish","type":"product","link":"https:\/\/siulubangos.lt\/en\/parduotuve\/knitpro-jadore-cubics-prisukamu-virbalu-rinkinys-13-cm-4-8-mm\/","title":{"rendered":"KnitPro J'adore Cubics Screw-on Cord Set (13 cm, 4-8 mm)"},"content":{"rendered":"<div class=\"product-description\">\n<h2>KnitPro J adore Cubics prisukam\u0173 virbal\u0173 rinkinys (13 cm, 4-8 mm)<\/h2>\n<p>Tai prabangus, patogus ir funkcionalus rinkinys mezg\u0117jams, vertinantiems auk\u0161t\u0105 kokyb\u0119 ir estetik\u0105. Virbalai subtilios violetin\u0117s spalvos maloniai guli rankose ir suteikia vizualin\u012f gro\u017e\u012f mezgimo procesui.<\/p>\n<h3><strong>The set consists of<\/strong>\u00a0<strong>:<\/strong><\/h3>\n<ul>\n<li>7 poros kei\u010diam\u0173 ( prisukam\u0173)\u00a0 virbal\u0173 : 4.0, 4.5, 5.0, 5.5, 6.0, 7.0 ir 8.0 mm<\/li>\n<li>4 juodi ner\u016bdijan\u010dio plieno su nailono danga 360\u00b0 besisukantys valai: po 2 \u2013 40 cm ir 50 cm<\/li>\n<li>8 nozzles<\/li>\n<li>\u00a04 rakteliai valo ir virbalo sutvirtinimui<\/li>\n<li>2 Wave connectors<\/li>\n<li>Stilingas levand\u0173 spalvos audinio d\u0117klas \u2013 tvarkai ir saugumui<\/li>\n<\/ul>\n<p>Pasirink i\u0161skirtin\u012f rinkin\u012f, kuris d\u017eiugins ne tik funkcionalumu, bet ir i\u0161vaizda. Tobula dovana sau ar mezgimo myl\u0117tojui!<\/p>\n<\/div>","protected":false},"excerpt":{"rendered":"<p>KnitPro J\u2019adore Cubics rinkinys \u2013 tai tikras prabangos, komforto ir funkcionalumo derinys, tinkamas tiek pradedantiesiems, tiek patyrusiems mezg\u0117jams, kurie nori auk\u0161\u010diausios kokyb\u0117s \u012franki\u0173 kiekvienam projektui.<\/p>","protected":false},"featured_media":32941,"comment_status":"open","ping_status":"closed","template":"","meta":{"_acf_changed":false},"product_brand":[557],"product_cat":[61,483,455,468,526,505,499,507],"product_tag":[306],"class_list":{"0":"post-32940","1":"product","2":"type-product","3":"status-publish","4":"has-post-thumbnail","6":"product_brand-knitpro","7":"product_cat-virbalai-vaseliai","8":"product_cat-dovanos","9":"product_cat-gamintojas-virbalai-vaseliai","10":"product_cat-knitpro-virbalai-vaseliai","11":"product_cat-mediniai","12":"product_cat-rinkiniai","13":"product_cat-rusis","14":"product_cat-virbalu-rinkiniai","15":"product_tag-knitpro","16":"pa_dydis-4-mm","17":"pa_dydis-4-50-mm","18":"pa_dydis-5-mm","19":"pa_dydis-5-50-mm","20":"pa_dydis-6-mm","21":"pa_dydis-7-mm","22":"pa_dydis-8-mm","24":"first","25":"instock","26":"taxable","27":"shipping-taxable","28":"purchasable","29":"product-type-simple"},"acf":[],"_links":{"self":[{"href":"https:\/\/siulubangos.lt\/en\/wp-json\/wp\/v2\/product\/32940","targetHints":{"allow":["GET"]}}],"collection":[{"href":"https:\/\/siulubangos.lt\/en\/wp-json\/wp\/v2\/product"}],"about":[{"href":"https:\/\/siulubangos.lt\/en\/wp-json\/wp\/v2\/types\/product"}],"replies":[{"embeddable":true,"href":"https:\/\/siulubangos.lt\/en\/wp-json\/wp\/v2\/comments?post=32940"}],"version-history":[{"count":0,"href":"https:\/\/siulubangos.lt\/en\/wp-json\/wp\/v2\/product\/32940\/revisions"}],"wp:featuredmedia":[{"embeddable":true,"href":"https:\/\/siulubangos.lt\/en\/wp-json\/wp\/v2\/media\/32941"}],"wp:attachment":[{"href":"https:\/\/siulubangos.lt\/en\/wp-json\/wp\/v2\/media?parent=32940"}],"wp:term":[{"taxonomy":"product_brand","embeddable":true,"href":"https:\/\/siulubangos.lt\/en\/wp-json\/wp\/v2\/product_brand?post=32940"},{"taxonomy":"product_cat","embeddable":true,"href":"https:\/\/siulubangos.lt\/en\/wp-json\/wp\/v2\/product_cat?post=32940"},{"taxonomy":"product_tag","embeddable":true,"href":"https:\/\/siulubangos.lt\/en\/wp-json\/wp\/v2\/product_tag?post=32940"}],"curies":[{"name":"wp","href":"https:\/\/api.w.org\/{rel}","templated":true}]}}