{"id":32981,"date":"2025-11-03T19:52:24","date_gmt":"2025-11-03T19:52:24","guid":{"rendered":"https:\/\/siulubangos.lt\/?post_type=product&#038;p=32981"},"modified":"2026-03-11T22:51:04","modified_gmt":"2026-03-11T20:51:04","slug":"knitpro-swivel-360-rotaciniai-auksiniais-galiukais-valai","status":"publish","type":"product","link":"https:\/\/siulubangos.lt\/en\/parduotuve\/knitpro-swivel-360-rotaciniai-auksiniais-galiukais-valai\/","title":{"rendered":"KnitPro rotary gold-tipped line (40-150 cm)"},"content":{"rendered":"<h2>KnitPro rotary gold-tipped line (40-150 cm)<\/h2>\n<p data-start=\"215\" data-end=\"503\">KnitPro rotaciniai <strong data-start=\"243\" data-end=\"279\">auksiniais galiukais valai<\/strong> sukurti patogiam, tolygiui ir be \u012ftampos mezgimui su kei\u010diamais virbalais. 360 besisukantis rotacinis sujungimas leid\u017eia valui laisvai jud\u0117ti, tod\u0117l jis nesusisuka, netempia mezginio ir u\u017etikrina nat\u016bralius rank\u0173 judesius.<\/p>\n<p data-start=\"505\" data-end=\"763\">Lankstus, bet itin tvirtas valas i\u0161laiko form\u0105, nesilanksto ir greitai gr\u012f\u017eta \u012f pradin\u0119 pad\u0117t\u012f. Poliruoti auksiniai galiukai u\u017etikrina itin skland\u0173 per\u0117jim\u0105 tarp virbalo ir valo, tod\u0117l si\u016blai neu\u017esikabina ir akys slysta lengvai net mezgant smulkiais si\u016blais.<\/p>\n<p data-start=\"765\" data-end=\"926\">Platus <strong data-start=\"772\" data-end=\"791\">40-150 cm ilgi\u0173<\/strong> pasirinkimas leid\u017eia \u0161iuos valus pritaikyti \u012fvairiems projektams &#8211; nuo kepuri\u0173 ir rankovi\u0173 iki dideli\u0173 megztini\u0173, skar\u0173 ar antklod\u017ei\u0173.<\/p>\n<p><strong>IMPORTANT !<\/strong><\/p>\n<p>Nurodytas ilgis n\u0117ra pa\u010dio valo ilgis, o valo ilgis kartu su prisukamais virbalais.<\/p>\n<p>&#8211; 40cm valas yra 20cm ilgio, ta\u010diau prijungus virbalus bendras ilgis tampa 40cm.<br \/>\n&#8211; 50cm\u00a0 valas yra 29cm ilgio, ta\u010diau prijungus virbalus bendras ilgis tampa 50cm.<br \/>\n&#8211; 60cm\u00a0 valas yra 35cm ilgio, ta\u010diau prijungus virbalus bendras ilgis tampa 60cm.<br \/>\n&#8211; 80cm\u00a0 valas yra 56cm ilgio, ta\u010diau prijungus virbalus bendras ilgis tampa 80cm.<br \/>\n&#8211; 100cm valas yra 76cm ilgio, ta\u010diau prijungus virbalus bendras ilgis tampa 100cm.<br \/>\n&#8211; 120cm valas yra 94cm ilgio, ta\u010diau prijungus virbalus bendras ilgis tampa 120cm.<br \/>\n&#8211; 150cm\u00a0 valas yra 126cm ilgio, ta\u010diau prijungus virbalus bendras ilgis tampa 150cm.<\/p>","protected":false},"excerpt":{"rendered":"<p>Pakuot\u0117je valas, raktas u\u017ever\u017eimui ir 2 prisukami antgaliai. Rotacinis valas skirias nuo paprasto savo funkcija suktis aplink savo a\u0161\u012f d\u0117l ko mezgimo procesas tampa dar paprastesnis.<\/p>\n<p>&nbsp;<\/p>","protected":false},"featured_media":32992,"comment_status":"open","ping_status":"closed","template":"","meta":{"_acf_changed":false},"product_brand":[557],"product_cat":[61,455,310,535,468,499,570],"product_tag":[306],"class_list":{"0":"post-32981","1":"product","2":"type-product","3":"status-publish","4":"has-post-thumbnail","6":"product_brand-knitpro","7":"product_cat-virbalai-vaseliai","8":"product_cat-gamintojas-virbalai-vaseliai","9":"product_cat-mezgimo-priemones","10":"product_cat-knitpro","11":"product_cat-knitpro-virbalai-vaseliai","12":"product_cat-rusis","13":"product_cat-valai-virbalams","14":"product_tag-knitpro","15":"pa_ilgis-100-cm","16":"pa_ilgis-120-cm","17":"pa_ilgis-150-cm","18":"pa_ilgis-40-cm","19":"pa_ilgis-50-cm","20":"pa_ilgis-60-cm","21":"pa_ilgis-80-cm","23":"first","24":"instock","25":"taxable","26":"shipping-taxable","27":"purchasable","28":"product-type-variable"},"acf":[],"_links":{"self":[{"href":"https:\/\/siulubangos.lt\/en\/wp-json\/wp\/v2\/product\/32981","targetHints":{"allow":["GET"]}}],"collection":[{"href":"https:\/\/siulubangos.lt\/en\/wp-json\/wp\/v2\/product"}],"about":[{"href":"https:\/\/siulubangos.lt\/en\/wp-json\/wp\/v2\/types\/product"}],"replies":[{"embeddable":true,"href":"https:\/\/siulubangos.lt\/en\/wp-json\/wp\/v2\/comments?post=32981"}],"version-history":[{"count":0,"href":"https:\/\/siulubangos.lt\/en\/wp-json\/wp\/v2\/product\/32981\/revisions"}],"wp:featuredmedia":[{"embeddable":true,"href":"https:\/\/siulubangos.lt\/en\/wp-json\/wp\/v2\/media\/32992"}],"wp:attachment":[{"href":"https:\/\/siulubangos.lt\/en\/wp-json\/wp\/v2\/media?parent=32981"}],"wp:term":[{"taxonomy":"product_brand","embeddable":true,"href":"https:\/\/siulubangos.lt\/en\/wp-json\/wp\/v2\/product_brand?post=32981"},{"taxonomy":"product_cat","embeddable":true,"href":"https:\/\/siulubangos.lt\/en\/wp-json\/wp\/v2\/product_cat?post=32981"},{"taxonomy":"product_tag","embeddable":true,"href":"https:\/\/siulubangos.lt\/en\/wp-json\/wp\/v2\/product_tag?post=32981"}],"curies":[{"name":"wp","href":"https:\/\/api.w.org\/{rel}","templated":true}]}}