{"id":33008,"date":"2025-11-03T20:24:47","date_gmt":"2025-11-03T20:24:47","guid":{"rendered":"https:\/\/siulubangos.lt\/?post_type=product&#038;p=33008"},"modified":"2026-03-11T22:49:02","modified_gmt":"2026-03-11T20:49:02","slug":"knitpro-rotaciniai-sidabriniais-galiukais-valai-40-150-cm","status":"publish","type":"product","link":"https:\/\/siulubangos.lt\/en\/parduotuve\/knitpro-rotaciniai-sidabriniais-galiukais-valai-40-150-cm\/","title":{"rendered":"KnitPro rotary silver tipped line (40-150 cm)"},"content":{"rendered":"<h2>KnitPro rotary silver tipped line (40-150 cm)<\/h2>\n<p data-start=\"221\" data-end=\"509\">KnitPro rotaciniai <strong data-start=\"249\" data-end=\"287\">sidabriniais galiukais<\/strong> valai sukurti u\u017etikrinti maksimal\u0173 komfort\u0105 ir patikimum\u0105 mezgant su kei\u010diamais virbalais. 360 besisukantis sujungimas leid\u017eia valui laisvai jud\u0117ti, tod\u0117l jis nesusisuka ir netempia mezginio &#8211; akys juda tolygiai ir be kli\u016b\u010di\u0173.<\/p>\n<p data-start=\"511\" data-end=\"790\">Tvirtas, bet itin lankstus valas puikiai i\u0161laiko form\u0105, nesilanksto ir greitai gr\u012f\u017eta \u012f pradin\u0119 pad\u0117t\u012f. Lygus per\u0117jimas tarp virbalo ir valo, kartu su poliruotais sidabriniais galiukais, apsaugo si\u016blus nuo u\u017ekabinimo ir u\u017etikrina skland\u0173 mezgimo proces\u0105 net su smulkiais si\u016blais.<\/p>\n<p data-start=\"792\" data-end=\"942\">Platus ilgi\u0173 pasirinkimas nuo <strong data-start=\"822\" data-end=\"839\">40 iki 150 cm<\/strong> leid\u017eia pritaikyti val\u0105 \u012fvairiems projektams &#8211; nuo kepuri\u0173 ir rankovi\u0173 iki dideli\u0173 megztini\u0173 ar skar\u0173.<\/p>\n<p><strong>IMPORTANT !<\/strong><\/p>\n<p>Nurodytas ilgis n\u0117ra pa\u010dio valo ilgis, o valo ilgis kartu su prisukamais virbalais.<\/p>\n<p>&#8211; 40cm valas yra 20cm ilgio, ta\u010diau prijungus virbalus bendras ilgis tampa 40cm.<br \/>\n&#8211; 50cm\u00a0 valas yra 29cm ilgio, ta\u010diau prijungus virbalus bendras ilgis tampa 50cm.<br \/>\n&#8211; 60cm\u00a0 valas yra 35cm ilgio, ta\u010diau prijungus virbalus bendras ilgis tampa 60cm.<br \/>\n&#8211; 80cm\u00a0 valas yra 56cm ilgio, ta\u010diau prijungus virbalus bendras ilgis tampa 80cm.<br \/>\n&#8211; 100cm valas yra 76cm ilgio, ta\u010diau prijungus virbalus bendras ilgis tampa 100cm.<br \/>\n&#8211; 120cm valas yra 94cm ilgio, ta\u010diau prijungus virbalus bendras ilgis tampa 120cm.<br \/>\n&#8211; 150cm\u00a0 valas yra 126cm ilgio, ta\u010diau prijungus virbalus bendras ilgis tampa 150cm.<\/p>","protected":false},"excerpt":{"rendered":"<p>Pakuot\u0117je valas, raktas u\u017ever\u017eimui ir 2 prisukami antgaliai. Rotacinis valas skirias nuo paprasto savo funkcija suktis aplink savo a\u0161\u012f d\u0117l ko mezgimo procesas tampa dar paprastesnis.<\/p>\n<p>&nbsp;<\/p>","protected":false},"featured_media":33010,"comment_status":"open","ping_status":"closed","template":"","meta":{"_acf_changed":false},"product_brand":[557],"product_cat":[570,455,310,468,535],"product_tag":[306],"class_list":{"0":"post-33008","1":"product","2":"type-product","3":"status-publish","4":"has-post-thumbnail","6":"product_brand-knitpro","7":"product_cat-valai-virbalams","8":"product_cat-gamintojas-virbalai-vaseliai","9":"product_cat-mezgimo-priemones","10":"product_cat-knitpro-virbalai-vaseliai","11":"product_cat-knitpro","12":"product_tag-knitpro","13":"pa_ilgis-100-cm","14":"pa_ilgis-120-cm","15":"pa_ilgis-150-cm","16":"pa_ilgis-40-cm","17":"pa_ilgis-50-cm","18":"pa_ilgis-60-cm","19":"pa_ilgis-80-cm","21":"first","22":"instock","23":"taxable","24":"shipping-taxable","25":"purchasable","26":"product-type-variable"},"acf":[],"_links":{"self":[{"href":"https:\/\/siulubangos.lt\/en\/wp-json\/wp\/v2\/product\/33008","targetHints":{"allow":["GET"]}}],"collection":[{"href":"https:\/\/siulubangos.lt\/en\/wp-json\/wp\/v2\/product"}],"about":[{"href":"https:\/\/siulubangos.lt\/en\/wp-json\/wp\/v2\/types\/product"}],"replies":[{"embeddable":true,"href":"https:\/\/siulubangos.lt\/en\/wp-json\/wp\/v2\/comments?post=33008"}],"version-history":[{"count":0,"href":"https:\/\/siulubangos.lt\/en\/wp-json\/wp\/v2\/product\/33008\/revisions"}],"wp:featuredmedia":[{"embeddable":true,"href":"https:\/\/siulubangos.lt\/en\/wp-json\/wp\/v2\/media\/33010"}],"wp:attachment":[{"href":"https:\/\/siulubangos.lt\/en\/wp-json\/wp\/v2\/media?parent=33008"}],"wp:term":[{"taxonomy":"product_brand","embeddable":true,"href":"https:\/\/siulubangos.lt\/en\/wp-json\/wp\/v2\/product_brand?post=33008"},{"taxonomy":"product_cat","embeddable":true,"href":"https:\/\/siulubangos.lt\/en\/wp-json\/wp\/v2\/product_cat?post=33008"},{"taxonomy":"product_tag","embeddable":true,"href":"https:\/\/siulubangos.lt\/en\/wp-json\/wp\/v2\/product_tag?post=33008"}],"curies":[{"name":"wp","href":"https:\/\/api.w.org\/{rel}","templated":true}]}}