{"id":33117,"date":"2025-11-03T22:35:10","date_gmt":"2025-11-03T22:35:10","guid":{"rendered":"https:\/\/siulubangos.lt\/?post_type=product&#038;p=33117"},"modified":"2026-03-08T17:57:23","modified_gmt":"2026-03-08T15:57:23","slug":"knitpro-karbonz-kojiniu-virbalai-15cm","status":"publish","type":"product","link":"https:\/\/siulubangos.lt\/en\/parduotuve\/knitpro-karbonz-kojiniu-virbalai-15cm\/","title":{"rendered":"KnitPro Karbonz sock rope (15 cm)"},"content":{"rendered":"<h2>KnitPro Karbonz sock rope (15 cm)<\/h2>\n<p data-start=\"197\" data-end=\"514\"><strong data-start=\"205\" data-end=\"216\">Karbonz<\/strong> kojini\u0173 virbalai &#8211; tai inovatyvus anglies pluo\u0161to ir metalo derinys, sukurtas maksimaliai patogiam ir tiksliam mezgimui. Lengvas, ta\u010diau itin tvirtas anglies pluo\u0161to korpusas suma\u017eina rank\u0173 nuovarg\u012f, o precizi\u0161kai suformuoti metaliniai galiukai leid\u017eia lengvai dirbti net su labai plonais si\u016blais.<\/p>\n<p data-start=\"197\" data-end=\"514\">15 cm ilgio virbalai idealiai tinka mezgant kojines, pir\u0161tines, rie\u0161ines, rankoves ir kitus ma\u017eo diametro gaminius ratu. Pavir\u0161ius u\u017etikrina optimal\u0173 si\u016bl\u0173 slydim\u0105 &#8211; si\u016blai neslysta per greitai, bet juda tolygiai ir kontroliuojamai.<\/p>","protected":false},"excerpt":{"rendered":"<p>KnitPro Karbonz kojini\u0173 virbalai &#8211; itin lengvi, tvirti ir precizi\u0161ki, pagaminti i\u0161 auk\u0161tos kokyb\u0117s anglies pluo\u0161to su poliruotais metaliniais galiukais. Glotn\u016bs, patvar\u016bs ir ideal\u016bs tolygiems, be pastang\u0173 mezginiams &#8211; puikus pasirinkimas tiek smulkiems, tiek sud\u0117tingiems projektams.<\/p>","protected":false},"featured_media":33118,"comment_status":"open","ping_status":"closed","template":"","meta":{"_acf_changed":false},"product_brand":[557],"product_cat":[61,510,455,524,468,499,503],"product_tag":[306],"class_list":{"0":"post-33117","1":"product","2":"type-product","3":"status-publish","4":"has-post-thumbnail","6":"product_brand-knitpro","7":"product_cat-virbalai-vaseliai","8":"product_cat-15-cm","9":"product_cat-gamintojas-virbalai-vaseliai","10":"product_cat-karboniniai","11":"product_cat-knitpro-virbalai-vaseliai","12":"product_cat-rusis","13":"product_cat-virbalai-kojinems-5-vnt","14":"product_tag-knitpro","15":"pa_dydis-1-mm","16":"pa_dydis-1-25-mm","17":"pa_dydis-1-50-mm","18":"pa_dydis-1-75-mm","19":"pa_dydis-2-mm","20":"pa_dydis-2-25-mm","21":"pa_dydis-2-50-mm","22":"pa_dydis-2-75-mm","23":"pa_dydis-3-mm","24":"pa_dydis-3-25-mm","25":"pa_dydis-3-50-mm","26":"pa_dydis-3-75-mm","27":"pa_dydis-4-mm","29":"first","30":"instock","31":"taxable","32":"shipping-taxable","33":"purchasable","34":"product-type-variable"},"acf":[],"_links":{"self":[{"href":"https:\/\/siulubangos.lt\/en\/wp-json\/wp\/v2\/product\/33117","targetHints":{"allow":["GET"]}}],"collection":[{"href":"https:\/\/siulubangos.lt\/en\/wp-json\/wp\/v2\/product"}],"about":[{"href":"https:\/\/siulubangos.lt\/en\/wp-json\/wp\/v2\/types\/product"}],"replies":[{"embeddable":true,"href":"https:\/\/siulubangos.lt\/en\/wp-json\/wp\/v2\/comments?post=33117"}],"version-history":[{"count":0,"href":"https:\/\/siulubangos.lt\/en\/wp-json\/wp\/v2\/product\/33117\/revisions"}],"wp:featuredmedia":[{"embeddable":true,"href":"https:\/\/siulubangos.lt\/en\/wp-json\/wp\/v2\/media\/33118"}],"wp:attachment":[{"href":"https:\/\/siulubangos.lt\/en\/wp-json\/wp\/v2\/media?parent=33117"}],"wp:term":[{"taxonomy":"product_brand","embeddable":true,"href":"https:\/\/siulubangos.lt\/en\/wp-json\/wp\/v2\/product_brand?post=33117"},{"taxonomy":"product_cat","embeddable":true,"href":"https:\/\/siulubangos.lt\/en\/wp-json\/wp\/v2\/product_cat?post=33117"},{"taxonomy":"product_tag","embeddable":true,"href":"https:\/\/siulubangos.lt\/en\/wp-json\/wp\/v2\/product_tag?post=33117"}],"curies":[{"name":"wp","href":"https:\/\/api.w.org\/{rel}","templated":true}]}}