{"id":33246,"date":"2025-11-04T18:15:17","date_gmt":"2025-11-04T18:15:17","guid":{"rendered":"https:\/\/siulubangos.lt\/?post_type=product&#038;p=33246"},"modified":"2026-01-12T16:21:06","modified_gmt":"2026-01-12T14:21:06","slug":"knitpro-valu-jungtys","status":"publish","type":"product","link":"https:\/\/siulubangos.lt\/en\/parduotuve\/knitpro-valu-jungtys\/","title":{"rendered":"KnitPro Welsh connectors"},"content":{"rendered":"<h2>KnitPro Welsh connectors<\/h2>\n<p data-start=\"153\" data-end=\"453\">KnitPro val\u0173 jungtys &#8211; tai nepakei\u010diamas aksesuaras prisukamiems virbalams, leid\u017eiantis lengvai sujungti skirting\u0173 ilgi\u0173 valus ir prisitaikyti prie bet kurio mezgimo projekto. Naudojant val\u0173 jungtis, galite greitai ir saugiai pakeisti val\u0173 ilg\u012f, neprarandant stabilumo ir komforto mezgimo metu.<\/p>\n<p data-start=\"455\" data-end=\"714\">Pagamintos i\u0161 tvirtos ir patvarios med\u017eiagos, \u0161ios jungtys u\u017etikrina, kad j\u016bs\u0173 virbal\u0173 sistema i\u0161likt\u0173 saugi, o si\u016blai &#8211; skland\u017eiai slyst\u0173 per jungt\u012f. Tinka \u012fvairi\u0173 tip\u0173 prisukamiems virbalams, tod\u0117l jos yra b\u016btina dalis kiekvieno mezg\u0117jo \u012franki\u0173 komplekto.<\/p>","protected":false},"excerpt":{"rendered":"<p>Pakuot\u0117je 3 val\u0173 jungtys ir raktelis.<\/p>\n<p>&nbsp;<\/p>","protected":false},"featured_media":33247,"comment_status":"open","ping_status":"closed","template":"","meta":{"_acf_changed":false},"product_brand":[557],"product_cat":[310,535],"product_tag":[306],"class_list":{"0":"post-33246","1":"product","2":"type-product","3":"status-publish","4":"has-post-thumbnail","6":"product_brand-knitpro","7":"product_cat-mezgimo-priemones","8":"product_cat-knitpro","9":"product_tag-knitpro","10":"pa_ilgis-100-cm","11":"pa_ilgis-120-cm","12":"pa_ilgis-150-cm","13":"pa_ilgis-40-cm","14":"pa_ilgis-50-cm","15":"pa_ilgis-60-cm","16":"pa_ilgis-80-cm","18":"first","19":"instock","20":"taxable","21":"shipping-taxable","22":"purchasable","23":"product-type-simple"},"acf":[],"_links":{"self":[{"href":"https:\/\/siulubangos.lt\/en\/wp-json\/wp\/v2\/product\/33246","targetHints":{"allow":["GET"]}}],"collection":[{"href":"https:\/\/siulubangos.lt\/en\/wp-json\/wp\/v2\/product"}],"about":[{"href":"https:\/\/siulubangos.lt\/en\/wp-json\/wp\/v2\/types\/product"}],"replies":[{"embeddable":true,"href":"https:\/\/siulubangos.lt\/en\/wp-json\/wp\/v2\/comments?post=33246"}],"version-history":[{"count":0,"href":"https:\/\/siulubangos.lt\/en\/wp-json\/wp\/v2\/product\/33246\/revisions"}],"wp:featuredmedia":[{"embeddable":true,"href":"https:\/\/siulubangos.lt\/en\/wp-json\/wp\/v2\/media\/33247"}],"wp:attachment":[{"href":"https:\/\/siulubangos.lt\/en\/wp-json\/wp\/v2\/media?parent=33246"}],"wp:term":[{"taxonomy":"product_brand","embeddable":true,"href":"https:\/\/siulubangos.lt\/en\/wp-json\/wp\/v2\/product_brand?post=33246"},{"taxonomy":"product_cat","embeddable":true,"href":"https:\/\/siulubangos.lt\/en\/wp-json\/wp\/v2\/product_cat?post=33246"},{"taxonomy":"product_tag","embeddable":true,"href":"https:\/\/siulubangos.lt\/en\/wp-json\/wp\/v2\/product_tag?post=33246"}],"curies":[{"name":"wp","href":"https:\/\/api.w.org\/{rel}","templated":true}]}}