{"id":33258,"date":"2025-11-04T19:42:21","date_gmt":"2025-11-04T19:42:21","guid":{"rendered":"https:\/\/siulubangos.lt\/?post_type=product&#038;p=33258"},"modified":"2026-01-12T16:11:47","modified_gmt":"2026-01-12T14:11:47","slug":"knitpro-siulu-vyniotuvas","status":"publish","type":"product","link":"https:\/\/siulubangos.lt\/en\/parduotuve\/knitpro-siulu-vyniotuvas\/","title":{"rendered":"KnitPro si\u016bl\u0173 vyniotuvas"},"content":{"rendered":"<h2>KnitPro si\u016bl\u0173 vyniotuvas<\/h2>\n<p data-start=\"163\" data-end=\"454\">Nepakei\u010diamas \u012frankis mezg\u0117joms ir n\u0117r\u0117joms, siekian\u010dioms greitai ir tvarkingai paruo\u0161ti si\u016blus darbui. Su juo galite lengvai ir patogiai vynioti si\u016blus i\u0161 ritin\u0117li\u0173 ar skein\u0173 \u012f tvarkingus kamuoliukus, kad mezgimas ar n\u0117rimas b\u016bt\u0173 sklandesnis ir netrukdomas.<\/p>\n<p data-start=\"456\" data-end=\"691\">Vyniotuvas yra patvarus, stabilus ir lengvai naudojamas &#8211; j\u012f galima pritvirtinti prie stalo ar kitos lygaus pavir\u0161iaus, tod\u0117l si\u016blai vyniojami tvarkingai ir be \u012fsiv\u0117limo. Puikus \u012frankis tiek pradedan\u010dioms, tiek patyrusioms mezg\u0117joms.<\/p>","protected":false},"excerpt":{"rendered":"<p>Paprasta pasiruo\u0161ti mezgimui su KnitPro si\u016bl\u0173 vyniotuvu! Vos per kelias akimirkas si\u016blus i\u0161suksite \u012f tvarkingus, dailius \u201ekeksiukus\u201c, kuriuos patogiau naudoti nei \u012fprastus kamuoliukus. Abu si\u016blo galai visada pasiekiami, o spalvos matomos i\u0161 karto &#8211; tvarka, estetika ir patogumas viename. Vyniotuv\u0105 lengva pritvirtinti prie stalo ar kito lygaus pavir\u0161iaus komplekte esan\u010diu spaustuku, tod\u0117l jis tvirtai laikosi net ir intensyviai vyniojant.<\/p>","protected":false},"featured_media":33259,"comment_status":"open","ping_status":"closed","template":"","meta":{"_acf_changed":false},"product_brand":[557],"product_cat":[310,535,528,536],"product_tag":[306],"class_list":{"0":"post-33258","1":"product","2":"type-product","3":"status-publish","4":"has-post-thumbnail","6":"product_brand-knitpro","7":"product_cat-mezgimo-priemones","8":"product_cat-knitpro","9":"product_cat-priemones-tipas","10":"product_cat-siulu-vyniojimas","11":"product_tag-knitpro","13":"first","14":"instock","15":"taxable","16":"shipping-taxable","17":"purchasable","18":"product-type-simple"},"acf":[],"_links":{"self":[{"href":"https:\/\/siulubangos.lt\/en\/wp-json\/wp\/v2\/product\/33258","targetHints":{"allow":["GET"]}}],"collection":[{"href":"https:\/\/siulubangos.lt\/en\/wp-json\/wp\/v2\/product"}],"about":[{"href":"https:\/\/siulubangos.lt\/en\/wp-json\/wp\/v2\/types\/product"}],"replies":[{"embeddable":true,"href":"https:\/\/siulubangos.lt\/en\/wp-json\/wp\/v2\/comments?post=33258"}],"version-history":[{"count":0,"href":"https:\/\/siulubangos.lt\/en\/wp-json\/wp\/v2\/product\/33258\/revisions"}],"wp:featuredmedia":[{"embeddable":true,"href":"https:\/\/siulubangos.lt\/en\/wp-json\/wp\/v2\/media\/33259"}],"wp:attachment":[{"href":"https:\/\/siulubangos.lt\/en\/wp-json\/wp\/v2\/media?parent=33258"}],"wp:term":[{"taxonomy":"product_brand","embeddable":true,"href":"https:\/\/siulubangos.lt\/en\/wp-json\/wp\/v2\/product_brand?post=33258"},{"taxonomy":"product_cat","embeddable":true,"href":"https:\/\/siulubangos.lt\/en\/wp-json\/wp\/v2\/product_cat?post=33258"},{"taxonomy":"product_tag","embeddable":true,"href":"https:\/\/siulubangos.lt\/en\/wp-json\/wp\/v2\/product_tag?post=33258"}],"curies":[{"name":"wp","href":"https:\/\/api.w.org\/{rel}","templated":true}]}}