{"id":33264,"date":"2025-11-04T20:06:19","date_gmt":"2025-11-04T20:06:19","guid":{"rendered":"https:\/\/siulubangos.lt\/?post_type=product&#038;p=33264"},"modified":"2026-03-08T18:28:08","modified_gmt":"2026-03-08T16:28:08","slug":"knitpro-nova-metaliniai-ilgi-tiesus-virbalai-2-7-mm","status":"publish","type":"product","link":"https:\/\/siulubangos.lt\/en\/parduotuve\/knitpro-nova-metaliniai-ilgi-tiesus-virbalai-2-7-mm\/","title":{"rendered":"KnitPro Nova metal long straight bobbin (35 cm, 2-7 mm)"},"content":{"rendered":"<h2>KnitPro Nova metaliniai ilgi ties\u016bs virbalai (2-7 mm)<\/h2>\n<p>Auk\u0161tos kokyb\u0117s metaliniai virbalai, skirti patogiam mezgimui tiek pradedantiesiems, tiek patyrusiems mezg\u0117jams. Jie pagaminti i\u0161 tvirto metalo, tod\u0117l puikiai slysta per si\u016blus, leid\u017eia tiksliai formuoti aki\u0173 dyd\u012f ir kurti lygius, tvarkingus mezginius. Virbalai pasi\u017eymi ai\u0161kiu dyd\u017ei\u0173 \u017eym\u0117jimu ir ergonomi\u0161ku ilgiu, tod\u0117l tinka megzti megztukus, \u0161alikus, kepures ar kitus drabu\u017eius ir aksesuarus. Patvar\u016bs, lengvai pri\u017ei\u016brimi ir ilgaam\u017eiai &#8211; puikus pasirinkimas j\u016bs\u0173 mezgimo kolekcijai.<\/p>","protected":false},"excerpt":{"rendered":"<p>KnitPro Nova ilgi virbalai &#8211; lengvi, tvirti ir itin glotn\u016bs. Poliruotas metalinis pavir\u0161ius u\u017etikrina, kad si\u016blai slyst\u0173 tolygiai, o smail\u0117jantys galai suteikia tikslum\u0105 kiekvienam dygsniui. Puikus pasirinkimas tiek pradedantiesiems, tiek patyrusioms mezg\u0117joms.<\/p>","protected":false},"featured_media":33265,"comment_status":"open","ping_status":"closed","template":"","meta":{"_acf_changed":false},"product_brand":[557],"product_cat":[61,455,504,468,527,499],"product_tag":[306],"class_list":{"0":"post-33264","1":"product","2":"type-product","3":"status-publish","4":"has-post-thumbnail","6":"product_brand-knitpro","7":"product_cat-virbalai-vaseliai","8":"product_cat-gamintojas-virbalai-vaseliai","9":"product_cat-ilgi-tiesus-virbalai","10":"product_cat-knitpro-virbalai-vaseliai","11":"product_cat-metaliniai","12":"product_cat-rusis","13":"product_tag-knitpro","14":"pa_dydis-2-mm","15":"pa_dydis-2-25-mm","16":"pa_dydis-2-50-mm","17":"pa_dydis-2-75-mm","18":"pa_dydis-3-mm","19":"pa_dydis-3-25-mm","20":"pa_dydis-3-50-mm","21":"pa_dydis-3-75-mm","22":"pa_dydis-4-mm","23":"pa_dydis-4-50-mm","24":"pa_dydis-5-mm","25":"pa_dydis-5-50-mm","26":"pa_dydis-6-mm","27":"pa_dydis-6-50-mm","28":"pa_dydis-7-mm","30":"first","31":"instock","32":"taxable","33":"shipping-taxable","34":"purchasable","35":"product-type-variable"},"acf":[],"_links":{"self":[{"href":"https:\/\/siulubangos.lt\/en\/wp-json\/wp\/v2\/product\/33264","targetHints":{"allow":["GET"]}}],"collection":[{"href":"https:\/\/siulubangos.lt\/en\/wp-json\/wp\/v2\/product"}],"about":[{"href":"https:\/\/siulubangos.lt\/en\/wp-json\/wp\/v2\/types\/product"}],"replies":[{"embeddable":true,"href":"https:\/\/siulubangos.lt\/en\/wp-json\/wp\/v2\/comments?post=33264"}],"version-history":[{"count":0,"href":"https:\/\/siulubangos.lt\/en\/wp-json\/wp\/v2\/product\/33264\/revisions"}],"wp:featuredmedia":[{"embeddable":true,"href":"https:\/\/siulubangos.lt\/en\/wp-json\/wp\/v2\/media\/33265"}],"wp:attachment":[{"href":"https:\/\/siulubangos.lt\/en\/wp-json\/wp\/v2\/media?parent=33264"}],"wp:term":[{"taxonomy":"product_brand","embeddable":true,"href":"https:\/\/siulubangos.lt\/en\/wp-json\/wp\/v2\/product_brand?post=33264"},{"taxonomy":"product_cat","embeddable":true,"href":"https:\/\/siulubangos.lt\/en\/wp-json\/wp\/v2\/product_cat?post=33264"},{"taxonomy":"product_tag","embeddable":true,"href":"https:\/\/siulubangos.lt\/en\/wp-json\/wp\/v2\/product_tag?post=33264"}],"curies":[{"name":"wp","href":"https:\/\/api.w.org\/{rel}","templated":true}]}}