{"id":33311,"date":"2025-11-04T21:42:51","date_gmt":"2025-11-04T21:42:51","guid":{"rendered":"https:\/\/siulubangos.lt\/?post_type=product&#038;p=33311"},"modified":"2026-01-09T13:07:07","modified_gmt":"2026-01-09T11:07:07","slug":"knitpro-clay-kojiniu-virbalu-deklas-2","status":"publish","type":"product","link":"https:\/\/siulubangos.lt\/en\/parduotuve\/knitpro-clay-kojiniu-virbalu-deklas-2\/","title":{"rendered":"KnitPro COAL sock cord case"},"content":{"rendered":"<h2><strong>KnitPro COAL sock cord case<\/strong><\/h2>\n<p>Pagamintas i\u0161 kokybi\u0161k\u0173, tvirt\u0173 med\u017eiag\u0173, d\u0117klas i\u0161laiko form\u0105 ir patikimai saugo j\u016bs\u0173 mezgimo \u012frankius.<br \/>\nKompakti\u0161kas dydis leid\u017eia j\u012f lengvai pasiimti \u012f kelion\u0119 ar laikyti mezgimo krep\u0161yje.<\/p>\n<p>I\u0161matavimai (u\u017edarytas): 17,5 \u00d7 22 \u00d7 1,5 cm<\/p>\n<p><strong>Svarbu<\/strong>: d\u0117klas parduodamas be virbal\u0173.<\/p>","protected":false},"excerpt":{"rendered":"<p>KnitPro Coal kojini\u0173 virbal\u0173 d\u0117klas &#8211; tvarka, elegancija ir patogumas \u0160is i\u0161skirtinio dizaino d\u0117klas sukurtas tam, kad visi j\u016bs\u0173 kojini\u0173 virbalai b\u016bt\u0173 vienoje vietoje &#8211; tvarkingai sud\u0117ti ir visada po ranka. Viduje rasite vietos net 16 komplekt\u0173 virbal\u0173, tod\u0117l lengvai palaikysite tvark\u0105 ir i\u0161vengsite pasimetusi\u0173 por\u0173.<\/p>\n<p>SVARBU: d\u0117klas parduodamas tu\u0161\u010dias.<\/p>","protected":false},"featured_media":33312,"comment_status":"open","ping_status":"closed","template":"","meta":{"_acf_changed":false},"product_brand":[557],"product_cat":[568,483,468,499,61],"product_tag":[306],"class_list":{"0":"post-33311","1":"product","2":"type-product","3":"status-publish","4":"has-post-thumbnail","6":"product_brand-knitpro","7":"product_cat-deklai-virbalams","8":"product_cat-dovanos","9":"product_cat-knitpro-virbalai-vaseliai","10":"product_cat-rusis","11":"product_cat-virbalai-vaseliai","12":"product_tag-knitpro","13":"pa_dydis-38-40","14":"pa_dydis-1218","16":"first","17":"instock","18":"taxable","19":"shipping-taxable","20":"purchasable","21":"product-type-simple"},"acf":[],"_links":{"self":[{"href":"https:\/\/siulubangos.lt\/en\/wp-json\/wp\/v2\/product\/33311","targetHints":{"allow":["GET"]}}],"collection":[{"href":"https:\/\/siulubangos.lt\/en\/wp-json\/wp\/v2\/product"}],"about":[{"href":"https:\/\/siulubangos.lt\/en\/wp-json\/wp\/v2\/types\/product"}],"replies":[{"embeddable":true,"href":"https:\/\/siulubangos.lt\/en\/wp-json\/wp\/v2\/comments?post=33311"}],"version-history":[{"count":0,"href":"https:\/\/siulubangos.lt\/en\/wp-json\/wp\/v2\/product\/33311\/revisions"}],"wp:featuredmedia":[{"embeddable":true,"href":"https:\/\/siulubangos.lt\/en\/wp-json\/wp\/v2\/media\/33312"}],"wp:attachment":[{"href":"https:\/\/siulubangos.lt\/en\/wp-json\/wp\/v2\/media?parent=33311"}],"wp:term":[{"taxonomy":"product_brand","embeddable":true,"href":"https:\/\/siulubangos.lt\/en\/wp-json\/wp\/v2\/product_brand?post=33311"},{"taxonomy":"product_cat","embeddable":true,"href":"https:\/\/siulubangos.lt\/en\/wp-json\/wp\/v2\/product_cat?post=33311"},{"taxonomy":"product_tag","embeddable":true,"href":"https:\/\/siulubangos.lt\/en\/wp-json\/wp\/v2\/product_tag?post=33311"}],"curies":[{"name":"wp","href":"https:\/\/api.w.org\/{rel}","templated":true}]}}