{"id":33431,"date":"2025-11-05T18:54:50","date_gmt":"2025-11-05T18:54:50","guid":{"rendered":"https:\/\/siulubangos.lt\/?post_type=product&#038;p=33431"},"modified":"2026-02-13T12:32:16","modified_gmt":"2026-02-13T10:32:16","slug":"gutermann-paklijavimo-juosta","status":"publish","type":"product","link":"https:\/\/siulubangos.lt\/en\/parduotuve\/gutermann-paklijavimo-juosta\/","title":{"rendered":"Gutermann adhesive tape"},"content":{"rendered":"<h2>Gutermann adhesive tape<\/h2>\n<p>Atraskite itin patog\u0173 b\u016bd\u0105 apsi\u016bti drabu\u017eius be adatos ir si\u016blo &#8211; su G\u00fctermann HT3 klijuojama juosta!<br \/>\nTereikia u\u017ed\u0117ti juost\u0105 palei audinio arba drabu\u017eio kra\u0161t\u0105 ir prispausti lygintuvu. Vos po 8 sekund\u017ei\u0173 j\u016bs\u0173 apsiuvimas bus paruo\u0161tas &#8211; greitai, \u0161variai ir be jokio vargo.<\/p>\n<p>\u0160i auk\u0161tos kokyb\u0117s juosta yra:<\/p>\n<p>Plaunama iki 60 laipsni\u0173,<\/p>\n<p>3 cm plo\u010dio ir 10 m ilgio,<\/p>\n<p>Puikiai tinka greitam, tvarkingam ir profesionaliam rezultatui pasiekti.<\/p>","protected":false},"excerpt":{"rendered":"<p>G\u00fctermann HT3 lygintuvu klijuojama juosta &#8211; greitas ir tobulas drabu\u017ei\u0173 apsiuvimas be siuvim0.<\/p>\n<p>&nbsp;<\/p>","protected":false},"featured_media":33432,"comment_status":"open","ping_status":"closed","template":"","meta":{"_acf_changed":false},"product_brand":[757],"product_cat":[310,1225,537],"product_tag":[1221],"class_list":{"0":"post-33431","1":"product","2":"type-product","3":"status-publish","4":"has-post-thumbnail","6":"product_brand-gutermann","7":"product_cat-mezgimo-priemones","8":"product_cat-gutermann","9":"product_cat-lateksas-klijai","10":"product_tag-gutermann","11":"pa_ilgis-100-cm","12":"pa_ilgis-120-cm","13":"pa_ilgis-150-cm","14":"pa_ilgis-40-cm","15":"pa_ilgis-50-cm","16":"pa_ilgis-60-cm","17":"pa_ilgis-80-cm","19":"first","20":"instock","21":"taxable","22":"shipping-taxable","23":"purchasable","24":"product-type-simple"},"acf":[],"_links":{"self":[{"href":"https:\/\/siulubangos.lt\/en\/wp-json\/wp\/v2\/product\/33431","targetHints":{"allow":["GET"]}}],"collection":[{"href":"https:\/\/siulubangos.lt\/en\/wp-json\/wp\/v2\/product"}],"about":[{"href":"https:\/\/siulubangos.lt\/en\/wp-json\/wp\/v2\/types\/product"}],"replies":[{"embeddable":true,"href":"https:\/\/siulubangos.lt\/en\/wp-json\/wp\/v2\/comments?post=33431"}],"version-history":[{"count":0,"href":"https:\/\/siulubangos.lt\/en\/wp-json\/wp\/v2\/product\/33431\/revisions"}],"wp:featuredmedia":[{"embeddable":true,"href":"https:\/\/siulubangos.lt\/en\/wp-json\/wp\/v2\/media\/33432"}],"wp:attachment":[{"href":"https:\/\/siulubangos.lt\/en\/wp-json\/wp\/v2\/media?parent=33431"}],"wp:term":[{"taxonomy":"product_brand","embeddable":true,"href":"https:\/\/siulubangos.lt\/en\/wp-json\/wp\/v2\/product_brand?post=33431"},{"taxonomy":"product_cat","embeddable":true,"href":"https:\/\/siulubangos.lt\/en\/wp-json\/wp\/v2\/product_cat?post=33431"},{"taxonomy":"product_tag","embeddable":true,"href":"https:\/\/siulubangos.lt\/en\/wp-json\/wp\/v2\/product_tag?post=33431"}],"curies":[{"name":"wp","href":"https:\/\/api.w.org\/{rel}","templated":true}]}}