{"id":33512,"date":"2025-11-05T21:45:08","date_gmt":"2025-11-05T21:45:08","guid":{"rendered":"https:\/\/siulubangos.lt\/?post_type=product&#038;p=33512"},"modified":"2026-02-18T23:32:17","modified_gmt":"2026-02-18T21:32:17","slug":"tulip-uzsegamu-zymekliu-komplektas","status":"publish","type":"product","link":"https:\/\/siulubangos.lt\/en\/parduotuve\/tulip-uzsegamu-zymekliu-komplektas\/","title":{"rendered":"Tulip clip-on marker set HEARTS"},"content":{"rendered":"<h2>Tulip clip-on marker set HEARTS<\/h2>\n<p data-start=\"212\" data-end=\"502\">Tulip u\u017esegam\u0173 \u017eymekli\u0173 komplektas \u201e\u0160irdel\u0117s\u201c &#8211; tai stilingas ir funkcionalus rinkinys, skirtas \u017eym\u0117ti akis, ra\u0161tus ar mezgimo sekas. Kiekvienas \u017eymeklis turi miel\u0105 \u0161irdel\u0117s formos galvut\u0119, kuri ne tik atrodo dekoratyviai, bet ir patikimai laikosi ant si\u016blo, neslidin\u0117ja mezgimo metu.<\/p>\n<p data-start=\"504\" data-end=\"761\">Komplektas suteikia \u012fvairi\u0173 spalv\u0173 \u017eymeklius, tod\u0117l galite lengvai atskirti skirtingas ra\u0161to dalis ar mezgimo sekas. Lengvai u\u017esegami ir nuimami, jie tinka \u012fvairaus storio si\u016blams ir yra puikus pagalbininkas tiek pradedan\u010dioms, tiek patyrusioms mezg\u0117joms.<\/p>","protected":false},"excerpt":{"rendered":"<p>Tulip \u017eymekli\u0173 rinkinys &#8211; ma\u017eos detal\u0117s, kurios daro didel\u012f skirtum\u0105. Tobulas pasirinkimas tiek pradedantiesiems, tiek profesionaliems k\u016br\u0117jams. Komplekte 15 vnt. \u017dymekliai pateikiami\u00a0 gra\u017eioje, patogioje d\u0117\u017eut\u0117je.<\/p>\n<div class=\"pointer-events-none h-px w-px\" aria-hidden=\"true\" data-edge=\"true\"><\/div>","protected":false},"featured_media":33514,"comment_status":"open","ping_status":"closed","template":"","meta":{"_acf_changed":false},"product_brand":[558],"product_cat":[310,529,528,532,548],"product_tag":[1229],"class_list":{"0":"post-33512","1":"product","2":"type-product","3":"status-publish","4":"has-post-thumbnail","6":"product_brand-tulip","7":"product_cat-mezgimo-priemones","8":"product_cat-gamintojas-kitos-priemones","9":"product_cat-priemones-tipas","10":"product_cat-tulip-gamintojas-kitos-priemones","11":"product_cat-zymekliai","12":"product_tag-tulip","14":"first","15":"instock","16":"taxable","17":"shipping-taxable","18":"purchasable","19":"product-type-simple"},"acf":[],"_links":{"self":[{"href":"https:\/\/siulubangos.lt\/en\/wp-json\/wp\/v2\/product\/33512","targetHints":{"allow":["GET"]}}],"collection":[{"href":"https:\/\/siulubangos.lt\/en\/wp-json\/wp\/v2\/product"}],"about":[{"href":"https:\/\/siulubangos.lt\/en\/wp-json\/wp\/v2\/types\/product"}],"replies":[{"embeddable":true,"href":"https:\/\/siulubangos.lt\/en\/wp-json\/wp\/v2\/comments?post=33512"}],"version-history":[{"count":0,"href":"https:\/\/siulubangos.lt\/en\/wp-json\/wp\/v2\/product\/33512\/revisions"}],"wp:featuredmedia":[{"embeddable":true,"href":"https:\/\/siulubangos.lt\/en\/wp-json\/wp\/v2\/media\/33514"}],"wp:attachment":[{"href":"https:\/\/siulubangos.lt\/en\/wp-json\/wp\/v2\/media?parent=33512"}],"wp:term":[{"taxonomy":"product_brand","embeddable":true,"href":"https:\/\/siulubangos.lt\/en\/wp-json\/wp\/v2\/product_brand?post=33512"},{"taxonomy":"product_cat","embeddable":true,"href":"https:\/\/siulubangos.lt\/en\/wp-json\/wp\/v2\/product_cat?post=33512"},{"taxonomy":"product_tag","embeddable":true,"href":"https:\/\/siulubangos.lt\/en\/wp-json\/wp\/v2\/product_tag?post=33512"}],"curies":[{"name":"wp","href":"https:\/\/api.w.org\/{rel}","templated":true}]}}