{"id":33545,"date":"2025-11-22T18:21:46","date_gmt":"2025-11-22T16:21:46","guid":{"rendered":"https:\/\/siulubangos.lt\/?post_type=product&#038;p=33545"},"modified":"2025-11-22T18:21:48","modified_gmt":"2025-11-22T16:21:48","slug":"prym-ivairiu-adatu-rinkinys-5-vnt","status":"publish","type":"product","link":"https:\/\/siulubangos.lt\/en\/parduotuve\/prym-ivairiu-adatu-rinkinys-5-vnt\/","title":{"rendered":"PRYM Multi Needle Set (5 pcs)"},"content":{"rendered":"","protected":false},"excerpt":{"rendered":"<p>\u012evairi\u0173 Prym adat\u0173 rinkin\u012f sudaro 5 rankdarbi\u0173 adatos: kilim\u0173 adata, buri\u0173 ir palapini\u0173 adata, odos adata, mai\u0161\u0173 adata ir bald\u0173 apmu\u0161al\u0173 adata. Adatos pagamintos i\u0161 gr\u016bdinto plieno. Tai puikus rinkinys visiems rankdarbiams &#8211; nuo apmu\u0161al\u0173 iki kilim\u0173 taisymo ar odos projekt\u0173!<\/p>","protected":false},"featured_media":33546,"comment_status":"open","ping_status":"closed","template":"","meta":{"_acf_changed":false},"product_brand":[761],"product_cat":[310,549,528,533],"product_tag":[1232],"class_list":{"0":"post-33545","1":"product","2":"type-product","3":"status-publish","4":"has-post-thumbnail","6":"product_brand-prym","7":"product_cat-mezgimo-priemones","8":"product_cat-adatos","9":"product_cat-priemones-tipas","10":"product_cat-prym-gamintojas-kitos-priemones","11":"product_tag-prym","12":"pa_dydis-2-mm","13":"pa_dydis-2-25-mm","14":"pa_dydis-2-50-mm","15":"pa_dydis-2-75-mm","16":"pa_dydis-3-mm","17":"pa_dydis-3-25-mm","18":"pa_dydis-3-50-mm","19":"pa_dydis-3-75-mm","20":"pa_dydis-4-mm","21":"pa_dydis-4-50-mm","22":"pa_dydis-5-mm","23":"pa_dydis-5-50-mm","24":"pa_dydis-6-mm","26":"first","27":"instock","28":"taxable","29":"shipping-taxable","30":"purchasable","31":"product-type-simple"},"acf":[],"_links":{"self":[{"href":"https:\/\/siulubangos.lt\/en\/wp-json\/wp\/v2\/product\/33545","targetHints":{"allow":["GET"]}}],"collection":[{"href":"https:\/\/siulubangos.lt\/en\/wp-json\/wp\/v2\/product"}],"about":[{"href":"https:\/\/siulubangos.lt\/en\/wp-json\/wp\/v2\/types\/product"}],"replies":[{"embeddable":true,"href":"https:\/\/siulubangos.lt\/en\/wp-json\/wp\/v2\/comments?post=33545"}],"version-history":[{"count":0,"href":"https:\/\/siulubangos.lt\/en\/wp-json\/wp\/v2\/product\/33545\/revisions"}],"wp:featuredmedia":[{"embeddable":true,"href":"https:\/\/siulubangos.lt\/en\/wp-json\/wp\/v2\/media\/33546"}],"wp:attachment":[{"href":"https:\/\/siulubangos.lt\/en\/wp-json\/wp\/v2\/media?parent=33545"}],"wp:term":[{"taxonomy":"product_brand","embeddable":true,"href":"https:\/\/siulubangos.lt\/en\/wp-json\/wp\/v2\/product_brand?post=33545"},{"taxonomy":"product_cat","embeddable":true,"href":"https:\/\/siulubangos.lt\/en\/wp-json\/wp\/v2\/product_cat?post=33545"},{"taxonomy":"product_tag","embeddable":true,"href":"https:\/\/siulubangos.lt\/en\/wp-json\/wp\/v2\/product_tag?post=33545"}],"curies":[{"name":"wp","href":"https:\/\/api.w.org\/{rel}","templated":true}]}}