{"id":33576,"date":"2025-11-06T14:42:30","date_gmt":"2025-11-06T14:42:30","guid":{"rendered":"https:\/\/siulubangos.lt\/?post_type=product&#038;p=33576"},"modified":"2026-02-18T10:15:10","modified_gmt":"2026-02-18T08:15:10","slug":"prym-mezgimo-antpirstis-4-siulu","status":"publish","type":"product","link":"https:\/\/siulubangos.lt\/en\/parduotuve\/prym-mezgimo-antpirstis-4-siulu\/","title":{"rendered":"PRYM knitting thimble (4 yarns)"},"content":{"rendered":"","protected":false},"excerpt":{"rendered":"<p>\u0160is mezgimo antpir\u0161tis u\u017etikrina puik\u0173 si\u016bl\u0173 vedim\u0105 mezgimo metu. Jis gali b\u016bti naudojamas norvegi\u0161kiems ra\u0161tams ir kitiems ra\u0161tams, kuriuose naudojamos kelios spalvos. Antpir\u0161tis yra patogus ant pir\u0161to. \u0160onin\u0119 sklend\u0119 vir\u0161 akut\u0117s lengva atidaryti, kad gal\u0117tum\u0117te pakeisti si\u016bl\u0173 spalv\u0173 tvark\u0105 mezgant.<\/p>","protected":false},"featured_media":33577,"comment_status":"open","ping_status":"closed","template":"","meta":{"_acf_changed":false},"product_brand":[761],"product_cat":[310,529,547,528,533],"product_tag":[1232],"class_list":{"0":"post-33576","1":"product","2":"type-product","3":"status-publish","4":"has-post-thumbnail","6":"product_brand-prym","7":"product_cat-mezgimo-priemones","8":"product_cat-gamintojas-kitos-priemones","9":"product_cat-akiu-laikikliai","10":"product_cat-priemones-tipas","11":"product_cat-prym-gamintojas-kitos-priemones","12":"product_tag-prym","13":"pa_dydis-2-mm","14":"pa_dydis-2-25-mm","15":"pa_dydis-2-50-mm","16":"pa_dydis-2-75-mm","17":"pa_dydis-3-mm","18":"pa_dydis-3-25-mm","19":"pa_dydis-3-50-mm","20":"pa_dydis-3-75-mm","21":"pa_dydis-4-mm","22":"pa_dydis-4-50-mm","23":"pa_dydis-5-mm","24":"pa_dydis-5-50-mm","25":"pa_dydis-6-mm","27":"first","28":"instock","29":"taxable","30":"shipping-taxable","31":"purchasable","32":"product-type-simple"},"acf":[],"_links":{"self":[{"href":"https:\/\/siulubangos.lt\/en\/wp-json\/wp\/v2\/product\/33576","targetHints":{"allow":["GET"]}}],"collection":[{"href":"https:\/\/siulubangos.lt\/en\/wp-json\/wp\/v2\/product"}],"about":[{"href":"https:\/\/siulubangos.lt\/en\/wp-json\/wp\/v2\/types\/product"}],"replies":[{"embeddable":true,"href":"https:\/\/siulubangos.lt\/en\/wp-json\/wp\/v2\/comments?post=33576"}],"version-history":[{"count":0,"href":"https:\/\/siulubangos.lt\/en\/wp-json\/wp\/v2\/product\/33576\/revisions"}],"wp:featuredmedia":[{"embeddable":true,"href":"https:\/\/siulubangos.lt\/en\/wp-json\/wp\/v2\/media\/33577"}],"wp:attachment":[{"href":"https:\/\/siulubangos.lt\/en\/wp-json\/wp\/v2\/media?parent=33576"}],"wp:term":[{"taxonomy":"product_brand","embeddable":true,"href":"https:\/\/siulubangos.lt\/en\/wp-json\/wp\/v2\/product_brand?post=33576"},{"taxonomy":"product_cat","embeddable":true,"href":"https:\/\/siulubangos.lt\/en\/wp-json\/wp\/v2\/product_cat?post=33576"},{"taxonomy":"product_tag","embeddable":true,"href":"https:\/\/siulubangos.lt\/en\/wp-json\/wp\/v2\/product_tag?post=33576"}],"curies":[{"name":"wp","href":"https:\/\/api.w.org\/{rel}","templated":true}]}}