{"id":33589,"date":"2025-11-06T15:22:16","date_gmt":"2025-11-06T15:22:16","guid":{"rendered":"https:\/\/siulubangos.lt\/?post_type=product&#038;p=33589"},"modified":"2026-02-13T12:32:16","modified_gmt":"2026-02-13T10:32:16","slug":"prym-ergonomisku-virbalu-su-valu-komplektas-3-4-mm","status":"publish","type":"product","link":"https:\/\/siulubangos.lt\/en\/parduotuve\/prym-ergonomisku-virbalu-su-valu-komplektas-3-4-mm\/","title":{"rendered":"PRYM ergonomi\u0161k\u0173 virbal\u0173 komplektas su valu (3-4 mm)"},"content":{"rendered":"<h2>PRYM ergonomi\u0161k\u0173 virbal\u0173 komplektas su valu (3-4 mm)<\/h2>\n<p data-start=\"214\" data-end=\"488\">PRYM ergonomi\u0161k\u0173 virbal\u0173 komplektas su valu sukurtas mezg\u0117joms, kurios vertina komfort\u0105, tikslum\u0105 ir modern\u0173 dizain\u0105. Unikali trikamp\u0117 virbal\u0173 forma nat\u016braliai prisitaiko prie pir\u0161t\u0173, pagerina sukibim\u0105 ir padeda suma\u017einti rank\u0173 bei rie\u0161\u0173 \u012ftamp\u0105 net ilg\u0173 mezgimo sesij\u0173 metu.<\/p>\n<p data-start=\"490\" data-end=\"752\">Virbalai pagaminti i\u0161 auk\u0161tos kokyb\u0117s, lengvos sintetin\u0117s med\u017eiagos, tod\u0117l yra itin lengvi ir malon\u016bs laikyti rankoje. Sklandus per\u0117jimas tarp virbalo ir valo leid\u017eia akims laisvai slysti, o lankstus, tvirtas valas nesusisuka ir u\u017etikrina tolyg\u0173 mezgimo proces\u0105.<\/p>\n<p data-start=\"754\" data-end=\"914\">\u0160is komplektas su <strong data-start=\"772\" data-end=\"795\">3 &#8211; 4 mm dyd\u017ei\u0173<\/strong> virbalais idealiai tinka smulkesniems ir vidutinio storio mezginiams &#8211; kepur\u0117ms, \u0161alikams, megztiniams ar aksesuarams.<\/p>","protected":false},"excerpt":{"rendered":"<p>Prym Ergonomics mezgimo virbalai &#8211; tai auk\u0161tos kokyb\u0117s, ergonomi\u0161kai sukurti, lengvi, lankst\u016bs virbalai, su kuriais mezgimas tampa tikru malonumu. J\u0173 dizainas apima la\u0161o formos virbal\u0173 galus, kurie palengvina kilpeli\u0173 pa\u0117mim\u0105 ir si\u016blo vedim\u0105, taip pat trikampes kotelio formas, u\u017etikrinan\u010dias saug\u0173 ir patog\u0173 laikym\u0105. Virbal\u0173 trosai pagaminti i\u0161 plonu plastiku padengto plieno, o dyd\u017eiai ai\u0161kiai pa\u017eym\u0117ti patogumui.<\/p>\n<p>\u0160i virbal\u0173 rinkin\u012f sudaro 80 cm ilgio virbalai su valu, kuri\u0173 dyd\u017eiai 3.0, 3.50 ir 4.0 mm.<\/p>","protected":false},"featured_media":33590,"comment_status":"open","ping_status":"closed","template":"","meta":{"_acf_changed":false},"product_brand":[761],"product_cat":[61,455,498,505,499,507],"product_tag":[1232],"class_list":{"0":"post-33589","1":"product","2":"type-product","3":"status-publish","4":"has-post-thumbnail","6":"product_brand-prym","7":"product_cat-virbalai-vaseliai","8":"product_cat-gamintojas-virbalai-vaseliai","9":"product_cat-prym-virbalai-vaseliai","10":"product_cat-rinkiniai","11":"product_cat-rusis","12":"product_cat-virbalu-rinkiniai","13":"product_tag-prym","14":"pa_spalva-skaidrus-baltas","15":"pa_spalva-skaidrus-juodas","17":"first","18":"instock","19":"taxable","20":"shipping-taxable","21":"purchasable","22":"product-type-simple"},"acf":[],"_links":{"self":[{"href":"https:\/\/siulubangos.lt\/en\/wp-json\/wp\/v2\/product\/33589","targetHints":{"allow":["GET"]}}],"collection":[{"href":"https:\/\/siulubangos.lt\/en\/wp-json\/wp\/v2\/product"}],"about":[{"href":"https:\/\/siulubangos.lt\/en\/wp-json\/wp\/v2\/types\/product"}],"replies":[{"embeddable":true,"href":"https:\/\/siulubangos.lt\/en\/wp-json\/wp\/v2\/comments?post=33589"}],"version-history":[{"count":0,"href":"https:\/\/siulubangos.lt\/en\/wp-json\/wp\/v2\/product\/33589\/revisions"}],"wp:featuredmedia":[{"embeddable":true,"href":"https:\/\/siulubangos.lt\/en\/wp-json\/wp\/v2\/media\/33590"}],"wp:attachment":[{"href":"https:\/\/siulubangos.lt\/en\/wp-json\/wp\/v2\/media?parent=33589"}],"wp:term":[{"taxonomy":"product_brand","embeddable":true,"href":"https:\/\/siulubangos.lt\/en\/wp-json\/wp\/v2\/product_brand?post=33589"},{"taxonomy":"product_cat","embeddable":true,"href":"https:\/\/siulubangos.lt\/en\/wp-json\/wp\/v2\/product_cat?post=33589"},{"taxonomy":"product_tag","embeddable":true,"href":"https:\/\/siulubangos.lt\/en\/wp-json\/wp\/v2\/product_tag?post=33589"}],"curies":[{"name":"wp","href":"https:\/\/api.w.org\/{rel}","templated":true}]}}