{"id":33596,"date":"2025-11-06T15:34:41","date_gmt":"2025-11-06T15:34:41","guid":{"rendered":"https:\/\/siulubangos.lt\/?post_type=product&#038;p=33596"},"modified":"2026-01-12T10:51:15","modified_gmt":"2026-01-12T08:51:15","slug":"prym-ergonomisku-vaseliu-rinkinys-2-6-mm","status":"publish","type":"product","link":"https:\/\/siulubangos.lt\/en\/parduotuve\/prym-ergonomisku-vaseliu-rinkinys-2-6-mm\/","title":{"rendered":"PRYM Ergonomic Clamp Set (2-6 mm)"},"content":{"rendered":"<h2>PRYM Ergonomic Clamp Set (2-6 mm)<\/h2>\n<p data-start=\"202\" data-end=\"491\">PRYM ergonomi\u0161k\u0173 v\u0105\u0161eli\u0173 rinkinys sukurtas tam, kad n\u0117rimas b\u016bt\u0173 patogus, lengvas ir nevarginantis net ilg\u0173 darbo sesij\u0173 metu. Specialiai suformuota ergonomin\u0117 ranken\u0117l\u0117 nat\u016braliai prisitaiko prie rankos, suma\u017eina pir\u0161t\u0173, rie\u0161o ir pla\u0161takos \u012ftamp\u0105 bei leid\u017eia i\u0161laikyti tolyg\u0173 darbo temp\u0105.<\/p>\n<p data-start=\"493\" data-end=\"833\">Auk\u0161tos kokyb\u0117s v\u0105\u0161elio galiukas u\u017etikrina skland\u0173 si\u016bl\u0173 slydim\u0105 ir tiksl\u0173 aki\u0173 formavim\u0105. Kiekvienas dydis pa\u017eym\u0117tas skirtinga spalva, tod\u0117l reikiam\u0105 v\u0105\u0161el\u012f lengva rasti ir atpa\u017einti. <strong data-start=\"678\" data-end=\"695\">2-6 mm dyd\u017ei\u0173<\/strong> rinkinys apima populiariausius v\u0105\u0161eli\u0173 dyd\u017eius, tinkamus \u012fvairiems si\u016blams ir projektams &#8211; nuo smulki\u0173 n\u0117rini\u0173 iki drabu\u017ei\u0173 ar aksesuar\u0173.<\/p>\n<p data-start=\"835\" data-end=\"948\">Rinkinys idealiai tinka tiek pradedan\u010dioms, tiek patyrusioms n\u0117r\u0117joms, vertinan\u010dioms ergonomik\u0105 ir auk\u0161t\u0105 kokyb\u0119.<\/p>","protected":false},"excerpt":{"rendered":"<p>Prym ergonominiai v\u0105\u0161eliai su mink\u0161tu koteliu yra unikal\u016bs d\u0117l savo lengvumo ir optimalios formos. \u0160iek tiek smailus ir be \u0161iurk\u0161tum\u0173 galas u\u017etikrina, kad v\u0105\u0161elis skland\u017eiai slyst\u0173 per kilpas nesugadinant si\u016blo. Be to, gana gili griovelio forma leid\u017eia sukurti vienodus v\u0105\u0161elio dygsnius. Mink\u0161tas kotelis patogiai guli rankoje, o ry\u0161kios spalvos padeda lengvai atpa\u017einti v\u0105\u0161elio dyd\u012f.<\/p>\n<p>V\u0105\u0161eliai yra 14 cm ilgio, o rinkinyje yra 8 v\u0105\u0161eliai dyd\u017eiais: 2.00; 2.50; 3.00; 3.50; 4.00; 4.50; 5.00 ir 6.00 mm.<\/p>","protected":false},"featured_media":33597,"comment_status":"open","ping_status":"closed","template":"","meta":{"_acf_changed":false},"product_brand":[761],"product_cat":[61,455,498,505,499,506,508],"product_tag":[1232],"class_list":{"0":"post-33596","1":"product","2":"type-product","3":"status-publish","4":"has-post-thumbnail","6":"product_brand-prym","7":"product_cat-virbalai-vaseliai","8":"product_cat-gamintojas-virbalai-vaseliai","9":"product_cat-prym-virbalai-vaseliai","10":"product_cat-rinkiniai","11":"product_cat-rusis","12":"product_cat-vaseliai","13":"product_cat-vaseliu-rinkiniai","14":"product_tag-prym","15":"pa_spalva-skaidrus-baltas","16":"pa_spalva-skaidrus-juodas","18":"first","19":"instock","20":"taxable","21":"shipping-taxable","22":"purchasable","23":"product-type-simple"},"acf":[],"_links":{"self":[{"href":"https:\/\/siulubangos.lt\/en\/wp-json\/wp\/v2\/product\/33596","targetHints":{"allow":["GET"]}}],"collection":[{"href":"https:\/\/siulubangos.lt\/en\/wp-json\/wp\/v2\/product"}],"about":[{"href":"https:\/\/siulubangos.lt\/en\/wp-json\/wp\/v2\/types\/product"}],"replies":[{"embeddable":true,"href":"https:\/\/siulubangos.lt\/en\/wp-json\/wp\/v2\/comments?post=33596"}],"version-history":[{"count":0,"href":"https:\/\/siulubangos.lt\/en\/wp-json\/wp\/v2\/product\/33596\/revisions"}],"wp:featuredmedia":[{"embeddable":true,"href":"https:\/\/siulubangos.lt\/en\/wp-json\/wp\/v2\/media\/33597"}],"wp:attachment":[{"href":"https:\/\/siulubangos.lt\/en\/wp-json\/wp\/v2\/media?parent=33596"}],"wp:term":[{"taxonomy":"product_brand","embeddable":true,"href":"https:\/\/siulubangos.lt\/en\/wp-json\/wp\/v2\/product_brand?post=33596"},{"taxonomy":"product_cat","embeddable":true,"href":"https:\/\/siulubangos.lt\/en\/wp-json\/wp\/v2\/product_cat?post=33596"},{"taxonomy":"product_tag","embeddable":true,"href":"https:\/\/siulubangos.lt\/en\/wp-json\/wp\/v2\/product_tag?post=33596"}],"curies":[{"name":"wp","href":"https:\/\/api.w.org\/{rel}","templated":true}]}}