{"id":33612,"date":"2025-11-06T16:05:35","date_gmt":"2025-11-06T16:05:35","guid":{"rendered":"https:\/\/siulubangos.lt\/?post_type=product&#038;p=33612"},"modified":"2025-11-22T17:58:16","modified_gmt":"2025-11-22T15:58:16","slug":"prym-ziogeliai-auksiniai-50-mm-12-vnt","status":"publish","type":"product","link":"https:\/\/siulubangos.lt\/en\/parduotuve\/prym-ziogeliai-auksiniai-50-mm-12-vnt\/","title":{"rendered":"PRYM pins gold 50 mm (12 pcs)"},"content":{"rendered":"<p>Prym \u017eiogeliai .Atspar\u016bs r\u016bdims. 12 vnt, 27-38-50mm<\/p>","protected":false},"excerpt":{"rendered":"<p>Sidabriniai \u017eiogeliai 27-38-50 mm, 12 vnt. J\u0173 visada reikia.<\/p>","protected":false},"featured_media":33614,"comment_status":"open","ping_status":"closed","template":"","meta":{"_acf_changed":false},"product_brand":[761],"product_cat":[310,529,528,533,1233],"product_tag":[1232],"class_list":{"0":"post-33612","1":"product","2":"type-product","3":"status-publish","4":"has-post-thumbnail","6":"product_brand-prym","7":"product_cat-mezgimo-priemones","8":"product_cat-gamintojas-kitos-priemones","9":"product_cat-priemones-tipas","10":"product_cat-prym-gamintojas-kitos-priemones","11":"product_cat-ziogeliai-segtukai","12":"product_tag-prym","13":"pa_dydis-2-mm","14":"pa_dydis-2-25-mm","15":"pa_dydis-2-50-mm","16":"pa_dydis-2-75-mm","17":"pa_dydis-3-mm","18":"pa_dydis-3-25-mm","19":"pa_dydis-3-50-mm","20":"pa_dydis-3-75-mm","21":"pa_dydis-4-mm","22":"pa_dydis-4-50-mm","23":"pa_dydis-5-mm","24":"pa_dydis-5-50-mm","25":"pa_dydis-6-mm","27":"first","28":"instock","29":"taxable","30":"shipping-taxable","31":"purchasable","32":"product-type-simple"},"acf":[],"_links":{"self":[{"href":"https:\/\/siulubangos.lt\/en\/wp-json\/wp\/v2\/product\/33612","targetHints":{"allow":["GET"]}}],"collection":[{"href":"https:\/\/siulubangos.lt\/en\/wp-json\/wp\/v2\/product"}],"about":[{"href":"https:\/\/siulubangos.lt\/en\/wp-json\/wp\/v2\/types\/product"}],"replies":[{"embeddable":true,"href":"https:\/\/siulubangos.lt\/en\/wp-json\/wp\/v2\/comments?post=33612"}],"version-history":[{"count":0,"href":"https:\/\/siulubangos.lt\/en\/wp-json\/wp\/v2\/product\/33612\/revisions"}],"wp:featuredmedia":[{"embeddable":true,"href":"https:\/\/siulubangos.lt\/en\/wp-json\/wp\/v2\/media\/33614"}],"wp:attachment":[{"href":"https:\/\/siulubangos.lt\/en\/wp-json\/wp\/v2\/media?parent=33612"}],"wp:term":[{"taxonomy":"product_brand","embeddable":true,"href":"https:\/\/siulubangos.lt\/en\/wp-json\/wp\/v2\/product_brand?post=33612"},{"taxonomy":"product_cat","embeddable":true,"href":"https:\/\/siulubangos.lt\/en\/wp-json\/wp\/v2\/product_cat?post=33612"},{"taxonomy":"product_tag","embeddable":true,"href":"https:\/\/siulubangos.lt\/en\/wp-json\/wp\/v2\/product_tag?post=33612"}],"curies":[{"name":"wp","href":"https:\/\/api.w.org\/{rel}","templated":true}]}}