{"id":33637,"date":"2025-11-06T16:59:58","date_gmt":"2025-11-06T16:59:58","guid":{"rendered":"https:\/\/siulubangos.lt\/?post_type=product&#038;p=33637"},"modified":"2025-11-22T17:53:56","modified_gmt":"2025-11-22T15:53:56","slug":"clover-silikoniniai-virbalu-antgaliai-s-l-dydziai","status":"publish","type":"product","link":"https:\/\/siulubangos.lt\/en\/parduotuve\/clover-silikoniniai-virbalu-antgaliai-s-l-dydziai\/","title":{"rendered":"CLOVER Silicone Needle Caps (S\/L sizes)"},"content":{"rendered":"","protected":false},"excerpt":{"rendered":"<p>Silikoninai Clover virbal\u0173 atgaliai, kad mezginys likt\u0173 saugiai. S dydis (\u017ealia) &#8211; 2.00-4.5 mm virbalams,\u00a0 L dydis (violetin\u0117) 3.75-6.5 mm virbalams.<\/p>","protected":false},"featured_media":33638,"comment_status":"open","ping_status":"closed","template":"","meta":{"_acf_changed":false},"product_brand":[754],"product_cat":[310,546,1259,529,528],"product_tag":[1222],"class_list":{"0":"post-33637","1":"product","2":"type-product","3":"status-publish","4":"has-post-thumbnail","6":"product_brand-addi","7":"product_cat-mezgimo-priemones","8":"product_cat-antgaliai-virbalams","9":"product_cat-clover-gamintojas-kitos-priemones","10":"product_cat-gamintojas-kitos-priemones","11":"product_cat-priemones-tipas","12":"product_tag-addi","13":"pa_dydis-l","14":"pa_dydis-s","16":"first","17":"instock","18":"taxable","19":"shipping-taxable","20":"purchasable","21":"product-type-variable"},"acf":[],"_links":{"self":[{"href":"https:\/\/siulubangos.lt\/en\/wp-json\/wp\/v2\/product\/33637","targetHints":{"allow":["GET"]}}],"collection":[{"href":"https:\/\/siulubangos.lt\/en\/wp-json\/wp\/v2\/product"}],"about":[{"href":"https:\/\/siulubangos.lt\/en\/wp-json\/wp\/v2\/types\/product"}],"replies":[{"embeddable":true,"href":"https:\/\/siulubangos.lt\/en\/wp-json\/wp\/v2\/comments?post=33637"}],"version-history":[{"count":0,"href":"https:\/\/siulubangos.lt\/en\/wp-json\/wp\/v2\/product\/33637\/revisions"}],"wp:featuredmedia":[{"embeddable":true,"href":"https:\/\/siulubangos.lt\/en\/wp-json\/wp\/v2\/media\/33638"}],"wp:attachment":[{"href":"https:\/\/siulubangos.lt\/en\/wp-json\/wp\/v2\/media?parent=33637"}],"wp:term":[{"taxonomy":"product_brand","embeddable":true,"href":"https:\/\/siulubangos.lt\/en\/wp-json\/wp\/v2\/product_brand?post=33637"},{"taxonomy":"product_cat","embeddable":true,"href":"https:\/\/siulubangos.lt\/en\/wp-json\/wp\/v2\/product_cat?post=33637"},{"taxonomy":"product_tag","embeddable":true,"href":"https:\/\/siulubangos.lt\/en\/wp-json\/wp\/v2\/product_tag?post=33637"}],"curies":[{"name":"wp","href":"https:\/\/api.w.org\/{rel}","templated":true}]}}