{"id":33703,"date":"2025-11-07T13:00:32","date_gmt":"2025-11-07T13:00:32","guid":{"rendered":"https:\/\/siulubangos.lt\/?post_type=product&#038;p=33703"},"modified":"2026-02-19T20:09:28","modified_gmt":"2026-02-19T18:09:28","slug":"chiaogoo-twist-lace-short-combo-rinkinys-2","status":"publish","type":"product","link":"https:\/\/siulubangos.lt\/en\/parduotuve\/chiaogoo-twist-lace-short-combo-rinkinys-2\/","title":{"rendered":"ChiaoGoo TWIST Lace short combo rinkinys [S] (3.50-5.0 mm)"},"content":{"rendered":"<h2>ChiaoGoo TWIST Lace Short Combo rinkinys [S]<\/h2>\n<p>Tai idealus prisukam\u0173 virbal\u0173 rinkinys ma\u017eo skersmens projektams, tokiems kaip kojin\u0117s, kepur\u0117s, rankov\u0117ms ar ma\u017e\u0173 r\u016bbeli\u0173 mezgimui. Rinkin\u012f sudaro dvi 5 cm ilgio ir dvi 8 cm ilgio virbalai to paties dyd\u017eio, du trumpi valai (13 ir 15 cm) bei du ver\u017eimo rakteliai. Ner\u016bdijan\u010dio plieno (RVS) virbalai gali b\u016bti \u012fvairiai derinami, kad susidaryt\u0173 apval\u016bs virbalai, kuri\u0173 ilgis svyruoja nuo 23 iki 31 cm. Virbalai lengvai prisukami, priver\u017eiami arba atlaisvinami naudojant komplekte esant\u012f ver\u017eimo raktel\u012f.<br \/>\n\u0160is TWIST SHORTIES Combo rinkin\u012f sudaro: raktelis u\u017ever\u017eimui, dvi poros virbal\u0173, 2 m\u0117lyni valai su SMALL [S] sriegio dyd\u017eiu ir yra prieinami tokie dyd\u017eiai nuo 3.50 iki 5.0 mm.<\/p>\n<p>&nbsp;<\/p>\n","protected":false},"excerpt":{"rendered":"<p><strong>ChiaoGoo TWIST Lace Short Combo rinkinys [S] <\/strong>&#8211; tai idealus prisukam\u0173 virbal\u0173 rinkinys ma\u017eo skersmens projektams, tokiems kaip kojin\u0117s, kepur\u0117s, rankov\u0117ms ar ma\u017e\u0173 r\u016bbeli\u0173 mezgimui.\u00a0 <strong>\u00a0<\/strong><\/p>\n<p><strong>Rinkin\u012f sudaro:<\/strong><\/p>\n<ul>\n<li>raktelis u\u017ever\u017eimui,<\/li>\n<li>dvi poros virbal\u0173,<\/li>\n<li>2 m\u0117lyni valai su SMALL [S] sriegio dyd\u017eiu ir yra prieinami tokie dyd\u017eiai nuo 3.50 iki 5.0 mm.<\/li>\n<\/ul>\n","protected":false},"featured_media":33707,"comment_status":"open","ping_status":"closed","template":"","meta":{"_acf_changed":false},"product_brand":[560],"product_cat":[61,466,455,527,505,499,507],"product_tag":[1257],"class_list":{"0":"post-33703","1":"product","2":"type-product","3":"status-publish","4":"has-post-thumbnail","6":"product_brand-chiaogoo","7":"product_cat-virbalai-vaseliai","8":"product_cat-chiaogoo-virbalai-vaseliai","9":"product_cat-gamintojas-virbalai-vaseliai","10":"product_cat-metaliniai","11":"product_cat-rinkiniai","12":"product_cat-rusis","13":"product_cat-virbalu-rinkiniai","14":"product_tag-chiaogoo","15":"pa_dydis-3-50-mm","16":"pa_dydis-3-75-mm","17":"pa_dydis-4-mm","18":"pa_dydis-4-50-mm","19":"pa_dydis-5-mm","21":"first","22":"instock","23":"taxable","24":"shipping-taxable","25":"purchasable","26":"product-type-variable"},"acf":[],"_links":{"self":[{"href":"https:\/\/siulubangos.lt\/en\/wp-json\/wp\/v2\/product\/33703","targetHints":{"allow":["GET"]}}],"collection":[{"href":"https:\/\/siulubangos.lt\/en\/wp-json\/wp\/v2\/product"}],"about":[{"href":"https:\/\/siulubangos.lt\/en\/wp-json\/wp\/v2\/types\/product"}],"replies":[{"embeddable":true,"href":"https:\/\/siulubangos.lt\/en\/wp-json\/wp\/v2\/comments?post=33703"}],"version-history":[{"count":0,"href":"https:\/\/siulubangos.lt\/en\/wp-json\/wp\/v2\/product\/33703\/revisions"}],"wp:featuredmedia":[{"embeddable":true,"href":"https:\/\/siulubangos.lt\/en\/wp-json\/wp\/v2\/media\/33707"}],"wp:attachment":[{"href":"https:\/\/siulubangos.lt\/en\/wp-json\/wp\/v2\/media?parent=33703"}],"wp:term":[{"taxonomy":"product_brand","embeddable":true,"href":"https:\/\/siulubangos.lt\/en\/wp-json\/wp\/v2\/product_brand?post=33703"},{"taxonomy":"product_cat","embeddable":true,"href":"https:\/\/siulubangos.lt\/en\/wp-json\/wp\/v2\/product_cat?post=33703"},{"taxonomy":"product_tag","embeddable":true,"href":"https:\/\/siulubangos.lt\/en\/wp-json\/wp\/v2\/product_tag?post=33703"}],"curies":[{"name":"wp","href":"https:\/\/api.w.org\/{rel}","templated":true}]}}