{"id":33746,"date":"2025-11-07T14:55:42","date_gmt":"2025-11-07T14:55:42","guid":{"rendered":"https:\/\/siulubangos.lt\/?post_type=product&#038;p=33746"},"modified":"2026-01-09T11:55:21","modified_gmt":"2026-01-09T09:55:21","slug":"chiaogoo-small-ir-large-prisukamu-virbalu-priedu-rinkinys","status":"publish","type":"product","link":"https:\/\/siulubangos.lt\/en\/parduotuve\/chiaogoo-small-ir-large-prisukamu-virbalu-priedu-rinkinys\/","title":{"rendered":"ChiaoGoo SMALL and LARGE screw-on needle accessory set"},"content":{"rendered":"<h2><strong data-start=\"36\" data-end=\"97\">ChiaoGoo Small ir Large prisukam\u0173 virbal\u0173 pried\u0173 rinkinys<\/strong><\/h2>\n<p>Visi reikalingi priedai, skirti naudoti su ChiaoGoo TWIST prisukamais virbalais. Rinkinys leid\u017eia greitai ir patogiai keisti val\u0173 ilg\u012f, jungtis bei pritaikyti virbalus \u012fvairiems mezgimo projektams \u2013 nuo kojini\u0173 ir rankovi\u0173 iki didesni\u0173 megztini\u0173. Auk\u0161tos kokyb\u0117s detal\u0117s u\u017etikrina stabil\u0173 si\u016blo slydim\u0105, patikim\u0105 jungim\u0105 ir komfort\u0105 mezgimo metu. Puikus pasirinkimas tiek pradedantiesiems, tiek patyrusiems mezg\u0117jams.<\/p>\n<h3><strong>Bendra informacija, taikoma visiems ChiaoGoo prisukamiems virbalams:<\/strong><\/h3>\n<p>\u201eTWIST\u201c ir \u201eSPIN\u201c produktai turi vienodo dyd\u017eio sriegius, tod\u0117l yra tarpusavyje suderinami. Visi prisukami virbalai ir valai yra lazeriu pa\u017eym\u0117ti atitinkamu sriegio dyd\u017eiu:<\/p>\n<p>M = MINI - suitable for cord sizes 1.50-2.50 mm (10 and 13 cm) and 1.50-3.25 mm (8 cm)<\/p>\n<p>S = SMALL -.tinka virbal\u0173 dyd\u017eiams 2.75-5.00 mm (10 ir 13 cm) ir 3.50-5.00 mm (8 cm)<\/p>\n<p>L = LARGE &#8211; tinka virbal\u0173 dyd\u017eiams 5.50-10.00 mm (10 ir 13 cm)<\/p>\n<p>MINI serija nesuderinama su S ir L sriegio dyd\u017eiais, tod\u0117l visiems MINI prisukamiems virbalams reikalingi MINI valai.<br \/>\nAtkreipkite d\u0117mes\u012f, kad 10 cm ir 13 cm ilgio MINI prisukami virbalai yra per ilgi, kad b\u016bt\u0173 galima naudoti su 5 cm, 13 cm ir 15 cm ilgio MINI valais. Jie gali b\u016bti lengvai sujungti naudojant MINI jungt\u012f, kad b\u016bt\u0173 pailgintas valo ilgis.<br \/>\nChiaoGoo taip pat si\u016blo adapterius, leid\u017eian\u010dius sujungti MINI, S ir L sriegio dyd\u017ei\u0173 gaminius.<\/p>\n<p>I\u0161imtis: ChiaoGoo MINI SHORTIES prisukami virbalai (1.50-3.25 mm) yra suderinami tik su MINI sriegio dyd\u017eio gaminiais.<\/p>","protected":false},"excerpt":{"rendered":"<p><strong>ChiaoGoo Small ir Large prisukam\u0173 virbal\u0173 pried\u0173 rinkinys<\/strong> apima \u012fvairius \u012frankius, skirtus naudoti su <strong>TWIST<\/strong> Small ir Large prisukam\u0173 virbal\u0173 rinkiniais.<\/p>\n<p>Rinkin\u012f sudaro:<\/p>\n<ul>\n<li>4 jungtys,<\/li>\n<li>4 galiniai u\u017etvarai,<\/li>\n<li>4 ver\u017eimo rakteliai,<\/li>\n<li>2 siuvimo adatos,<\/li>\n<li>2 L \u012f S adapteriai,<\/li>\n<li>20 kilpeli\u0173 \u017eymekli\u0173,<\/li>\n<li>2 saugos smeigtukai,<\/li>\n<li>1 \u0161irdel\u0117s formos guminis laikiklis.<\/li>\n<\/ul>\n<p>Rinkinys matmen\u0173 6 x 4 cm.<\/p>","protected":false},"featured_media":33749,"comment_status":"open","ping_status":"closed","template":"","meta":{"_acf_changed":false},"product_brand":[560],"product_cat":[61,466,1258,455,569,310,528],"product_tag":[1257],"class_list":{"0":"post-33746","1":"product","2":"type-product","3":"status-publish","4":"has-post-thumbnail","6":"product_brand-chiaogoo","7":"product_cat-virbalai-vaseliai","8":"product_cat-chiaogoo-virbalai-vaseliai","9":"product_cat-chiaogoo-kitos-priemones","10":"product_cat-gamintojas-virbalai-vaseliai","11":"product_cat-jungtys-antgaliai-ir-kiti-priedai","12":"product_cat-mezgimo-priemones","13":"product_cat-priemones-tipas","14":"product_tag-chiaogoo","16":"first","17":"instock","18":"taxable","19":"shipping-taxable","20":"purchasable","21":"product-type-simple"},"acf":[],"_links":{"self":[{"href":"https:\/\/siulubangos.lt\/en\/wp-json\/wp\/v2\/product\/33746","targetHints":{"allow":["GET"]}}],"collection":[{"href":"https:\/\/siulubangos.lt\/en\/wp-json\/wp\/v2\/product"}],"about":[{"href":"https:\/\/siulubangos.lt\/en\/wp-json\/wp\/v2\/types\/product"}],"replies":[{"embeddable":true,"href":"https:\/\/siulubangos.lt\/en\/wp-json\/wp\/v2\/comments?post=33746"}],"version-history":[{"count":0,"href":"https:\/\/siulubangos.lt\/en\/wp-json\/wp\/v2\/product\/33746\/revisions"}],"wp:featuredmedia":[{"embeddable":true,"href":"https:\/\/siulubangos.lt\/en\/wp-json\/wp\/v2\/media\/33749"}],"wp:attachment":[{"href":"https:\/\/siulubangos.lt\/en\/wp-json\/wp\/v2\/media?parent=33746"}],"wp:term":[{"taxonomy":"product_brand","embeddable":true,"href":"https:\/\/siulubangos.lt\/en\/wp-json\/wp\/v2\/product_brand?post=33746"},{"taxonomy":"product_cat","embeddable":true,"href":"https:\/\/siulubangos.lt\/en\/wp-json\/wp\/v2\/product_cat?post=33746"},{"taxonomy":"product_tag","embeddable":true,"href":"https:\/\/siulubangos.lt\/en\/wp-json\/wp\/v2\/product_tag?post=33746"}],"curies":[{"name":"wp","href":"https:\/\/api.w.org\/{rel}","templated":true}]}}