{"id":33752,"date":"2025-11-07T15:07:03","date_gmt":"2025-11-07T15:07:03","guid":{"rendered":"https:\/\/siulubangos.lt\/?post_type=product&#038;p=33752"},"modified":"2026-01-12T13:16:50","modified_gmt":"2026-01-12T11:16:50","slug":"chiaogoo-universalios-plienines-zirklutes-9-cm","status":"publish","type":"product","link":"https:\/\/siulubangos.lt\/en\/parduotuve\/chiaogoo-universalios-plienines-zirklutes-9-cm\/","title":{"rendered":"ChiaoGoo Universal Steel Scissors (9 cm)"},"content":{"rendered":"<h2>ChiaoGoo Universal Steel Scissors (9 cm)<\/h2>\n<p data-start=\"215\" data-end=\"508\">ChiaoGoo universalios plienin\u0117s \u017eirklut\u0117s &#8211; patikimas \u012frankis mezg\u0117joms ir siuv\u0117joms, kurioms svarbus tikslumas ir kokyb\u0117. Pagamintos i\u0161 auk\u0161tos kokyb\u0117s plieno, \u017eirklut\u0117s yra tvirtos, a\u0161trios ir ilgaam\u017e\u0117s, leid\u017eian\u010dios lengvai kirpti si\u016blus, si\u016bl\u0173 galus ar smulkius audinius be \u012ftempimo.<\/p>\n<p data-start=\"510\" data-end=\"735\">Kompakti\u0161kas <strong data-start=\"523\" data-end=\"537\">9 cm dydis<\/strong> u\u017etikrina patog\u0173 laikym\u0105 rankoje ir leid\u017eia jas tur\u0117ti po ranka bet kurioje mezgimo ar siuvimo darboviet\u0117je. Ergonomi\u0161ka konstrukcija ir lengvas svoris garantuoja komfort\u0105 net dirbant ilg\u0105 laik\u0105.<\/p>","protected":false},"excerpt":{"rendered":"<p>Puikios, plienin\u0117s \u017eirklut\u0117s j\u016bs\u0173 rankdarbi\u0173 procesui. 9 cm<\/p>","protected":false},"featured_media":33758,"comment_status":"open","ping_status":"closed","template":"","meta":{"_acf_changed":false},"product_brand":[560],"product_cat":[310,1258,529,528,541],"product_tag":[1257],"class_list":{"0":"post-33752","1":"product","2":"type-product","3":"status-publish","4":"has-post-thumbnail","6":"product_brand-chiaogoo","7":"product_cat-mezgimo-priemones","8":"product_cat-chiaogoo-kitos-priemones","9":"product_cat-gamintojas-kitos-priemones","10":"product_cat-priemones-tipas","11":"product_cat-zirkles","12":"product_tag-chiaogoo","14":"first","15":"instock","16":"taxable","17":"shipping-taxable","18":"purchasable","19":"product-type-simple"},"acf":[],"_links":{"self":[{"href":"https:\/\/siulubangos.lt\/en\/wp-json\/wp\/v2\/product\/33752","targetHints":{"allow":["GET"]}}],"collection":[{"href":"https:\/\/siulubangos.lt\/en\/wp-json\/wp\/v2\/product"}],"about":[{"href":"https:\/\/siulubangos.lt\/en\/wp-json\/wp\/v2\/types\/product"}],"replies":[{"embeddable":true,"href":"https:\/\/siulubangos.lt\/en\/wp-json\/wp\/v2\/comments?post=33752"}],"version-history":[{"count":0,"href":"https:\/\/siulubangos.lt\/en\/wp-json\/wp\/v2\/product\/33752\/revisions"}],"wp:featuredmedia":[{"embeddable":true,"href":"https:\/\/siulubangos.lt\/en\/wp-json\/wp\/v2\/media\/33758"}],"wp:attachment":[{"href":"https:\/\/siulubangos.lt\/en\/wp-json\/wp\/v2\/media?parent=33752"}],"wp:term":[{"taxonomy":"product_brand","embeddable":true,"href":"https:\/\/siulubangos.lt\/en\/wp-json\/wp\/v2\/product_brand?post=33752"},{"taxonomy":"product_cat","embeddable":true,"href":"https:\/\/siulubangos.lt\/en\/wp-json\/wp\/v2\/product_cat?post=33752"},{"taxonomy":"product_tag","embeddable":true,"href":"https:\/\/siulubangos.lt\/en\/wp-json\/wp\/v2\/product_tag?post=33752"}],"curies":[{"name":"wp","href":"https:\/\/api.w.org\/{rel}","templated":true}]}}