{"id":33801,"date":"2025-11-07T21:23:32","date_gmt":"2025-11-07T21:23:32","guid":{"rendered":"https:\/\/siulubangos.lt\/?post_type=product&#038;p=33801"},"modified":"2026-04-17T11:18:53","modified_gmt":"2026-04-17T08:18:53","slug":"chiaogoo-mini-prisukami-valai","status":"publish","type":"product","link":"https:\/\/siulubangos.lt\/en\/parduotuve\/chiaogoo-mini-prisukami-valai\/","title":{"rendered":"ChiaoGoo MINI [M] prisukami valai (13-93 cm)"},"content":{"rendered":"<h2><strong data-start=\"36\" data-end=\"71\">ChiaoGoo Mini [M] prisukami valai (13-93 cm)<\/strong><\/h2>\n<p>ChiaoGoo Mini [M] prisukami valai yra patys ploniausi \u0161io gamintojo asortimente, sukurti specialiai smulkiausiems ir kruop\u0161\u010diausiems mezgimo projektams. \u0160ie valai turi itin smulki\u0105 [M] dyd\u017eio jungt\u012f, kuri skirta tik patiems ploniausiems virbal\u0173 galiukams &#8211; nuo 1,50 mm iki 2,50 mm.<\/p>\n<p>Kaip ir kiti ChiaoGoo valai, jie pagaminti i\u0161 daugiasluoksnio plieninio troselio, padengto raudonu nailonu. Tai u\u017etikrina, kad valas netur\u0117s \u201eatminties\u201c, nesusisuks \u012f kilpas ir i\u0161liks tiesus vos i\u0161trauktas i\u0161 pakuot\u0117s. D\u0117l savo ypatingo plonumo Mini valai yra ne\u012ftik\u0117tinai lankst\u016bs, tod\u0117l jie yra negin\u010dijamas lyderis mezgant kojines, rie\u0161ines ar n\u0117riniuotas skaras \u201eMagic Loop\u201c metodu.<\/p>\n<p>Jungties vieta tarp valo ir plono virbalo yra suformuota taip precizi\u0161kai, kad per\u0117jimas yra prakti\u0161kai nejuntamas, tod\u0117l net ir ploniausi si\u016blai slysta be jokio pasiprie\u0161inimo. Galite rinktis \u012fvairius ilgius nuo 20 cm iki 125 cm, priklausomai nuo to, ar mezgate smulkias detales, ar didelius, lengvus a\u017e\u016brinius gaminius.<\/p>\n<p><strong>Svarbu atsiminti:<\/strong> Mini valai tinka tik virbalams iki 2,50 mm. Jei nor\u0117site juos naudoti su storesniais Small virbalais, jums prireiks specialaus \u201eMini-to-Small\u201c adapterio.<\/p>\n","protected":false},"excerpt":{"rendered":"<p>Raudonu nailono sluoksniu dengtas, keli\u0173 plienini\u0173 viel\u0173 branduol\u012f turintis valas &#8211; labai lankstus, neturi atminties (negr\u012f\u017eta \u012f susukt\u0105 form\u0105).<br \/>\nTinka MINI [M] sriegio prisukamiems virbalams &#8211; pavyzd\u017eiui, 1.5-2.5 mm dyd\u017eio, jungiasi su atitinkamais antgaliais.<\/p>\n<p><strong>SVARBU: Chiaogoo gamintojas val\u0173 ilgius nurodo be prisukam\u0173 virbal\u0173.<\/strong><\/p>\n","protected":false},"featured_media":33802,"comment_status":"open","ping_status":"closed","template":"","meta":{"_acf_changed":false},"product_brand":[560],"product_cat":[310,1258,466,529,455,528,570,61],"product_tag":[1257],"class_list":{"0":"post-33801","1":"product","2":"type-product","3":"status-publish","4":"has-post-thumbnail","6":"product_brand-chiaogoo","7":"product_cat-mezgimo-priemones","8":"product_cat-chiaogoo-kitos-priemones","9":"product_cat-chiaogoo-virbalai-vaseliai","10":"product_cat-gamintojas-kitos-priemones","11":"product_cat-gamintojas-virbalai-vaseliai","12":"product_cat-priemones-tipas","13":"product_cat-valai-virbalams","14":"product_cat-virbalai-vaseliai","15":"product_tag-chiaogoo","16":"pa_ilgis-125-cm","17":"pa_ilgis-13-cm","18":"pa_ilgis-15-cm","19":"pa_ilgis-20-cm","20":"pa_ilgis-35-cm","21":"pa_ilgis-55-cm","22":"pa_ilgis-75-cm","23":"pa_ilgis-93-cm","25":"first","26":"instock","27":"taxable","28":"shipping-taxable","29":"purchasable","30":"product-type-variable"},"acf":[],"_links":{"self":[{"href":"https:\/\/siulubangos.lt\/en\/wp-json\/wp\/v2\/product\/33801","targetHints":{"allow":["GET"]}}],"collection":[{"href":"https:\/\/siulubangos.lt\/en\/wp-json\/wp\/v2\/product"}],"about":[{"href":"https:\/\/siulubangos.lt\/en\/wp-json\/wp\/v2\/types\/product"}],"replies":[{"embeddable":true,"href":"https:\/\/siulubangos.lt\/en\/wp-json\/wp\/v2\/comments?post=33801"}],"version-history":[{"count":0,"href":"https:\/\/siulubangos.lt\/en\/wp-json\/wp\/v2\/product\/33801\/revisions"}],"wp:featuredmedia":[{"embeddable":true,"href":"https:\/\/siulubangos.lt\/en\/wp-json\/wp\/v2\/media\/33802"}],"wp:attachment":[{"href":"https:\/\/siulubangos.lt\/en\/wp-json\/wp\/v2\/media?parent=33801"}],"wp:term":[{"taxonomy":"product_brand","embeddable":true,"href":"https:\/\/siulubangos.lt\/en\/wp-json\/wp\/v2\/product_brand?post=33801"},{"taxonomy":"product_cat","embeddable":true,"href":"https:\/\/siulubangos.lt\/en\/wp-json\/wp\/v2\/product_cat?post=33801"},{"taxonomy":"product_tag","embeddable":true,"href":"https:\/\/siulubangos.lt\/en\/wp-json\/wp\/v2\/product_tag?post=33801"}],"curies":[{"name":"wp","href":"https:\/\/api.w.org\/{rel}","templated":true}]}}