{"id":33825,"date":"2025-11-07T21:48:54","date_gmt":"2025-11-07T21:48:54","guid":{"rendered":"https:\/\/siulubangos.lt\/?post_type=product&#038;p=33825"},"modified":"2026-03-01T19:44:32","modified_gmt":"2026-03-01T17:44:32","slug":"chiaogoo-large-circular-knitting-needles","status":"publish","type":"product","link":"https:\/\/siulubangos.lt\/en\/parduotuve\/chiaogoo-large-l-prisukami-valai\/","title":{"rendered":"ChiaoGoo LARGE [L] prisukami valai (20-125 cm)"},"content":{"rendered":"<h2><strong data-start=\"29\" data-end=\"65\">ChiaoGoo Large [L] prisukami valai (20-125 cm)<\/strong><\/h2>\n<p>ChiaoGoo Large [L] prisukami valai yra sukurti stambesniems mezgimo projektams, kuriems reikalingi storesni virbalai. \u0160ie valai turi pla\u010diausi\u0105 [L] dyd\u017eio jungt\u012f, kuri skirta virbal\u0173 galiukams nuo 5.50 mm iki pat 10.00 mm. Nors pati jungtis yra masyvesn\u0117, kad atlaikyt\u0173 didesnio mezginio svor\u012f, ji i\u0161laiko t\u0105 pat\u012f precizi\u0161kum\u0105 &#8211; per\u0117jimas nuo valo prie virbalo i\u0161lieka idealiai lygus, tod\u0117l storas vilnos ar medviln\u0117s si\u016blas slysta be jokio strigimo.<\/p>\n<p>Kaip ir kiti \u0161ios linijos gaminiai, Large valai yra pagaminti i\u0161 daugiasluoksnio plieninio troselio, padengto raudonu nailonu. Tai itin svarbu dirbant su dideliais gaminiais, nes valas neturi \u201eatminties\u201c: jis nesipina \u012f kilpas ir nesusisuka net tada, kai ant jo kabo sunkus, beveik baigtas megztinis ar pledas. Plienin\u0117 \u0161erdis u\u017etikrina maksimal\u0173 tvirtum\u0105, tod\u0117l galite b\u016bti ram\u016bs, kad jungtis neatlaikiusi svorio nenutr\u016bks.<\/p>\n<p>Galite rinktis \u012fvairius ilgius nuo 20 cm iki 125 cm. Ilgesni Large valai yra nepakei\u010diami mezgant didelio formato darbus, tokius kaip stamb\u016bs kardiganai, paltai ar interjero detal\u0117s, kur reikia daug vietos akims sutalpinti.<\/p>\n<p>Verta \u017einoti: Jei turite daug [S] dyd\u017eio val\u0173, bet norite naudoti \u201eLarge\u201c (5.5 mm+) virbalus, galite pasinaudoti [L] \u012f [S] adapteriu. Ta\u010diau naudojant originalius [L] valus su [L] virbalais, konstrukcija b\u016bna pati tvir\u010diausia ir vientisiausia.<\/p>\n","protected":false},"excerpt":{"rendered":"<p>Raudonu nailono sluoksniu dengti, keli\u0173 plienini\u0173 viel\u0173 branduol\u012f turintys ChiaoGoo LARGE L prisukami valai &#8211; labai lankst\u016bs, neturi atminties (negr\u012f\u017eta \u012f susukt\u0105 form\u0105).<br \/>\nTinka LARGE [L] sriegio virbalams &#8211; pavyzd\u017eiui, 5.5-10 mm dyd\u017eio, jungiasi su atitinkamais antgaliais.<\/p>\n","protected":false},"featured_media":33802,"comment_status":"open","ping_status":"closed","template":"","meta":{"_acf_changed":false},"product_brand":[560],"product_cat":[466,1258,529,455,310,528,570,61],"product_tag":[1257],"class_list":{"0":"post-33825","1":"product","2":"type-product","3":"status-publish","4":"has-post-thumbnail","6":"product_brand-chiaogoo","7":"product_cat-chiaogoo-virbalai-vaseliai","8":"product_cat-chiaogoo-kitos-priemones","9":"product_cat-gamintojas-kitos-priemones","10":"product_cat-gamintojas-virbalai-vaseliai","11":"product_cat-mezgimo-priemones","12":"product_cat-priemones-tipas","13":"product_cat-valai-virbalams","14":"product_cat-virbalai-vaseliai","15":"product_tag-chiaogoo","16":"pa_ilgis-125-cm","17":"pa_ilgis-20-cm","18":"pa_ilgis-35-cm","19":"pa_ilgis-55-cm","20":"pa_ilgis-75-cm","21":"pa_ilgis-93-cm","23":"first","24":"instock","25":"taxable","26":"shipping-taxable","27":"purchasable","28":"product-type-variable"},"acf":[],"_links":{"self":[{"href":"https:\/\/siulubangos.lt\/en\/wp-json\/wp\/v2\/product\/33825","targetHints":{"allow":["GET"]}}],"collection":[{"href":"https:\/\/siulubangos.lt\/en\/wp-json\/wp\/v2\/product"}],"about":[{"href":"https:\/\/siulubangos.lt\/en\/wp-json\/wp\/v2\/types\/product"}],"replies":[{"embeddable":true,"href":"https:\/\/siulubangos.lt\/en\/wp-json\/wp\/v2\/comments?post=33825"}],"version-history":[{"count":0,"href":"https:\/\/siulubangos.lt\/en\/wp-json\/wp\/v2\/product\/33825\/revisions"}],"wp:featuredmedia":[{"embeddable":true,"href":"https:\/\/siulubangos.lt\/en\/wp-json\/wp\/v2\/media\/33802"}],"wp:attachment":[{"href":"https:\/\/siulubangos.lt\/en\/wp-json\/wp\/v2\/media?parent=33825"}],"wp:term":[{"taxonomy":"product_brand","embeddable":true,"href":"https:\/\/siulubangos.lt\/en\/wp-json\/wp\/v2\/product_brand?post=33825"},{"taxonomy":"product_cat","embeddable":true,"href":"https:\/\/siulubangos.lt\/en\/wp-json\/wp\/v2\/product_cat?post=33825"},{"taxonomy":"product_tag","embeddable":true,"href":"https:\/\/siulubangos.lt\/en\/wp-json\/wp\/v2\/product_tag?post=33825"}],"curies":[{"name":"wp","href":"https:\/\/api.w.org\/{rel}","templated":true}]}}