{"id":33833,"date":"2025-11-07T22:02:48","date_gmt":"2025-11-07T22:02:48","guid":{"rendered":"https:\/\/siulubangos.lt\/?post_type=product&#038;p=33833"},"modified":"2026-04-07T20:08:30","modified_gmt":"2026-04-07T17:08:30","slug":"chiaogoo-swiv360-sidabrinis-s-prisukams-valas","status":"publish","type":"product","link":"https:\/\/siulubangos.lt\/en\/parduotuve\/chiaogoo-swiv360-sidabrinis-s-prisukams-valas\/","title":{"rendered":"ChiaoGoo SWIV360 sidabrinis [S] prisukamas valas (93-125 cm)"},"content":{"rendered":"<h2><strong data-start=\"36\" data-end=\"96\">ChiaoGoo SWIV360 sidabrinis [S] prisukamas valas (93 cm)<\/strong><\/h2>\n<p>Tai auk\u0161tos kokyb\u0117s, lankstus valas, sukurtas prisukamiems ChiaoGoo virbalams. Sidabrinis valas u\u017etikrina skland\u0173 mezgim\u0105 be susipainiojim\u0173, patogiai jungiasi prie prisukam\u0173 virbal\u0173 ir leid\u017eia kurti tiek plonas, tiek storesnes mezgimo gijas. Idealus tiek kojin\u0117ms, \u0161alikams, kepur\u0117ms, tiek kitiems projektams, kuriuose reikalinga laisva ir patogi virbalo eiga. Valas atsparus tempimui, ilgalaikis ir patikimas, tad j\u016bs\u0173 mezginiai i\u0161laikys form\u0105 ir bus malon\u016bs rankoms.<\/p>\n<h3><strong>Bendra informacija, taikoma visiems ChiaoGoo kei\u010diamiems virbalams<\/strong><\/h3>\n<p>TWIST ir SPIN serijos gaminiai turi vienodo dyd\u017eio sriegius, tod\u0117l yra tarpusavyje suderinami. Visi prisukami virbalai ir valai yra lazeriu pa\u017eym\u0117ti atitinkamu sriegio dyd\u017eiu:<\/p>\n<p>M = MINI &#8211; tinka virbal\u0173 dyd\u017eiams 1.50-2.50 mm (10 ir 13 cm) ir 1.50-3.25 mm (8 cm)<\/p>\n<p>S = Small (ma\u017eas) &#8211; tinka virbal\u0173 dyd\u017eiams 2.75-5.00 mm (10 ir 13 cm) ir 3.50-5.00 mm (8 cm)<\/p>\n<p>L = Large (didelis) &#8211; tinka virbal\u0173 dyd\u017eiams 5.50-10.00 mm (10 ir 13 cm)<\/p>\n<p>MINI serijos gaminiai nesuderinami su S ir L sriegio dyd\u017eiais, tod\u0117l visi MINI prisukami virbalai turi b\u016bti naudojami tik su MINI kabeliais.<\/p>\n<p>Atkreipkite d\u0117mes\u012f, kad 10 cm ir 13 cm ilgio MINI prisukami virbalai yra per ilgi, kad b\u016bt\u0173 naudojami su 5 cm, 13 cm ar 15 cm ilgio MINI kabeliais. Jie gali b\u016bti prat\u0119siami naudojant MINI kabeli\u0173 jungt\u012f (connector).<\/p>\n<p>\u201eChiaoGoo\u201c taip pat si\u016blo adapterius, leid\u017eian\u010dius sujungti MINI, S ir L sriegio dyd\u017eio gaminius tarpusavyje.<\/p>\n<p>I\u0161imtis:<br \/>\n\u201eChiaoGoo MINI SHORTIES\u201c prisukami virbalai (1.50-3.25 mm dyd\u017eio) yra suderinami tik su MINI sriegio gaminiais.<\/p>\n","protected":false},"excerpt":{"rendered":"<p>ChiaoGoo SWIV360 rotacinis valas leid\u017eia megzti ratu lengvai ir skland\u017eiai.<br \/>\nSWIV360 sistema leid\u017eia virbal\u0173 antgaliams laisvai suktis, tod\u0117l valass nesusisuka ir nesusilenkia mezgimo metu. Plieninis valas dengtas sidabro spalvos nailono sluoksniu, kuris suteikia jam tvirtumo, ta\u010diau kartu leid\u017eia skland\u017eiai slysti per akis.<\/p>","protected":false},"featured_media":33835,"comment_status":"open","ping_status":"closed","template":"","meta":{"_acf_changed":false},"product_brand":[560],"product_cat":[310,1258,466,529,455,528,570,61],"product_tag":[1257],"class_list":{"0":"post-33833","1":"product","2":"type-product","3":"status-publish","4":"has-post-thumbnail","6":"product_brand-chiaogoo","7":"product_cat-mezgimo-priemones","8":"product_cat-chiaogoo-kitos-priemones","9":"product_cat-chiaogoo-virbalai-vaseliai","10":"product_cat-gamintojas-kitos-priemones","11":"product_cat-gamintojas-virbalai-vaseliai","12":"product_cat-priemones-tipas","13":"product_cat-valai-virbalams","14":"product_cat-virbalai-vaseliai","15":"product_tag-chiaogoo","16":"pa_ilgis-125-cm","17":"pa_ilgis-93-cm","19":"first","20":"instock","21":"taxable","22":"shipping-taxable","23":"purchasable","24":"product-type-variable"},"acf":[],"_links":{"self":[{"href":"https:\/\/siulubangos.lt\/en\/wp-json\/wp\/v2\/product\/33833","targetHints":{"allow":["GET"]}}],"collection":[{"href":"https:\/\/siulubangos.lt\/en\/wp-json\/wp\/v2\/product"}],"about":[{"href":"https:\/\/siulubangos.lt\/en\/wp-json\/wp\/v2\/types\/product"}],"replies":[{"embeddable":true,"href":"https:\/\/siulubangos.lt\/en\/wp-json\/wp\/v2\/comments?post=33833"}],"version-history":[{"count":0,"href":"https:\/\/siulubangos.lt\/en\/wp-json\/wp\/v2\/product\/33833\/revisions"}],"wp:featuredmedia":[{"embeddable":true,"href":"https:\/\/siulubangos.lt\/en\/wp-json\/wp\/v2\/media\/33835"}],"wp:attachment":[{"href":"https:\/\/siulubangos.lt\/en\/wp-json\/wp\/v2\/media?parent=33833"}],"wp:term":[{"taxonomy":"product_brand","embeddable":true,"href":"https:\/\/siulubangos.lt\/en\/wp-json\/wp\/v2\/product_brand?post=33833"},{"taxonomy":"product_cat","embeddable":true,"href":"https:\/\/siulubangos.lt\/en\/wp-json\/wp\/v2\/product_cat?post=33833"},{"taxonomy":"product_tag","embeddable":true,"href":"https:\/\/siulubangos.lt\/en\/wp-json\/wp\/v2\/product_tag?post=33833"}],"curies":[{"name":"wp","href":"https:\/\/api.w.org\/{rel}","templated":true}]}}