{"id":33899,"date":"2025-11-08T15:28:09","date_gmt":"2025-11-08T15:28:09","guid":{"rendered":"https:\/\/siulubangos.lt\/?post_type=product&#038;p=33899"},"modified":"2026-02-10T20:50:46","modified_gmt":"2026-02-10T18:50:46","slug":"katia-small-black-scissors-9-5-cm","status":"publish","type":"product","link":"https:\/\/siulubangos.lt\/en\/parduotuve\/katia-mazos-juodos-zirklutes-95-cm\/","title":{"rendered":"KATIA small black scissors (9.5 cm)"},"content":{"rendered":"","protected":false},"excerpt":{"rendered":"<p>Nepakei\u010diamas \u012frankis bet kuriame siuvimo ar mezgimo rinkinyje: ma\u017eos metalin\u0117s \u017eirkl\u0117s (9.5 cm) juodos spalvos su a\u0161triu galu ir apvaliomis rankenomis. Naudokite jas kaip si\u016bl\u0173 kirpimo \u012frankius arba tiesiog juostel\u0117ms ir tekstil\u0117s gaminiams kirpti darbo metu. Laikykite \u017eirkles su pagrindu tvirtoje rankdarbi\u0173 kartonin\u0117je d\u0117\u017eut\u0117je (11.5 x 7 x 2 cm), kurioje jos supakuotos.<\/p>","protected":false},"featured_media":33900,"comment_status":"open","ping_status":"closed","template":"","meta":{"_acf_changed":false},"product_brand":[556],"product_cat":[310,529,1266,528,541],"product_tag":[307],"class_list":{"0":"post-33899","1":"product","2":"type-product","3":"status-publish","4":"has-post-thumbnail","6":"product_brand-katia","7":"product_cat-mezgimo-priemones","8":"product_cat-gamintojas-kitos-priemones","9":"product_cat-katia","10":"product_cat-priemones-tipas","11":"product_cat-zirkles","12":"product_tag-katia","14":"first","15":"instock","16":"taxable","17":"shipping-taxable","18":"purchasable","19":"product-type-simple"},"acf":[],"_links":{"self":[{"href":"https:\/\/siulubangos.lt\/en\/wp-json\/wp\/v2\/product\/33899","targetHints":{"allow":["GET"]}}],"collection":[{"href":"https:\/\/siulubangos.lt\/en\/wp-json\/wp\/v2\/product"}],"about":[{"href":"https:\/\/siulubangos.lt\/en\/wp-json\/wp\/v2\/types\/product"}],"replies":[{"embeddable":true,"href":"https:\/\/siulubangos.lt\/en\/wp-json\/wp\/v2\/comments?post=33899"}],"version-history":[{"count":0,"href":"https:\/\/siulubangos.lt\/en\/wp-json\/wp\/v2\/product\/33899\/revisions"}],"wp:featuredmedia":[{"embeddable":true,"href":"https:\/\/siulubangos.lt\/en\/wp-json\/wp\/v2\/media\/33900"}],"wp:attachment":[{"href":"https:\/\/siulubangos.lt\/en\/wp-json\/wp\/v2\/media?parent=33899"}],"wp:term":[{"taxonomy":"product_brand","embeddable":true,"href":"https:\/\/siulubangos.lt\/en\/wp-json\/wp\/v2\/product_brand?post=33899"},{"taxonomy":"product_cat","embeddable":true,"href":"https:\/\/siulubangos.lt\/en\/wp-json\/wp\/v2\/product_cat?post=33899"},{"taxonomy":"product_tag","embeddable":true,"href":"https:\/\/siulubangos.lt\/en\/wp-json\/wp\/v2\/product_tag?post=33899"}],"curies":[{"name":"wp","href":"https:\/\/api.w.org\/{rel}","templated":true}]}}