{"id":33906,"date":"2025-11-08T15:48:47","date_gmt":"2025-11-08T15:48:47","guid":{"rendered":"https:\/\/siulubangos.lt\/?post_type=product&#038;p=33906"},"modified":"2026-02-12T23:07:34","modified_gmt":"2026-02-12T21:07:34","slug":"katia-measuring-tape-150-cm","status":"publish","type":"product","link":"https:\/\/siulubangos.lt\/en\/parduotuve\/katia-matavimo-juosta-150-cm\/","title":{"rendered":"KATIA matavimo juosta (150 cm)"},"content":{"rendered":"","protected":false},"excerpt":{"rendered":"<p>B\u016btinas daiktas j\u016bs\u0173 rankdarbi\u0173 krep\u0161elyje ar projekt\u0173 krep\u0161yje! \u0160i mink\u0161ta ir lanksti matavimo juosta, supakuota apvalioje kartonin\u0117je d\u0117\u017eut\u0117je, yra gra\u017eios m\u0117tin\u0117s \u017ealios spalvos ir turi dvi matavimo sistemas: viena vertus, 150 cm, kita vertus, 60 coli\u0173. D\u0117\u017eut\u0117s matmenys: 6 cm plo\u010dio x 4 cm auk\u0161\u010dio.<\/p>","protected":false},"featured_media":33907,"comment_status":"open","ping_status":"closed","template":"","meta":{"_acf_changed":false},"product_brand":[556],"product_cat":[310,529,1266,544,528],"product_tag":[307],"class_list":{"0":"post-33906","1":"product","2":"type-product","3":"status-publish","4":"has-post-thumbnail","6":"product_brand-katia","7":"product_cat-mezgimo-priemones","8":"product_cat-gamintojas-kitos-priemones","9":"product_cat-katia","10":"product_cat-liniuotes","11":"product_cat-priemones-tipas","12":"product_tag-katia","14":"first","15":"instock","16":"taxable","17":"shipping-taxable","18":"purchasable","19":"product-type-simple"},"acf":[],"_links":{"self":[{"href":"https:\/\/siulubangos.lt\/en\/wp-json\/wp\/v2\/product\/33906","targetHints":{"allow":["GET"]}}],"collection":[{"href":"https:\/\/siulubangos.lt\/en\/wp-json\/wp\/v2\/product"}],"about":[{"href":"https:\/\/siulubangos.lt\/en\/wp-json\/wp\/v2\/types\/product"}],"replies":[{"embeddable":true,"href":"https:\/\/siulubangos.lt\/en\/wp-json\/wp\/v2\/comments?post=33906"}],"version-history":[{"count":0,"href":"https:\/\/siulubangos.lt\/en\/wp-json\/wp\/v2\/product\/33906\/revisions"}],"wp:featuredmedia":[{"embeddable":true,"href":"https:\/\/siulubangos.lt\/en\/wp-json\/wp\/v2\/media\/33907"}],"wp:attachment":[{"href":"https:\/\/siulubangos.lt\/en\/wp-json\/wp\/v2\/media?parent=33906"}],"wp:term":[{"taxonomy":"product_brand","embeddable":true,"href":"https:\/\/siulubangos.lt\/en\/wp-json\/wp\/v2\/product_brand?post=33906"},{"taxonomy":"product_cat","embeddable":true,"href":"https:\/\/siulubangos.lt\/en\/wp-json\/wp\/v2\/product_cat?post=33906"},{"taxonomy":"product_tag","embeddable":true,"href":"https:\/\/siulubangos.lt\/en\/wp-json\/wp\/v2\/product_tag?post=33906"}],"curies":[{"name":"wp","href":"https:\/\/api.w.org\/{rel}","templated":true}]}}