{"id":33912,"date":"2025-11-08T15:56:18","date_gmt":"2025-11-08T15:56:18","guid":{"rendered":"https:\/\/siulubangos.lt\/?post_type=product&#038;p=33912"},"modified":"2026-02-25T10:25:45","modified_gmt":"2026-02-25T08:25:45","slug":"katia-granny-square-blocking-board","status":"publish","type":"product","link":"https:\/\/siulubangos.lt\/en\/parduotuve\/katia-mociutes-kvadrateliu-blokavimo-lenta\/","title":{"rendered":"KATIA granny squares locking board"},"content":{"rendered":"","protected":false},"excerpt":{"rendered":"<p>Su \u0161iuo n\u0117riniuotu mo\u010diut\u0117s kvadrat\u0117li\u0173 blokatoriumi pasieksite puiki\u0173 rezultat\u0173. Medin\u0119 lent\u0105 sudaro 20 metalini\u0173 detali\u0173, kuri\u0173 kiekviena yra 10 cm ilgio, ir 5 siuvimo adat\u0173, kuri\u0173 ilgis 7 cm, rinkinys. \u0160ioje \u201eKatia 100% YOU\u201c lentoje yra nedidelis pad\u0117klas metalin\u0117ms detal\u0117ms sud\u0117ti; be to, vienoje pus\u0117je yra liniuot\u0117, su i\u0161graviruotais matmenimis centimetrais ir coliais. Padarykite savo mo\u010diut\u0117s kvadrat\u0117lius tokio dyd\u017eio, kokio jums reikia kiekvienam b\u016bsimam projektui! Matmenys: 23.5 cm x 23.5 cm ir 1.5 cm auk\u0161\u010dio.<\/p>","protected":false},"featured_media":33913,"comment_status":"open","ping_status":"closed","template":"","meta":{"_acf_changed":false},"product_brand":[556],"product_cat":[310,542,529,1266,528],"product_tag":[307],"class_list":{"0":"post-33912","1":"product","2":"type-product","3":"status-publish","4":"has-post-thumbnail","6":"product_brand-katia","7":"product_cat-mezgimo-priemones","8":"product_cat-blokavimo-priemones","9":"product_cat-gamintojas-kitos-priemones","10":"product_cat-katia","11":"product_cat-priemones-tipas","12":"product_tag-katia","14":"first","15":"instock","16":"taxable","17":"shipping-taxable","18":"purchasable","19":"product-type-simple"},"acf":[],"_links":{"self":[{"href":"https:\/\/siulubangos.lt\/en\/wp-json\/wp\/v2\/product\/33912","targetHints":{"allow":["GET"]}}],"collection":[{"href":"https:\/\/siulubangos.lt\/en\/wp-json\/wp\/v2\/product"}],"about":[{"href":"https:\/\/siulubangos.lt\/en\/wp-json\/wp\/v2\/types\/product"}],"replies":[{"embeddable":true,"href":"https:\/\/siulubangos.lt\/en\/wp-json\/wp\/v2\/comments?post=33912"}],"version-history":[{"count":0,"href":"https:\/\/siulubangos.lt\/en\/wp-json\/wp\/v2\/product\/33912\/revisions"}],"wp:featuredmedia":[{"embeddable":true,"href":"https:\/\/siulubangos.lt\/en\/wp-json\/wp\/v2\/media\/33913"}],"wp:attachment":[{"href":"https:\/\/siulubangos.lt\/en\/wp-json\/wp\/v2\/media?parent=33912"}],"wp:term":[{"taxonomy":"product_brand","embeddable":true,"href":"https:\/\/siulubangos.lt\/en\/wp-json\/wp\/v2\/product_brand?post=33912"},{"taxonomy":"product_cat","embeddable":true,"href":"https:\/\/siulubangos.lt\/en\/wp-json\/wp\/v2\/product_cat?post=33912"},{"taxonomy":"product_tag","embeddable":true,"href":"https:\/\/siulubangos.lt\/en\/wp-json\/wp\/v2\/product_tag?post=33912"}],"curies":[{"name":"wp","href":"https:\/\/api.w.org\/{rel}","templated":true}]}}