{"id":33917,"date":"2025-11-08T16:03:53","date_gmt":"2025-11-08T16:03:53","guid":{"rendered":"https:\/\/siulubangos.lt\/?post_type=product&#038;p=33917"},"modified":"2026-01-25T11:32:53","modified_gmt":"2026-01-25T09:32:53","slug":"katia-heart-shaped-needle-stoppers","status":"publish","type":"product","link":"https:\/\/siulubangos.lt\/en\/parduotuve\/katia-sirdeles-formos-antgaliai-virbalams\/","title":{"rendered":"KATIA heart-shaped tips for strings"},"content":{"rendered":"","protected":false},"excerpt":{"rendered":"<p>Paverskite savo mezgimo projektus smagesniais su \u0161irdies formos virbal\u0173 antgaliais! \u0160ioje \u201eKatia 100% YOU\u201c kolekcijoje yra 6 spalvingi antgaliai, kuriuos galima \u012fsigyti 3 poromis ir 3 skirtingomis spalvomis. Kiekvienas antgalis yra ma\u017eas ir prakti\u0161kas, 3.5 cm ilgio ir 2 cm skersmens, tod\u0117l tinka beveik bet kokio dyd\u017eio virbalams. Laikykite \u0161iuos gra\u017eius daiktus tvirtoje kartonin\u0117je d\u0117\u017eut\u0117je ir tvarkingai sutalpinkite savo mezgimo krep\u0161\u012f!<\/p>","protected":false},"featured_media":33918,"comment_status":"open","ping_status":"closed","template":"","meta":{"_acf_changed":false},"product_brand":[556],"product_cat":[310,546,529,1266,528],"product_tag":[307],"class_list":{"0":"post-33917","1":"product","2":"type-product","3":"status-publish","4":"has-post-thumbnail","6":"product_brand-katia","7":"product_cat-mezgimo-priemones","8":"product_cat-antgaliai-virbalams","9":"product_cat-gamintojas-kitos-priemones","10":"product_cat-katia","11":"product_cat-priemones-tipas","12":"product_tag-katia","14":"first","15":"instock","16":"taxable","17":"shipping-taxable","18":"purchasable","19":"product-type-simple"},"acf":[],"_links":{"self":[{"href":"https:\/\/siulubangos.lt\/en\/wp-json\/wp\/v2\/product\/33917","targetHints":{"allow":["GET"]}}],"collection":[{"href":"https:\/\/siulubangos.lt\/en\/wp-json\/wp\/v2\/product"}],"about":[{"href":"https:\/\/siulubangos.lt\/en\/wp-json\/wp\/v2\/types\/product"}],"replies":[{"embeddable":true,"href":"https:\/\/siulubangos.lt\/en\/wp-json\/wp\/v2\/comments?post=33917"}],"version-history":[{"count":0,"href":"https:\/\/siulubangos.lt\/en\/wp-json\/wp\/v2\/product\/33917\/revisions"}],"wp:featuredmedia":[{"embeddable":true,"href":"https:\/\/siulubangos.lt\/en\/wp-json\/wp\/v2\/media\/33918"}],"wp:attachment":[{"href":"https:\/\/siulubangos.lt\/en\/wp-json\/wp\/v2\/media?parent=33917"}],"wp:term":[{"taxonomy":"product_brand","embeddable":true,"href":"https:\/\/siulubangos.lt\/en\/wp-json\/wp\/v2\/product_brand?post=33917"},{"taxonomy":"product_cat","embeddable":true,"href":"https:\/\/siulubangos.lt\/en\/wp-json\/wp\/v2\/product_cat?post=33917"},{"taxonomy":"product_tag","embeddable":true,"href":"https:\/\/siulubangos.lt\/en\/wp-json\/wp\/v2\/product_tag?post=33917"}],"curies":[{"name":"wp","href":"https:\/\/api.w.org\/{rel}","templated":true}]}}