{"id":34021,"date":"2025-11-08T20:26:11","date_gmt":"2025-11-08T20:26:11","guid":{"rendered":"https:\/\/siulubangos.lt\/?post_type=product&#038;p=34021"},"modified":"2026-02-19T20:04:21","modified_gmt":"2026-02-19T18:04:21","slug":"chiaogoo-spin-prisukami-bambukiniai-10-cm-virbalai","status":"publish","type":"product","link":"https:\/\/siulubangos.lt\/en\/parduotuve\/chiaogoo-spin-prisukami-bambukiniai-10-cm-virbalai\/","title":{"rendered":"ChiaoGoo SPIN bamboo screw-on needles (10 cm)"},"content":{"rendered":"<h2 data-start=\"349\" data-end=\"605\"><strong data-start=\"349\" data-end=\"397\">ChiaoGoo SPIN bamboo screw-on needles (10 cm)<\/strong><\/h2>\n<p data-start=\"349\" data-end=\"605\">ChiaoGoo SPIN prisukami bambukiniai virbalai &#8211; tai puikus pasirinkimas mezg\u0117jams, kurie vertina nat\u016bralias med\u017eiagas, komfort\u0105 ir skland\u0173 mezgimo proces\u0105. Virbalai pagaminti i\u0161 auk\u0161tos kokyb\u0117s bambuko, tod\u0117l yra lengvi, \u0161ilti rankose ir malon\u016bs liesti.<\/p>\n<p data-start=\"607\" data-end=\"921\">SPIN sistema i\u0161siskiria tuo, kad <strong data-start=\"640\" data-end=\"682\">valai laisvai sukasi sujungimo vietoje<\/strong>, tod\u0117l mezgimo metu nesusisuka ir leid\u017eia dirbti be papildomos \u012ftampos rankoms. Lygus bambuko pavir\u0161ius u\u017etikrina, kad si\u016blai slysta tolygiai, ta\u010diau n\u0117ra pernelyg slid\u016bs &#8211; tai ypa\u010d patogu pradedantiesiems ir dirbant su slid\u017eiais si\u016blais.<\/p>\n<p data-start=\"923\" data-end=\"1103\">\u0160ie prisukami virbalai puikiai tinka megztiniams, skaroms, \u0161alikams, kepur\u0117ms ir kitiems tiek smulkiems, tiek didesniems projektams. Suderinami su ChiaoGoo SPIN valais ir priedais.<\/p>\n<h3><strong>General information for all ChiaoGoo interchangeable cords<\/strong><\/h3>\n<p>TWIST and SPIN have the same thread size and are therefore compatible with each other. All screw-on bobbins and rollers are laser-marked with the corresponding thread size:<\/p>\n<p>M = MINI - suitable for cord sizes 1.50-2.50 mm (10 and 13 cm) and 1.50-3.25 mm (8 cm)<\/p>\n<p>S = Small - suitable for cord sizes 2.75-5.0 mm (10 and 13 cm) and 3.50-5.0 mm (8 cm)<\/p>\n<p>L = Large - suitable for cord sizes 5.50-10.0 mm (10 and 13 cm)<\/p>\n<p>MINI serijos gaminiai nesuderinami su S ir L sriegio dyd\u017eiais, tod\u0117l visi MINI\u00a0 prisukami virbalai turi b\u016bti naudojami tik su MINI valais.<\/p>\n<p>Please note that the 10 cm and 13 cm MINI screw-on rope is too long to be used with the 5 cm, 13 cm or 15 cm MINI rolls. They can be extended using the MINI roller connector.<\/p>\n<p>ChiaoGoo also offers adapters to connect MINI, S and L thread sizes to each other.<\/p>\n<p>Exception:<br \/>\nChiaoGoo MINI SHORTIES screw-on rope shanks (size 1.50-3.25 mm) are only compatible with MINI thread products.<\/p>","protected":false},"excerpt":{"rendered":"<p><strong>ChiaoGoo SPIN prisukami bambukiniai virbalai<\/strong> yra su platinos danga ir rank\u0173 darbo, pagaminti i\u0161 auk\u0161tos kokyb\u0117s moso bambuko ir si\u016blomi \u012fvairi\u0173 stori\u0173. Taip galite susikomplektuoti tobulus prisukamus mezgimo virbalus kiekvienam projektui. Jungiamieji elementai pagaminti i\u0161 tvirto, lygiu nikeliu dengto vario, tod\u0117l si\u016blas lengvai slysta per jungtis. ChiaoGoo SPIN bambukiniai prisukami virbalai gaminami <strong>2.75-10.0 mm<\/strong>.<\/p>","protected":false},"featured_media":34025,"comment_status":"open","ping_status":"closed","template":"","meta":{"_acf_changed":false},"product_brand":[560],"product_cat":[513,525,466,455,61],"product_tag":[1257],"class_list":{"0":"post-34021","1":"product","2":"type-product","3":"status-publish","4":"has-post-thumbnail","6":"product_brand-chiaogoo","7":"product_cat-10-cm-prisukami-virbalai","8":"product_cat-bambukiniai","9":"product_cat-chiaogoo-virbalai-vaseliai","10":"product_cat-gamintojas-virbalai-vaseliai","11":"product_cat-virbalai-vaseliai","12":"product_tag-chiaogoo","13":"pa_dydis-10-mm","14":"pa_dydis-2-75-mm","15":"pa_dydis-3-mm","16":"pa_dydis-3-25-mm","17":"pa_dydis-3-50-mm","18":"pa_dydis-3-75-mm","19":"pa_dydis-4-mm","20":"pa_dydis-4-50-mm","21":"pa_dydis-5-mm","22":"pa_dydis-5-50-mm","23":"pa_dydis-6-mm","24":"pa_dydis-6-50-mm","25":"pa_dydis-7-mm","26":"pa_dydis-7-50-mm","27":"pa_dydis-8-mm","28":"pa_dydis-9-mm","30":"first","31":"instock","32":"featured","33":"taxable","34":"shipping-taxable","35":"purchasable","36":"product-type-variable"},"acf":[],"_links":{"self":[{"href":"https:\/\/siulubangos.lt\/en\/wp-json\/wp\/v2\/product\/34021","targetHints":{"allow":["GET"]}}],"collection":[{"href":"https:\/\/siulubangos.lt\/en\/wp-json\/wp\/v2\/product"}],"about":[{"href":"https:\/\/siulubangos.lt\/en\/wp-json\/wp\/v2\/types\/product"}],"replies":[{"embeddable":true,"href":"https:\/\/siulubangos.lt\/en\/wp-json\/wp\/v2\/comments?post=34021"}],"version-history":[{"count":0,"href":"https:\/\/siulubangos.lt\/en\/wp-json\/wp\/v2\/product\/34021\/revisions"}],"wp:featuredmedia":[{"embeddable":true,"href":"https:\/\/siulubangos.lt\/en\/wp-json\/wp\/v2\/media\/34025"}],"wp:attachment":[{"href":"https:\/\/siulubangos.lt\/en\/wp-json\/wp\/v2\/media?parent=34021"}],"wp:term":[{"taxonomy":"product_brand","embeddable":true,"href":"https:\/\/siulubangos.lt\/en\/wp-json\/wp\/v2\/product_brand?post=34021"},{"taxonomy":"product_cat","embeddable":true,"href":"https:\/\/siulubangos.lt\/en\/wp-json\/wp\/v2\/product_cat?post=34021"},{"taxonomy":"product_tag","embeddable":true,"href":"https:\/\/siulubangos.lt\/en\/wp-json\/wp\/v2\/product_tag?post=34021"}],"curies":[{"name":"wp","href":"https:\/\/api.w.org\/{rel}","templated":true}]}}