{"id":34989,"date":"2025-11-17T12:06:01","date_gmt":"2025-11-17T12:06:01","guid":{"rendered":"https:\/\/siulubangos.lt\/?post_type=product&#038;p=34989"},"modified":"2026-02-21T00:17:10","modified_gmt":"2026-02-20T22:17:10","slug":"opry-matavimo-rulete-150-cm","status":"publish","type":"product","link":"https:\/\/siulubangos.lt\/en\/parduotuve\/opry-matavimo-rulete-150-cm\/","title":{"rendered":"OPRY matavimo rulet\u0117 (150 cm)"},"content":{"rendered":"","protected":false},"excerpt":{"rendered":"<p>B\u016btinas daiktas j\u016bs\u0173 rankdarbi\u0173 krep\u0161elyje ar projekt\u0173 krep\u0161yje!<\/p>","protected":false},"featured_media":34990,"comment_status":"open","ping_status":"closed","template":"","meta":{"_acf_changed":false},"product_brand":[2029],"product_cat":[310,529,544,534,528],"product_tag":[1479],"class_list":{"0":"post-34989","1":"product","2":"type-product","3":"status-publish","4":"has-post-thumbnail","6":"product_brand-opry","7":"product_cat-mezgimo-priemones","8":"product_cat-gamintojas-kitos-priemones","9":"product_cat-liniuotes","10":"product_cat-opry","11":"product_cat-priemones-tipas","12":"product_tag-opry","14":"first","15":"instock","16":"taxable","17":"shipping-taxable","18":"purchasable","19":"product-type-simple"},"acf":[],"_links":{"self":[{"href":"https:\/\/siulubangos.lt\/en\/wp-json\/wp\/v2\/product\/34989","targetHints":{"allow":["GET"]}}],"collection":[{"href":"https:\/\/siulubangos.lt\/en\/wp-json\/wp\/v2\/product"}],"about":[{"href":"https:\/\/siulubangos.lt\/en\/wp-json\/wp\/v2\/types\/product"}],"replies":[{"embeddable":true,"href":"https:\/\/siulubangos.lt\/en\/wp-json\/wp\/v2\/comments?post=34989"}],"version-history":[{"count":0,"href":"https:\/\/siulubangos.lt\/en\/wp-json\/wp\/v2\/product\/34989\/revisions"}],"wp:featuredmedia":[{"embeddable":true,"href":"https:\/\/siulubangos.lt\/en\/wp-json\/wp\/v2\/media\/34990"}],"wp:attachment":[{"href":"https:\/\/siulubangos.lt\/en\/wp-json\/wp\/v2\/media?parent=34989"}],"wp:term":[{"taxonomy":"product_brand","embeddable":true,"href":"https:\/\/siulubangos.lt\/en\/wp-json\/wp\/v2\/product_brand?post=34989"},{"taxonomy":"product_cat","embeddable":true,"href":"https:\/\/siulubangos.lt\/en\/wp-json\/wp\/v2\/product_cat?post=34989"},{"taxonomy":"product_tag","embeddable":true,"href":"https:\/\/siulubangos.lt\/en\/wp-json\/wp\/v2\/product_tag?post=34989"}],"curies":[{"name":"wp","href":"https:\/\/api.w.org\/{rel}","templated":true}]}}