{"id":34998,"date":"2025-11-17T12:40:23","date_gmt":"2025-11-17T12:40:23","guid":{"rendered":"https:\/\/siulubangos.lt\/?post_type=product&#038;p=34998"},"modified":"2026-02-21T00:16:43","modified_gmt":"2026-02-20T22:16:43","slug":"opry-zirkles-ivairiu-spalvu-115-cm","status":"publish","type":"product","link":"https:\/\/siulubangos.lt\/en\/parduotuve\/opry-zirkles-ivairiu-spalvu-115-cm\/","title":{"rendered":"OPRY ner\u016bdijan\u010dio plieno \u017eirkli\u0173 rinkinys"},"content":{"rendered":"<h3><strong>OPRY ner\u016bdijan\u010dio plieno \u017eirkli\u0173 rinkinys\u00a0<\/strong><\/h3>\n<p><strong>Rinkin\u012f sudaro:<\/strong><\/p>\n<p>Audinio kirpimo \u017eirkl\u0117s (20 cm) &#8211; tinka bet kokiam audiniui, net ir storesniam. Ergonomi\u0161kos formos mink\u0161ta rankena u\u017etikrina patog\u0173 ir stabil\u0173 laikym\u0105.<br \/>\nSiuvin\u0117jimo \u017eirkl\u0117s (10 cm) &#8211; itin smailiu galiuku ir mink\u0161ta rankena, leid\u017eia lengvai bei tiksliai kirpti si\u016blus ir si\u016bl\u0173 galus arti audinio. Tinka audinio \u012fpjovimams, kra\u0161t\u0173 formavimui ir sag\u0173 kilpeli\u0173 prapjovimui.<br \/>\nSi\u016bl\u0173 kirpiklis (13 cm) su mink\u0161ta rankena ir apsauginiu dangteliu. Idealiai tinka si\u016bl\u0173, si\u016bl\u0173 gal\u0173 ar audinio \u012fpjovim\u0173 kirpimui.<br \/>\nSiuvimo \u017eirkl\u0117s (13 cm) &#8211; a\u0161triais a\u0161menimis ir smailiu galiuku, skirtos plonesniems audiniams ir \u012fvairiems k\u016brybiniams projektams.<br \/>\nGerv\u0117s formos siuvin\u0117jimo \u017eirkl\u0117s (9 cm) &#8211; a\u0161tr\u016bs a\u0161menys ir smailus galiukas suteikia precizi\u0161k\u0105 pjovim\u0105. Kompakti\u0161kos ir patogios ne\u0161iotis siuvimo rinkinyje.<\/p>","protected":false},"excerpt":{"rendered":"<p>\u0160is OPRY ner\u016bdijan\u010dio plieno \u017eirkli\u0173 rinkinys pasi\u017eymi puikiu kainos ir kokyb\u0117s santykiu ir yra b\u016btinas kiekvienam siuv\u0117jui, siuvin\u0117tojui, mezg\u0117jui ar bet kuriam kitam rankdarbi\u0173 m\u0117g\u0117jui.<\/p>","protected":false},"featured_media":35006,"comment_status":"open","ping_status":"closed","template":"","meta":{"_acf_changed":false},"product_brand":[2029],"product_cat":[310,529,534,528,541],"product_tag":[1479],"class_list":{"0":"post-34998","1":"product","2":"type-product","3":"status-publish","4":"has-post-thumbnail","6":"product_brand-opry","7":"product_cat-mezgimo-priemones","8":"product_cat-gamintojas-kitos-priemones","9":"product_cat-opry","10":"product_cat-priemones-tipas","11":"product_cat-zirkles","12":"product_tag-opry","14":"first","15":"instock","16":"taxable","17":"shipping-taxable","18":"purchasable","19":"product-type-simple"},"acf":[],"_links":{"self":[{"href":"https:\/\/siulubangos.lt\/en\/wp-json\/wp\/v2\/product\/34998","targetHints":{"allow":["GET"]}}],"collection":[{"href":"https:\/\/siulubangos.lt\/en\/wp-json\/wp\/v2\/product"}],"about":[{"href":"https:\/\/siulubangos.lt\/en\/wp-json\/wp\/v2\/types\/product"}],"replies":[{"embeddable":true,"href":"https:\/\/siulubangos.lt\/en\/wp-json\/wp\/v2\/comments?post=34998"}],"version-history":[{"count":0,"href":"https:\/\/siulubangos.lt\/en\/wp-json\/wp\/v2\/product\/34998\/revisions"}],"wp:featuredmedia":[{"embeddable":true,"href":"https:\/\/siulubangos.lt\/en\/wp-json\/wp\/v2\/media\/35006"}],"wp:attachment":[{"href":"https:\/\/siulubangos.lt\/en\/wp-json\/wp\/v2\/media?parent=34998"}],"wp:term":[{"taxonomy":"product_brand","embeddable":true,"href":"https:\/\/siulubangos.lt\/en\/wp-json\/wp\/v2\/product_brand?post=34998"},{"taxonomy":"product_cat","embeddable":true,"href":"https:\/\/siulubangos.lt\/en\/wp-json\/wp\/v2\/product_cat?post=34998"},{"taxonomy":"product_tag","embeddable":true,"href":"https:\/\/siulubangos.lt\/en\/wp-json\/wp\/v2\/product_tag?post=34998"}],"curies":[{"name":"wp","href":"https:\/\/api.w.org\/{rel}","templated":true}]}}