{"id":35057,"date":"2025-11-17T19:32:34","date_gmt":"2025-11-17T19:32:34","guid":{"rendered":"https:\/\/siulubangos.lt\/?post_type=product&#038;p=35057"},"modified":"2026-02-19T13:05:36","modified_gmt":"2026-02-19T11:05:36","slug":"chiaogoo-twist-lace-10-cm-rinkinys-2-75-10-mm","status":"publish","type":"product","link":"https:\/\/siulubangos.lt\/en\/parduotuve\/chiaogoo-twist-lace-10-cm-rinkinys-2-75-10-mm\/","title":{"rendered":"ChiaoGoo TWIST Lace 10 cm large screw-on needle set (2.75\u201310.00 mm)"},"content":{"rendered":"<h2><strong>Chiaogoo TWIST Lace prisukam\u0173 virbal\u0173 10 cm didelis rinkinys (2.75-10.00 mm)<\/strong><\/h2>\n<p>Rinkinys pateikiamas tvirtame, esteti\u0161kame d\u0117kle su pa\u017eym\u0117tais skyreliais, kad visi\u00a0 prisukami virbalai ir priedai b\u016bt\u0173 lengvai pasiekiami ir tvarkingai laikomi.<\/p>\n<h3><strong>The kit includes:<\/strong><\/h3>\n<ul>\n<li>Ner\u016bdijan\u010dio plieno prisukami virbalai (10 cm):<br \/>\nSmall: 2.75, 3.25, 3.50, 3.75, 4.00, 4.50, 5.00 mm<br \/>\nLarge: 5.50, 6.00, 6.50, 8.00, 9.00, 10.00 mm<\/li>\n<li>\u00a0Small 4 raudoni valai: 2 x 20, 35 ir 55 cm<\/li>\n<li>Large 4 raudoni valai: 2 x 20, 35 ir 55 cm<\/li>\n<li>Val\u0173 antgaliai (Small ir Large) po komplekt\u0105<\/li>\n<li>Jungtis valams prailginti ( Small ir Large )<\/li>\n<li>2 tightening wrenches<\/li>\n<li>Silikonin\u0119 \u0161irdel\u0119 virbal\u0173 u\u017etvirtinimui<\/li>\n<li>Eye markers<\/li>\n<li>Roving size gauge<\/li>\n<li>Convenient clip-on tray<\/li>\n<\/ul>\n<h3><strong>General information for all ChiaoGoo interchangeable cords<\/strong><\/h3>\n<p>TWIST and SPIN have the same thread size and are therefore compatible with each other. All screw-on bobbins and rollers are laser-marked with the corresponding thread size:<\/p>\n<p>M = MINI - suitable for cord sizes 1.50-2.50 mm (10 and 13 cm) and 1.50-3.25 mm (8 cm)<\/p>\n<p>S = Small (ma\u017eas) &#8211; tinka virbal\u0173 dyd\u017eiams 2.75-5.00 mm (10 ir 13 cm) ir 3.50-5.00 mm (8 cm)<\/p>\n<p>L = Large (didelis) &#8211; tinka virbal\u0173 dyd\u017eiams 5.50-10.00 mm (10 ir 13 cm)<\/p>\n<p>MINI serijos gaminiai nesuderinami su S ir L sriegio dyd\u017eiais, tod\u0117l visi MINI\u00a0 prisukami virbalai turi b\u016bti naudojami tik su MINI valais.<\/p>\n<p>Please note that the 10 cm and 13 cm MINI ropes are too long to be used with the 5 cm, 13 cm or 15 cm MINI ropes. They can be extended using the MINI roller connector.<\/p>\n<p>\u201eChiaoGoo\u201c taip pat si\u016blo adapterius, leid\u017eian\u010dius sujungti MINI, S ir L sriegio dyd\u017eio gaminius tarpusavyje.<\/p>\n<p>Exception:<br \/>\n\u201eChiaoGoo MINI SHORTIES\u201c\u00a0 prisukami virbalai (1.50-3.25 mm dyd\u017eio) yra suderinami tik su MINI sriegio gaminiais.<\/p>","protected":false},"excerpt":{"rendered":"<p><strong>ChiaoGoo TWIST Lace prisukam\u0173 virbal\u0173 10 cm didelis rinkinys<\/strong> &#8211; tai profesionalams ir m\u0117g\u0117jams skirtas auk\u0161tos kokyb\u0117s mezgimo rinkinys, kuriame rasite visus reikalingus virbal\u0173 dyd\u017eius ir priedus vienoje vietoje. A\u0161tr\u016bs ner\u016bdijan\u010dio plieno virbal\u0173 galiukai puikiai tinka a\u017e\u016brin\u0117ms detal\u0117ms, pyn\u0117ms ir tiksliam mezgimui. Lankst\u016bs, nesusisukantys raudoni valai su plieniniu pagrindu u\u017etikrina patog\u0173 ir skland\u0173 mezgim\u0105 be trukd\u017ei\u0173.<\/p>","protected":false},"featured_media":35060,"comment_status":"open","ping_status":"closed","template":"","meta":{"_acf_changed":false},"product_brand":[560],"product_cat":[61,466,455,527,505,507],"product_tag":[1257],"class_list":{"0":"post-35057","1":"product","2":"type-product","3":"status-publish","4":"has-post-thumbnail","6":"product_brand-chiaogoo","7":"product_cat-virbalai-vaseliai","8":"product_cat-chiaogoo-virbalai-vaseliai","9":"product_cat-gamintojas-virbalai-vaseliai","10":"product_cat-metaliniai","11":"product_cat-rinkiniai","12":"product_cat-virbalu-rinkiniai","13":"product_tag-chiaogoo","14":"pa_dydis-1-50-mm","15":"pa_dydis-1-75-mm","16":"pa_dydis-2-mm","17":"pa_dydis-2-25-mm","18":"pa_dydis-2-50-mm","19":"pa_dydis-2-75-mm","20":"pa_dydis-3-mm","21":"pa_dydis-3-25-mm","22":"pa_dydis-3-50-mm","23":"pa_dydis-3-75-mm","24":"pa_dydis-4-mm","25":"pa_dydis-4-50-mm","26":"pa_dydis-5-mm","27":"pa_dydis-5-50-mm","28":"pa_dydis-6-mm","29":"pa_dydis-6-50-mm","30":"pa_dydis-7-mm","31":"pa_dydis-7-50-mm","33":"first","34":"instock","35":"featured","36":"taxable","37":"shipping-taxable","38":"purchasable","39":"product-type-simple"},"acf":[],"_links":{"self":[{"href":"https:\/\/siulubangos.lt\/en\/wp-json\/wp\/v2\/product\/35057","targetHints":{"allow":["GET"]}}],"collection":[{"href":"https:\/\/siulubangos.lt\/en\/wp-json\/wp\/v2\/product"}],"about":[{"href":"https:\/\/siulubangos.lt\/en\/wp-json\/wp\/v2\/types\/product"}],"replies":[{"embeddable":true,"href":"https:\/\/siulubangos.lt\/en\/wp-json\/wp\/v2\/comments?post=35057"}],"version-history":[{"count":0,"href":"https:\/\/siulubangos.lt\/en\/wp-json\/wp\/v2\/product\/35057\/revisions"}],"wp:featuredmedia":[{"embeddable":true,"href":"https:\/\/siulubangos.lt\/en\/wp-json\/wp\/v2\/media\/35060"}],"wp:attachment":[{"href":"https:\/\/siulubangos.lt\/en\/wp-json\/wp\/v2\/media?parent=35057"}],"wp:term":[{"taxonomy":"product_brand","embeddable":true,"href":"https:\/\/siulubangos.lt\/en\/wp-json\/wp\/v2\/product_brand?post=35057"},{"taxonomy":"product_cat","embeddable":true,"href":"https:\/\/siulubangos.lt\/en\/wp-json\/wp\/v2\/product_cat?post=35057"},{"taxonomy":"product_tag","embeddable":true,"href":"https:\/\/siulubangos.lt\/en\/wp-json\/wp\/v2\/product_tag?post=35057"}],"curies":[{"name":"wp","href":"https:\/\/api.w.org\/{rel}","templated":true}]}}