{"id":35155,"date":"2025-11-18T11:27:44","date_gmt":"2025-11-18T11:27:44","guid":{"rendered":"https:\/\/siulubangos.lt\/?post_type=product&#038;p=35155"},"modified":"2026-01-08T16:07:53","modified_gmt":"2026-01-08T14:07:53","slug":"chiaogoo-adapteriai-prisukamiems-virbalams-l-s-s-m","status":"publish","type":"product","link":"https:\/\/siulubangos.lt\/en\/parduotuve\/chiaogoo-adapteriai-prisukamiems-virbalams-l-s-s-m\/","title":{"rendered":"ChiaoGoo adapteriai prisukamiems virbalams [L-S]; [S-M]"},"content":{"rendered":"<h2><strong>ChiaoGoo adapteriai prisukamiems virbalams [L-S]; [S-M]<\/strong><\/h2>\n<p>Jeigu naudojate S dyd\u017eio prisukamus virbalus, o j\u016bs\u0173 valas yra M dyd\u017eio, pasirinkite S-M adapter\u012f.<br \/>\nJeigu turite L dyd\u017eio virbalus ir S dyd\u017eio val\u0105, jums reikalingas L-S adapteris.<br \/>\nSvarbu: adapteriai veikia tik jungiant didesnio dyd\u017eio virbalus su ma\u017eesnio dyd\u017eio valais. Jungti ma\u017eesnius virbalus prie didesni\u0173 val\u0173 &#8211; ne\u012fmanoma.<\/p>\n<p>&nbsp;<\/p>\n<h3><strong>Bendra informacija, taikoma visiems ChiaoGoo kei\u010diamiems virbalams<\/strong><\/h3>\n<p>TWIST ir SPIN serijos gaminiai turi vienodo dyd\u017eio sriegius, tod\u0117l yra tarpusavyje suderinami. Visi virbalai ir valai yra lazeriu pa\u017eym\u0117ti atitinkamu sriegio dyd\u017eiu:<\/p>\n<p>M = MINI &#8211; tinka virbal\u0173 dyd\u017eiams 1.50-2.50 mm (10 ir 13 cm) ir 1.50-3.25 mm (8 cm)<\/p>\n<p>S = Small (ma\u017eas) &#8211; tinka virbal\u0173 dyd\u017eiams 2.75-5.00 mm (10 ir 13 cm) ir 3.50-5.00 mm (8 cm)<\/p>\n<p>L = Large (didelis) &#8211; tinka virbal\u0173 dyd\u017eiams 5.50-10.00 mm (10 ir 13 cm)<\/p>\n<p>MINI serijos gaminiai nesuderinami su S ir L sriegio dyd\u017eiais, tod\u0117l visi MINI virbalai turi b\u016bti naudojami tik su MINI valais.<\/p>\n<p>Atkreipkite d\u0117mes\u012f, kad 10 cm ir 13 cm ilgio MINI virbalai yra per ilgi, kad b\u016bt\u0173 naudojami su 5 cm, 13 cm ar 15 cm ilgio MINI valais. Jie gali b\u016bti prat\u0119siami naudojant MINI val\u0173 jungt\u012f (connector).<\/p>\n<p>\u201eChiaoGoo\u201c taip pat si\u016blo adapterius, leid\u017eian\u010dius sujungti MINI, S ir L sriegio dyd\u017eio gaminius tarpusavyje.<\/p>\n<p>I\u0161imtis:<br \/>\n\u201eChiaoGoo MINI SHORTIES\u201c virbalai(1.50-3.25 mm dyd\u017eio) yra suderinami tik su MINI sriegio gaminiais.<\/p>\n","protected":false},"excerpt":{"rendered":"<p>ChiaoGoo adapteriai prisukamiems virbalams pagaminti i\u0161 ner\u016bdijan\u010dio plieno, kuris leis pereiti nuo [S] prisukamo virbalo prie MINI valo. Ir nuo [L] prisukamo virbalo pereiti prie [S] valo.<\/p>\n<p>&nbsp;<\/p>\n","protected":false},"featured_media":35157,"comment_status":"open","ping_status":"closed","template":"","meta":{"_acf_changed":false},"product_brand":[560],"product_cat":[528,1258,529,569],"product_tag":[1257],"class_list":{"0":"post-35155","1":"product","2":"type-product","3":"status-publish","4":"has-post-thumbnail","6":"product_brand-chiaogoo","7":"product_cat-priemones-tipas","8":"product_cat-chiaogoo-kitos-priemones","9":"product_cat-gamintojas-kitos-priemones","10":"product_cat-jungtys-antgaliai-ir-kiti-priedai","11":"product_tag-chiaogoo","12":"pa_dydis-l-s","13":"pa_dydis-s-m","15":"first","16":"instock","17":"taxable","18":"shipping-taxable","19":"purchasable","20":"product-type-variable"},"acf":[],"_links":{"self":[{"href":"https:\/\/siulubangos.lt\/en\/wp-json\/wp\/v2\/product\/35155","targetHints":{"allow":["GET"]}}],"collection":[{"href":"https:\/\/siulubangos.lt\/en\/wp-json\/wp\/v2\/product"}],"about":[{"href":"https:\/\/siulubangos.lt\/en\/wp-json\/wp\/v2\/types\/product"}],"replies":[{"embeddable":true,"href":"https:\/\/siulubangos.lt\/en\/wp-json\/wp\/v2\/comments?post=35155"}],"version-history":[{"count":0,"href":"https:\/\/siulubangos.lt\/en\/wp-json\/wp\/v2\/product\/35155\/revisions"}],"wp:featuredmedia":[{"embeddable":true,"href":"https:\/\/siulubangos.lt\/en\/wp-json\/wp\/v2\/media\/35157"}],"wp:attachment":[{"href":"https:\/\/siulubangos.lt\/en\/wp-json\/wp\/v2\/media?parent=35155"}],"wp:term":[{"taxonomy":"product_brand","embeddable":true,"href":"https:\/\/siulubangos.lt\/en\/wp-json\/wp\/v2\/product_brand?post=35155"},{"taxonomy":"product_cat","embeddable":true,"href":"https:\/\/siulubangos.lt\/en\/wp-json\/wp\/v2\/product_cat?post=35155"},{"taxonomy":"product_tag","embeddable":true,"href":"https:\/\/siulubangos.lt\/en\/wp-json\/wp\/v2\/product_tag?post=35155"}],"curies":[{"name":"wp","href":"https:\/\/api.w.org\/{rel}","templated":true}]}}