{"id":35421,"date":"2025-11-19T17:16:44","date_gmt":"2025-11-19T17:16:44","guid":{"rendered":"https:\/\/siulubangos.lt\/?post_type=product&#038;p=35421"},"modified":"2026-04-07T22:23:52","modified_gmt":"2026-04-07T19:23:52","slug":"lana-gatto-vip-merino-vilna-kasmyras","status":"publish","type":"product","link":"https:\/\/siulubangos.lt\/en\/parduotuve\/lana-gatto-vip-merino-vilna-kasmyras\/","title":{"rendered":"Lana Gatto VIP (merino wool, cashmere)"},"content":{"rendered":"<h2><strong>Lana Gatto VIP (80% merino vilna, 20% ka\u0161myras)<\/strong><\/h2>\n<p><a href=\"https:\/\/siulubangos.lt\/wp-content\/uploads\/2025\/11\/vip2-rotated.jpg\"><img loading=\"lazy\" decoding=\"async\" class=\"alignnone  wp-image-41248\" src=\"https:\/\/siulubangos.lt\/wp-content\/uploads\/2025\/11\/vip2-rotated.jpg\" alt=\"\" width=\"560\" height=\"560\" title=\"\" srcset=\"https:\/\/siulubangos.lt\/wp-content\/uploads\/2025\/11\/vip2-rotated.jpg 1400w, https:\/\/siulubangos.lt\/wp-content\/uploads\/2025\/11\/vip2-300x300.jpg 300w, https:\/\/siulubangos.lt\/wp-content\/uploads\/2025\/11\/vip2-800x800.jpg 800w, https:\/\/siulubangos.lt\/wp-content\/uploads\/2025\/11\/vip2-150x150.jpg 150w, https:\/\/siulubangos.lt\/wp-content\/uploads\/2025\/11\/vip2-768x768.jpg 768w, https:\/\/siulubangos.lt\/wp-content\/uploads\/2025\/11\/vip2-600x600.jpg 600w, https:\/\/siulubangos.lt\/wp-content\/uploads\/2025\/11\/vip2-1200x1200.jpg 1200w\" sizes=\"auto, (max-width: 560px) 100vw, 560px\" \/><\/a><\/p>\n<p>Tai i\u0161skirtin\u0117s kokyb\u0117s verpalai, sukurti derinant <strong>itin plon\u0105, mink\u0161t\u0105 extra fine merino viln\u0105 ir nat\u016bral\u0173 ka\u0161myr\u0105<\/strong>. \u0160is derinys suteikia si\u016blams neprilygstam\u0105 \u0161velnum\u0105, \u0161ilum\u0105 ir komfort\u0105. Lana Gatto VIP yra b\u016btent tie si\u016blai, kurie mezgimo metu maloniai slysta tarp pir\u0161t\u0173, o u\u017ebaigtas mezginys tampa lengvas, \u0161velnus, tobulai priglundantis ir i\u0161laikantis form\u0105.<\/p>\n<p>VIP yra universal\u016bs si\u016blai, vaiki\u0161kiems drabu\u017eiams bei visiems projektams, kuriuose norisi ypatingo \u0161velnumo ir subtilios prabangos:<\/p>\n<ul>\n<li>megztukams ir liemen\u0117ms &#8211; lengvi, \u0161ilti, subtiliai priglundantys prie k\u016bno,<\/li>\n<li>kepur\u0117ms ir \u0161alikams, movoms, kaklaskar\u0117ms &#8211; suteikia mink\u0161tumo, komforto ir prabangos poj\u016bt\u012f,<\/li>\n<li>vaik\u0173 ir suaugusi\u0173j\u0173 mezginimas &#8211; idealiai tinka jautriai odai,<\/li>\n<li>ir visiems kitiems\u00a0 projektams, kuriuose norisi ypatingo \u0161velnumo ir subtilios prabangos.<\/li>\n<\/ul>\n<p><strong>Kod\u0117l verta rinktis Lana Gatto VIP verpalus?<\/strong><\/p>\n<ul>\n<li data-start=\"874\" data-end=\"983\"><strong data-start=\"876\" data-end=\"904\">Neprilygstamas \u0161velnumas<\/strong> &#8211; mezginiai mink\u0161ti, lengvi ir jauk\u016bs, tinka net k\u016bdikiams ir jautriai odai.<\/li>\n<li data-start=\"984\" data-end=\"1160\"><strong data-start=\"986\" data-end=\"1003\">Universalumas<\/strong> &#8211; tinka mezgimui rankomis, mezgimo ma\u0161inoms ir n\u0117rimui. Galima derinti su <strong data-start=\"1078\" data-end=\"1093\">Silk Mohair<\/strong> arba megzti dvejomis gijomis, kad i\u0161gauti pur\u0173, prabang\u0173 efekt\u0105.<\/li>\n<li data-start=\"1161\" data-end=\"1289\"><strong data-start=\"1163\" data-end=\"1198\">Eleganti\u0161ki ir lengvi mezginiai<\/strong> &#8211; nat\u016brali ka\u0161myro dalis suteikia \u0161ilumos, ta\u010diau mezginiai lieka lengvi ir eleganti\u0161ki.<\/li>\n<li data-start=\"1290\" data-end=\"1417\"><strong data-start=\"1292\" data-end=\"1311\">Itali\u0161ka kokyb\u0117<\/strong> &#8211; VIP atitinka auk\u0161\u010diausius standartus, u\u017etikrina ilgaam\u017ei\u0161kum\u0105, spalv\u0173 sodrum\u0105 ir malon\u0173 prisilietim\u0105.<\/li>\n<li data-start=\"1418\" data-end=\"1548\"><strong data-start=\"1420\" data-end=\"1440\">Puikus derinimas<\/strong> &#8211; puikiai dera su kitais plonais, \u0161velniais si\u016blais, suteikiant mezginiams papildom\u0105 strukt\u016br\u0105 ir apimt\u012f.<\/li>\n<\/ul>\n<p><strong>Knitwear care:<\/strong><\/p>\n<ul>\n<li>We recommend hand washing the threads,<\/li>\n<li>Naudokite vilnai skirt\u0105 ir \u0161veln\u0173 plovikl\u012f,<\/li>\n<li>Do not use softeners to avoid damaging the elasticity of the wool,<\/li>\n<li>After washing, dry on a flat surface to keep the knitted fabric in shape.<\/li>\n<\/ul>\n<p data-start=\"3025\" data-end=\"3137\">Atraskite <strong data-start=\"3035\" data-end=\"3049\">VIP <\/strong>si\u016blus ir leiskite savo k\u016brybai atsiskleisti su <strong data-start=\"3091\" data-end=\"3134\">i\u0161skirtine \u0161iluma, komfortu ir prabanga<\/strong>.<\/p>","protected":false},"excerpt":{"rendered":"<p><strong>Lana Gatto VIP<\/strong> &#8211; tai i\u0161skirtiniai auk\u0161tos klas\u0117s si\u016blai, kuriuose dera ypa\u010d \u0161velni merino vilna ir tikroji ka\u0161myro prabanga. \u0160i sud\u0117tis suteikia mezginiams nepakartojam\u0105 mink\u0161tum\u0105, \u0161ilum\u0105 bei lengvum\u0105, o mezgant rankose juntamas \u0161velnumas i\u0161kart leid\u017eia pajusti, kad tai &#8211; ypatingas si\u016blas. Puikiai dera kartu su SILK MOHAIR arba\u00a0 gali b\u016bti mezgama i\u0161 dviej\u0173 VIP gij\u0173.<\/p>\n<p><strong>Important!<\/strong> rinkit\u0117s ma\u017eesn\u012f virbalo dyd\u012f, nei rekomenduojama gamintojo.<\/p>","protected":false},"featured_media":41238,"comment_status":"open","ping_status":"closed","template":"","meta":{"_acf_changed":false},"product_brand":[759],"product_cat":[58,428,415,1524,419,453,492,429],"product_tag":[1501],"class_list":{"0":"post-35421","1":"product","2":"type-product","3":"status-publish","4":"has-post-thumbnail","6":"product_brand-lana-gatto","7":"product_cat-siulai-mezgimui","8":"product_cat-gamintojas","9":"product_cat-kasmyro-vilnos-siulai","10":"product_cat-lana-gatto-siulai","11":"product_cat-merino-vilnos-siulai","12":"product_cat-nuolaidos","13":"product_cat-prabangus-siulai","14":"product_cat-sudetis","15":"product_tag-lanagatto","16":"pa_pluostas-kasmyras","17":"pa_pluostas-merino-vilna","18":"pa_spalva-10001-vip","19":"pa_spalva-10011-vip","20":"pa_spalva-12246-vip","21":"pa_spalva-12504-vip","22":"pa_spalva-14562-vip","23":"pa_spalva-14603-vip","24":"pa_spalva-1500-vip","25":"pa_spalva-19994-vip","26":"pa_spalva-8435-vip","27":"pa_spalva-9358-vip","28":"pa_spalva-9360-vip","29":"pa_spalva-9363-vip","30":"pa_svoris-ilgis-50-g-200-m","32":"first","33":"instock","34":"sale","35":"taxable","36":"shipping-taxable","37":"purchasable","38":"product-type-variable"},"acf":[],"_links":{"self":[{"href":"https:\/\/siulubangos.lt\/en\/wp-json\/wp\/v2\/product\/35421","targetHints":{"allow":["GET"]}}],"collection":[{"href":"https:\/\/siulubangos.lt\/en\/wp-json\/wp\/v2\/product"}],"about":[{"href":"https:\/\/siulubangos.lt\/en\/wp-json\/wp\/v2\/types\/product"}],"replies":[{"embeddable":true,"href":"https:\/\/siulubangos.lt\/en\/wp-json\/wp\/v2\/comments?post=35421"}],"version-history":[{"count":0,"href":"https:\/\/siulubangos.lt\/en\/wp-json\/wp\/v2\/product\/35421\/revisions"}],"wp:featuredmedia":[{"embeddable":true,"href":"https:\/\/siulubangos.lt\/en\/wp-json\/wp\/v2\/media\/41238"}],"wp:attachment":[{"href":"https:\/\/siulubangos.lt\/en\/wp-json\/wp\/v2\/media?parent=35421"}],"wp:term":[{"taxonomy":"product_brand","embeddable":true,"href":"https:\/\/siulubangos.lt\/en\/wp-json\/wp\/v2\/product_brand?post=35421"},{"taxonomy":"product_cat","embeddable":true,"href":"https:\/\/siulubangos.lt\/en\/wp-json\/wp\/v2\/product_cat?post=35421"},{"taxonomy":"product_tag","embeddable":true,"href":"https:\/\/siulubangos.lt\/en\/wp-json\/wp\/v2\/product_tag?post=35421"}],"curies":[{"name":"wp","href":"https:\/\/api.w.org\/{rel}","templated":true}]}}