{"id":35497,"date":"2025-11-20T10:51:15","date_gmt":"2025-11-20T10:51:15","guid":{"rendered":"https:\/\/siulubangos.lt\/?post_type=product&#038;p=35497"},"modified":"2026-01-14T15:55:27","modified_gmt":"2026-01-14T13:55:27","slug":"lantern-moon-juodmedzio-prisukami-10-cm-mezgimo-virbalai-3-00-8-00-mm","status":"publish","type":"product","link":"https:\/\/siulubangos.lt\/en\/parduotuve\/lantern-moon-juodmedzio-prisukami-10-cm-mezgimo-virbalai-3-00-8-00-mm\/","title":{"rendered":"Lantern Moon ebony screw-on 10 cm knitting needles (3-8 mm)"},"content":{"rendered":"<h3><strong>Lantern Moon juodmed\u017eio prisukami\u00a0 10 cm mezgimo virbalai (3-8 mm)<\/strong><\/h3>\n<p><strong>Virbalai pasi\u017eymi:\u00a0<\/strong><\/p>\n<ul>\n<li>Idealiai lygiu, blizgiu pavir\u0161iumi &#8211; aki\u0173 slydimui be pasiprie\u0161inimo.<\/li>\n<li>Tobulai suformuotais smailais galais &#8211; tiksliam ir lengvam mezgimui.<\/li>\n<li>24 karat\u0173 auksu dengta \u017ealvario jungtimi &#8211; prabangai ir visi\u0161kai skland\u017eiam per\u0117jimui prie valo.<\/li>\n<li>Pritaikymu \u012fvairiems projektams &#8211; tinka tiek mezgimui ratu, tiek pirmyn-atgal.<\/li>\n<li>\u0160ios virbalai leid\u017eia greitai keisti virbal\u0173 stor\u012f ar valo ilg\u012f, tod\u0117l yra itin prakti\u0161ki tiek pradedantiesiems, tiek profesionalams.<\/li>\n<\/ul>","protected":false},"excerpt":{"rendered":"<p>Atraskite ypating\u0105 mezgimo patirt\u012f su Lantern Moon &#8211; rank\u0173 darbo ebeno medienos virbalais, kurie gars\u0117ja i\u0161skirtiniu tvirtumu, ilgaam\u017ei\u0161kumu ir nat\u016braliu eleganti\u0161kumu. Ebeno mediena yra itin kieta, stabili ir atspari skilimui, tod\u0117l virbalai patvar\u016bs ir malon\u016bs naudoti net intensyviai mezgant.<\/p>","protected":false},"featured_media":35498,"comment_status":"open","ping_status":"closed","template":"","meta":{"_acf_changed":false},"product_brand":[762],"product_cat":[526,513,61],"product_tag":[1480],"class_list":{"0":"post-35497","1":"product","2":"type-product","3":"status-publish","4":"has-post-thumbnail","6":"product_brand-lantern-moon","7":"product_cat-mediniai","8":"product_cat-10-cm-prisukami-virbalai","9":"product_cat-virbalai-vaseliai","10":"product_tag-lanternmoon","11":"pa_dydis-3-mm","12":"pa_dydis-3-25-mm","13":"pa_dydis-3-50-mm","14":"pa_dydis-3-75-mm","15":"pa_dydis-4-mm","16":"pa_dydis-4-50-mm","17":"pa_dydis-5-mm","18":"pa_dydis-5-50-mm","19":"pa_dydis-6-mm","20":"pa_dydis-6-50-mm","21":"pa_dydis-7-mm","22":"pa_dydis-8-mm","23":"pa_ilgis-10-cm","25":"first","26":"instock","27":"taxable","28":"shipping-taxable","29":"purchasable","30":"product-type-variable"},"acf":[],"_links":{"self":[{"href":"https:\/\/siulubangos.lt\/en\/wp-json\/wp\/v2\/product\/35497","targetHints":{"allow":["GET"]}}],"collection":[{"href":"https:\/\/siulubangos.lt\/en\/wp-json\/wp\/v2\/product"}],"about":[{"href":"https:\/\/siulubangos.lt\/en\/wp-json\/wp\/v2\/types\/product"}],"replies":[{"embeddable":true,"href":"https:\/\/siulubangos.lt\/en\/wp-json\/wp\/v2\/comments?post=35497"}],"version-history":[{"count":0,"href":"https:\/\/siulubangos.lt\/en\/wp-json\/wp\/v2\/product\/35497\/revisions"}],"wp:featuredmedia":[{"embeddable":true,"href":"https:\/\/siulubangos.lt\/en\/wp-json\/wp\/v2\/media\/35498"}],"wp:attachment":[{"href":"https:\/\/siulubangos.lt\/en\/wp-json\/wp\/v2\/media?parent=35497"}],"wp:term":[{"taxonomy":"product_brand","embeddable":true,"href":"https:\/\/siulubangos.lt\/en\/wp-json\/wp\/v2\/product_brand?post=35497"},{"taxonomy":"product_cat","embeddable":true,"href":"https:\/\/siulubangos.lt\/en\/wp-json\/wp\/v2\/product_cat?post=35497"},{"taxonomy":"product_tag","embeddable":true,"href":"https:\/\/siulubangos.lt\/en\/wp-json\/wp\/v2\/product_tag?post=35497"}],"curies":[{"name":"wp","href":"https:\/\/api.w.org\/{rel}","templated":true}]}}