{"id":35553,"date":"2025-11-20T12:28:28","date_gmt":"2025-11-20T12:28:28","guid":{"rendered":"https:\/\/siulubangos.lt\/?post_type=product&#038;p=35553"},"modified":"2026-04-17T11:18:53","modified_gmt":"2026-04-17T08:18:53","slug":"chiaogoo-valu-connectors-2-pcs","status":"publish","type":"product","link":"https:\/\/siulubangos.lt\/en\/parduotuve\/chiaogoo-valu-jungtys-2-vnt\/","title":{"rendered":"ChiaoGoo interchangeable needle tips (M, S, L) pack of (2 pcs)"},"content":{"rendered":"<h2><strong>ChiaoGoo val\u0173 jungtys [M]; [S]; [L] dyd\u017eio<\/strong><\/h2>\n<p>Su ChiaoGoo val\u0173 jungtimis galite sujungti kelis ChiaoGoo valus ir sukurti dar ilgesn\u0119 val\u0105. \u0160ios jungtys tinka tik tiems valams, kurie turi vienod\u0105 sriegio dyd\u012f.<\/p>\n<h3><strong>Bendra informacija, taikoma visiems ChiaoGoo kei\u010diamiems virbalams<\/strong><\/h3>\n<p>TWIST ir SPIN serijos gaminiai turi vienodo dyd\u017eio sriegius, tod\u0117l yra tarpusavyje suderinami. Visi prisukami virbalai ir valai yra lazeriu pa\u017eym\u0117ti atitinkamu sriegio dyd\u017eiu:<\/p>\n<p>M = MINI &#8211; tinka virbal\u0173 dyd\u017eiams 1.50-2.50 mm (10 ir 13 cm) ir 1.50-3.25 mm (8 cm)<\/p>\n<p>S = Small (ma\u017eas) &#8211; tinka virbal\u0173 dyd\u017eiams 2.75-5.0 mm (10 ir 13 cm) ir 3.50-5.0 mm (8 cm)<\/p>\n<p>L = Large (didelis) &#8211; tinka virbal\u0173 dyd\u017eiams 5.50-10.0 mm (10 ir 13 cm)<\/p>\n<p>MINI serijos gaminiai nesuderinami su S ir L sriegio dyd\u017eiais, tod\u0117l visi MINI prisukami virbalai turi b\u016bti naudojami tik su MINI valais.<\/p>\n<p>Atkreipkite d\u0117mes\u012f, kad 10 cm ir 13 cm ilgio MINI prisukami virbalai yra per ilgi, kad b\u016bt\u0173 naudojami su 5 cm, 13 cm ar 15 cm ilgio MINI valais. Jie gali b\u016bti prat\u0119siami naudojant MINI val\u0173 jungt\u012f (connector).<\/p>\n<p>ChiaoGoo taip pat si\u016blo adapterius, leid\u017eian\u010dius sujungti MINI, S ir L sriegio dyd\u017eio gaminius tarpusavyje.<\/p>\n<p>I\u0161imtis:<br \/>\nChiaoGoo MINI SHORTIES prisukami virbalai (1.50-3.25 mm dyd\u017eio) yra suderinami tik su MINI sriegio gaminiais.<\/p>\n","protected":false},"excerpt":{"rendered":"<p>With the ChiaoGoo Wave Connectors, you can connect multiple ChiaoGoo waves to create an even longer wave. These connectors are only suitable for wales that have the same thread size.<\/p>\n<p>The connectors are made of stainless steel. 2 pcs.<\/p>\n<p>&nbsp;<\/p>","protected":false},"featured_media":35554,"template":"","meta":{"_acf_changed":false},"product_brand":[560],"product_cat":[528,1258,529,569],"product_tag":[1257],"class_list":{"0":"post-35553","1":"product","2":"type-product","3":"status-publish","4":"has-post-thumbnail","6":"product_brand-chiaogoo","7":"product_cat-priemones-tipas","8":"product_cat-chiaogoo-kitos-priemones","9":"product_cat-gamintojas-kitos-priemones","10":"product_cat-jungtys-antgaliai-ir-kiti-priedai","11":"product_tag-chiaogoo","12":"pa_dydis-l-2","13":"pa_dydis-m","14":"pa_dydis-s-2","16":"first","17":"instock","18":"taxable","19":"shipping-taxable","20":"purchasable","21":"product-type-variable"},"acf":[],"_links":{"self":[{"href":"https:\/\/siulubangos.lt\/en\/wp-json\/wp\/v2\/product\/35553","targetHints":{"allow":["GET"]}}],"collection":[{"href":"https:\/\/siulubangos.lt\/en\/wp-json\/wp\/v2\/product"}],"about":[{"href":"https:\/\/siulubangos.lt\/en\/wp-json\/wp\/v2\/types\/product"}],"version-history":[{"count":0,"href":"https:\/\/siulubangos.lt\/en\/wp-json\/wp\/v2\/product\/35553\/revisions"}],"wp:featuredmedia":[{"embeddable":true,"href":"https:\/\/siulubangos.lt\/en\/wp-json\/wp\/v2\/media\/35554"}],"wp:attachment":[{"href":"https:\/\/siulubangos.lt\/en\/wp-json\/wp\/v2\/media?parent=35553"}],"wp:term":[{"taxonomy":"product_brand","embeddable":true,"href":"https:\/\/siulubangos.lt\/en\/wp-json\/wp\/v2\/product_brand?post=35553"},{"taxonomy":"product_cat","embeddable":true,"href":"https:\/\/siulubangos.lt\/en\/wp-json\/wp\/v2\/product_cat?post=35553"},{"taxonomy":"product_tag","embeddable":true,"href":"https:\/\/siulubangos.lt\/en\/wp-json\/wp\/v2\/product_tag?post=35553"}],"curies":[{"name":"wp","href":"https:\/\/api.w.org\/{rel}","templated":true}]}}