{"id":35557,"date":"2025-11-20T12:37:57","date_gmt":"2025-11-20T12:37:57","guid":{"rendered":"https:\/\/siulubangos.lt\/?post_type=product&#038;p=35557"},"modified":"2026-04-16T15:26:16","modified_gmt":"2026-04-16T12:26:16","slug":"chiaogoo-valu-antgaliai","status":"publish","type":"product","link":"https:\/\/siulubangos.lt\/en\/parduotuve\/chiaogoo-valu-antgaliai\/","title":{"rendered":"ChiaoGoo interchangeable needle tips \u2013 M, S, L sizes (2 pcs)"},"content":{"rendered":"<h2><strong>ChiaoGoo val\u0173 antgaliai &#8211; M, S, L dyd\u017eiai<\/strong><\/h2>\n<p>U\u017efiksuokite ChiaoGoo valus su antgaliais, kai norite naudoti prisukamus virbalus kitam mezginiui. Tai apsaugo nuo aki\u0173 nuslydimo nuo valo. Taip pat patogu, kai norite pasimatuoti mezgam\u0105 gamin\u012f.<\/p>\n<p>&nbsp;<\/p>\n<h3><strong>General information for all ChiaoGoo interchangeable cords<\/strong><\/h3>\n<p>TWIST and SPIN have the same thread size and are therefore compatible with each other. All screw-on bobbins and rollers are laser-marked with the corresponding thread size:<\/p>\n<p>M = MINI -tinka virbal\u0173 dyd\u017eiams 1.50-2.50 mm (10 ir 13 cm) ir 1.50-3.25 mm (8 cm)<\/p>\n<p>S = Small - suitable for cord sizes 2.75-5.0 mm (10 and 13 cm) and 3.50-5.0 mm (8 cm)<\/p>\n<p>L = Large (didelis) -tinka virbal\u0173 dyd\u017eiams 5.50-10.0 mm (10 ir 13 cm)<\/p>\n<p>The MINI series is not compatible with S and L thread sizes, so all MINI screw-in shafts must be used with MINI shafts only.<\/p>\n<p>Please note that the 10 cm and 13 cm MINI screw-on rope is too long to be used with the 5 cm, 13 cm or 15 cm MINI rolls. They can be extended using the MINI roller connector.<\/p>\n<p>ChiaoGoo also offers adapters to connect MINI, S and L thread sizes to each other.<\/p>\n<p>Exception:<br \/>\nChiaoGoo MINI SHORTIES screw-on rope shanks (size 1.50-3.25 mm) are only compatible with MINI thread products.<\/p>","protected":false},"excerpt":{"rendered":"<p>U\u017efiksuokite ChiaoGoo valus su antgaliais, kai norite naudoti virbalus kitam mezginiui. Tai apsaugo nuo aki\u0173 puslydimo nuo valo. Taip pat patogu, kai norite pasimatuoti mezgam\u0105 gamin\u012f. Ypatingai patogu mezgant nuo vir\u0161aus, kai reikia atidalinti rankoves nuo k\u016bno dalies. \u00a0Komplekte yra 2 vnt.<\/p>\n<p>&nbsp;<\/p>","protected":false},"featured_media":35558,"comment_status":"open","ping_status":"closed","template":"","meta":{"_acf_changed":false},"product_brand":[560],"product_cat":[528,1258,529,569],"product_tag":[1257],"class_list":{"0":"post-35557","1":"product","2":"type-product","3":"status-publish","4":"has-post-thumbnail","6":"product_brand-chiaogoo","7":"product_cat-priemones-tipas","8":"product_cat-chiaogoo-kitos-priemones","9":"product_cat-gamintojas-kitos-priemones","10":"product_cat-jungtys-antgaliai-ir-kiti-priedai","11":"product_tag-chiaogoo","12":"pa_dydis-l-2","13":"pa_dydis-m","14":"pa_dydis-s-2","16":"first","17":"instock","18":"taxable","19":"shipping-taxable","20":"purchasable","21":"product-type-variable"},"acf":[],"_links":{"self":[{"href":"https:\/\/siulubangos.lt\/en\/wp-json\/wp\/v2\/product\/35557","targetHints":{"allow":["GET"]}}],"collection":[{"href":"https:\/\/siulubangos.lt\/en\/wp-json\/wp\/v2\/product"}],"about":[{"href":"https:\/\/siulubangos.lt\/en\/wp-json\/wp\/v2\/types\/product"}],"replies":[{"embeddable":true,"href":"https:\/\/siulubangos.lt\/en\/wp-json\/wp\/v2\/comments?post=35557"}],"version-history":[{"count":0,"href":"https:\/\/siulubangos.lt\/en\/wp-json\/wp\/v2\/product\/35557\/revisions"}],"wp:featuredmedia":[{"embeddable":true,"href":"https:\/\/siulubangos.lt\/en\/wp-json\/wp\/v2\/media\/35558"}],"wp:attachment":[{"href":"https:\/\/siulubangos.lt\/en\/wp-json\/wp\/v2\/media?parent=35557"}],"wp:term":[{"taxonomy":"product_brand","embeddable":true,"href":"https:\/\/siulubangos.lt\/en\/wp-json\/wp\/v2\/product_brand?post=35557"},{"taxonomy":"product_cat","embeddable":true,"href":"https:\/\/siulubangos.lt\/en\/wp-json\/wp\/v2\/product_cat?post=35557"},{"taxonomy":"product_tag","embeddable":true,"href":"https:\/\/siulubangos.lt\/en\/wp-json\/wp\/v2\/product_tag?post=35557"}],"curies":[{"name":"wp","href":"https:\/\/api.w.org\/{rel}","templated":true}]}}