{"id":36394,"date":"2026-01-09T14:27:50","date_gmt":"2026-01-09T12:27:50","guid":{"rendered":"https:\/\/siulubangos.lt\/?post_type=product&#038;p=36394"},"modified":"2026-02-26T15:25:55","modified_gmt":"2026-02-26T13:25:55","slug":"laines-du-nord-dolly-fine-merino-vilna","status":"publish","type":"product","link":"https:\/\/siulubangos.lt\/en\/parduotuve\/laines-du-nord-dolly-fine-merino-vilna\/","title":{"rendered":"Laines Du Nord DOLLY BABY (100% merino wool)"},"content":{"rendered":"<h3><strong>Laines Du Nord DOLLY BABY (100% merino wool)<\/strong><\/h3>\n<p>Merino vilna pasi\u017eymi puikiomis termoreguliacin\u0117mis savyb\u0117mis &#8211; ji \u0161ildo, kai v\u0117su ir leid\u017eia odai kv\u0117puoti, kai \u0161il\u010diau. D\u0117l to DOLLY BABY tinka tiek i\u0161tisus metus ne\u0161iojamiems drabu\u017eiams, tiek sluoksniavimui. Si\u016blas yra malonus liesti, neerzina odos ir puikiai tinka mezginiams, kurie lie\u010diasi tiesiogiai prie k\u016bno.<\/p>\n<p>Plonas si\u016blo storis leid\u017eia i\u0161gauti itin subtilius ra\u0161tus, tod\u0117l DOLLY BABY ypa\u010d m\u0117gstamas n\u0117rini\u0173, a\u017e\u016brini\u0173 ra\u0161t\u0173 ir minimalistini\u0173 dizain\u0173 mezgimui. Taip pat jis puikiai tinka naudoti kartu su kitu si\u016blu (pvz., moheriu ir \u0161ilku), suteikiant mezginiui daugiau apimties, mink\u0161tumo ar tekst\u016bros.<\/p>\n<p><strong>IMPORTANT! <\/strong>Mulesing-free technologija &#8211; tai draugi\u0161kas aplinkai vilnos surinkimo b\u016bdas, kai vilnos sluoksnis nuimamas nepa\u017eeid\u017eiant odos ir ne\u017ealojant gyv\u016bno.<\/p>\n<p>&nbsp;<\/p>\n<p>&nbsp;<\/p>","protected":false},"excerpt":{"rendered":"<p>Laines Du Nord DOLLY BABY &#8211; tai auk\u0161tos kokyb\u0117s, itin plonas 100% extrafine merino vilnos si\u016blas, skirtas lengviems, eleganti\u0161kiems ir precizi\u0161kiems mezginimas. D\u0117l smulkaus pluo\u0161to ir tolygios strukt\u016bros \u0161is si\u016blas suteikia mezginiams i\u0161skirtin\u012f \u0161velnum\u0105, lengvum\u0105 ir esteti\u0161k\u0105, tvarking\u0105 vaizd\u0105.<\/p>","protected":false},"featured_media":36769,"comment_status":"open","ping_status":"closed","template":"","meta":{"_acf_changed":false},"product_brand":[1638],"product_cat":[58,428,1647,419,486,490,429],"product_tag":[1634],"class_list":{"0":"post-36394","1":"product","2":"type-product","3":"status-publish","4":"has-post-thumbnail","6":"product_brand-laines-du-nord","7":"product_cat-siulai-mezgimui","8":"product_cat-gamintojas","9":"product_cat-laines-du-nord-siulai","10":"product_cat-merino-vilnos-siulai","11":"product_cat-savybe","12":"product_cat-siulai-kudikiams","13":"product_cat-sudetis","14":"product_tag-lainesdunord","15":"pa_spalva-dolly-baby-15-ledo-melyna","16":"pa_spalva-dolly-baby-16-skaisti-melyna","17":"pa_spalva-dolly-baby-2-naturali-balta","18":"pa_spalva-dolly-baby-201-rusvai-zalsva","19":"pa_spalva-dolly-baby-206-dzinso-melyna","20":"pa_spalva-dolly-baby-210-sendinta-metine","21":"pa_spalva-dolly-baby-211-alyvine","22":"pa_spalva-dolly-baby-213-ametisto","23":"pa_spalva-dolly-baby-226-fukcija","24":"pa_spalva-dolly-baby-228-raudona","25":"pa_spalva-dolly-baby-37-tamsi-melyna","26":"pa_spalva-dolly-baby-4-sviesi-geltona","27":"pa_spalva-dolly-baby-411-sviesi-rusva","28":"pa_spalva-dolly-baby-444-sviesi-pilka","29":"pa_spalva-dolly-baby-5-sviesi-rozine","30":"pa_spalva-dolly-baby-59-rusva","31":"pa_spalva-dolly-baby-705-juoda","32":"pa_spalva-dolly-baby-82-sodri-raudona","33":"pa_spalva-dolly-baby-906-rozine","34":"pa_spalva-dolly-baby-908-dangaus-melyna","35":"pa_svoris-ilgis-50-g-233-m","37":"first","38":"instock","39":"taxable","40":"shipping-taxable","41":"purchasable","42":"product-type-variable"},"acf":[],"_links":{"self":[{"href":"https:\/\/siulubangos.lt\/en\/wp-json\/wp\/v2\/product\/36394","targetHints":{"allow":["GET"]}}],"collection":[{"href":"https:\/\/siulubangos.lt\/en\/wp-json\/wp\/v2\/product"}],"about":[{"href":"https:\/\/siulubangos.lt\/en\/wp-json\/wp\/v2\/types\/product"}],"replies":[{"embeddable":true,"href":"https:\/\/siulubangos.lt\/en\/wp-json\/wp\/v2\/comments?post=36394"}],"version-history":[{"count":0,"href":"https:\/\/siulubangos.lt\/en\/wp-json\/wp\/v2\/product\/36394\/revisions"}],"wp:featuredmedia":[{"embeddable":true,"href":"https:\/\/siulubangos.lt\/en\/wp-json\/wp\/v2\/media\/36769"}],"wp:attachment":[{"href":"https:\/\/siulubangos.lt\/en\/wp-json\/wp\/v2\/media?parent=36394"}],"wp:term":[{"taxonomy":"product_brand","embeddable":true,"href":"https:\/\/siulubangos.lt\/en\/wp-json\/wp\/v2\/product_brand?post=36394"},{"taxonomy":"product_cat","embeddable":true,"href":"https:\/\/siulubangos.lt\/en\/wp-json\/wp\/v2\/product_cat?post=36394"},{"taxonomy":"product_tag","embeddable":true,"href":"https:\/\/siulubangos.lt\/en\/wp-json\/wp\/v2\/product_tag?post=36394"}],"curies":[{"name":"wp","href":"https:\/\/api.w.org\/{rel}","templated":true}]}}